{"id":10380,"date":"2025-06-29T13:18:03","date_gmt":"2025-06-29T11:18:03","guid":{"rendered":"https:\/\/uj.adatbank.ro\/lexikon\/termek\/imreh-janos\/"},"modified":"2025-06-29T13:18:03","modified_gmt":"2025-06-29T11:18:03","slug":"imreh-janos","status":"publish","type":"product","link":"https:\/\/uj.adatbank.ro\/lexikon\/termek\/imreh-janos\/","title":{"rendered":"IMREH J\u00e1nos"},"content":{"rendered":"<p>? \u2020\u00a0?: iparos. \u2013 Els\u0151 eln\u00f6ke a Sz\u00e1szr\u00e9gen Iparos Polg\u00e1rai Kis Olvas\u00f3k\u00f6re \/a Sz\u00e1szr\u00e9geni M. Iparosok Olvas\u00f3k\u00f6re (alakul\u00e1sa 1902). <br \/><strong>Irod.:<\/strong> B\u00edr\u00f3 Don\u00e1t<\/br><\/p>\n","protected":false},"excerpt":{"rendered":"<p>? \u2020\u00a0?: iparos. \u2013 Els\u0151 eln\u00f6ke a Sz\u00e1szr\u00e9gen Iparos Polg\u00e1rai Kis Olvas\u00f3k\u00f6re \/a Sz\u00e1szr\u00e9geni M. Iparosok Olvas\u00f3k\u00f6re (alakul\u00e1sa 1902). Irod.: B\u00edr\u00f3 Don\u00e1t<\/p>\n","protected":false},"featured_media":0,"comment_status":"open","ping_status":"closed","template":"","meta":[],"product_brand":[],"product_cat":[137],"product_tag":[],"class_list":{"0":"post-10380","1":"product","2":"type-product","3":"status-publish","5":"product_cat-maros-megyei-eletrajzi-lexikon","7":"first","8":"instock","9":"shipping-taxable","10":"product-type-simple"},"_links":{"self":[{"href":"https:\/\/uj.adatbank.ro\/lexikon\/wp-json\/wp\/v2\/product\/10380","targetHints":{"allow":["GET"]}}],"collection":[{"href":"https:\/\/uj.adatbank.ro\/lexikon\/wp-json\/wp\/v2\/product"}],"about":[{"href":"https:\/\/uj.adatbank.ro\/lexikon\/wp-json\/wp\/v2\/types\/product"}],"replies":[{"embeddable":true,"href":"https:\/\/uj.adatbank.ro\/lexikon\/wp-json\/wp\/v2\/comments?post=10380"}],"wp:attachment":[{"href":"https:\/\/uj.adatbank.ro\/lexikon\/wp-json\/wp\/v2\/media?parent=10380"}],"wp:term":[{"taxonomy":"product_brand","embeddable":true,"href":"https:\/\/uj.adatbank.ro\/lexikon\/wp-json\/wp\/v2\/product_brand?post=10380"},{"taxonomy":"product_cat","embeddable":true,"href":"https:\/\/uj.adatbank.ro\/lexikon\/wp-json\/wp\/v2\/product_cat?post=10380"},{"taxonomy":"product_tag","embeddable":true,"href":"https:\/\/uj.adatbank.ro\/lexikon\/wp-json\/wp\/v2\/product_tag?post=10380"}],"curies":[{"name":"wp","href":"https:\/\/api.w.org\/{rel}","templated":true}]}}