{"id":10381,"date":"2025-06-29T13:18:05","date_gmt":"2025-06-29T11:18:05","guid":{"rendered":"https:\/\/uj.adatbank.ro\/lexikon\/termek\/imreh-jozsef\/"},"modified":"2025-06-29T13:18:05","modified_gmt":"2025-06-29T11:18:05","slug":"imreh-jozsef","status":"publish","type":"product","link":"https:\/\/uj.adatbank.ro\/lexikon\/termek\/imreh-jozsef\/","title":{"rendered":"IMREH J\u00f3zsef"},"content":{"rendered":"<p>Ny\u00e1r\u00e1dkar\u00e1csonfalva, 1906., \u2020\u00a0?: k\u00f6zs\u00e9gi \u00edrnok. \u2013 Fels\u0151kereskedelmi iskolai \u00e9retts\u00e9git tett, Havadon k\u00f6zjegyz\u0151 \u00e9s \u00edrnok (1940\u2013). <br \/><strong>Irod.:<\/strong> Sz\u00e9kelyf\u00f6ld \u00ed. k.<\/br><\/p>\n","protected":false},"excerpt":{"rendered":"<p>Ny\u00e1r\u00e1dkar\u00e1csonfalva, 1906., \u2020\u00a0?: k\u00f6zs\u00e9gi \u00edrnok. \u2013 Fels\u0151kereskedelmi iskolai \u00e9retts\u00e9git tett, Havadon k\u00f6zjegyz\u0151 \u00e9s \u00edrnok (1940\u2013). Irod.: Sz\u00e9kelyf\u00f6ld \u00ed. k.<\/p>\n","protected":false},"featured_media":0,"comment_status":"open","ping_status":"closed","template":"","meta":[],"product_brand":[],"product_cat":[137],"product_tag":[],"class_list":{"0":"post-10381","1":"product","2":"type-product","3":"status-publish","5":"product_cat-maros-megyei-eletrajzi-lexikon","7":"first","8":"instock","9":"shipping-taxable","10":"product-type-simple"},"_links":{"self":[{"href":"https:\/\/uj.adatbank.ro\/lexikon\/wp-json\/wp\/v2\/product\/10381","targetHints":{"allow":["GET"]}}],"collection":[{"href":"https:\/\/uj.adatbank.ro\/lexikon\/wp-json\/wp\/v2\/product"}],"about":[{"href":"https:\/\/uj.adatbank.ro\/lexikon\/wp-json\/wp\/v2\/types\/product"}],"replies":[{"embeddable":true,"href":"https:\/\/uj.adatbank.ro\/lexikon\/wp-json\/wp\/v2\/comments?post=10381"}],"wp:attachment":[{"href":"https:\/\/uj.adatbank.ro\/lexikon\/wp-json\/wp\/v2\/media?parent=10381"}],"wp:term":[{"taxonomy":"product_brand","embeddable":true,"href":"https:\/\/uj.adatbank.ro\/lexikon\/wp-json\/wp\/v2\/product_brand?post=10381"},{"taxonomy":"product_cat","embeddable":true,"href":"https:\/\/uj.adatbank.ro\/lexikon\/wp-json\/wp\/v2\/product_cat?post=10381"},{"taxonomy":"product_tag","embeddable":true,"href":"https:\/\/uj.adatbank.ro\/lexikon\/wp-json\/wp\/v2\/product_tag?post=10381"}],"curies":[{"name":"wp","href":"https:\/\/api.w.org\/{rel}","templated":true}]}}