{"id":10382,"date":"2025-06-29T13:18:07","date_gmt":"2025-06-29T11:18:07","guid":{"rendered":"https:\/\/uj.adatbank.ro\/lexikon\/termek\/imreh-lajosne-papp-iren\/"},"modified":"2025-06-29T13:18:07","modified_gmt":"2025-06-29T11:18:07","slug":"imreh-lajosne-papp-iren","status":"publish","type":"product","link":"https:\/\/uj.adatbank.ro\/lexikon\/termek\/imreh-lajosne-papp-iren\/","title":{"rendered":"IMREH Lajosn\u00e9, Papp Ir\u00e9n"},"content":{"rendered":"<p>1942.?, \u2020\u00a0Mez\u0151cs\u00e1v\u00e1s, 2009. j\u00fal. 1.: f\u00e9nyk\u00e9p\u00e9sz. \u2013 A mv.-i Igiena sz\u00f6vetkezet volt f\u00e9nyk\u00e9p\u00e9sze. <br \/><strong>Irod.:<\/strong> [Nekrol\u00f3g] (N\u00fa., 2009. j\u00fal. 3.)<\/br><\/p>\n","protected":false},"excerpt":{"rendered":"<p>1942.?, \u2020\u00a0Mez\u0151cs\u00e1v\u00e1s, 2009. j\u00fal. 1.: f\u00e9nyk\u00e9p\u00e9sz. \u2013 A mv.-i Igiena sz\u00f6vetkezet volt f\u00e9nyk\u00e9p\u00e9sze. Irod.: [Nekrol\u00f3g] (N\u00fa., 2009. j\u00fal. 3.)<\/p>\n","protected":false},"featured_media":0,"comment_status":"open","ping_status":"closed","template":"","meta":[],"product_brand":[],"product_cat":[137],"product_tag":[],"class_list":{"0":"post-10382","1":"product","2":"type-product","3":"status-publish","5":"product_cat-maros-megyei-eletrajzi-lexikon","7":"first","8":"instock","9":"shipping-taxable","10":"product-type-simple"},"_links":{"self":[{"href":"https:\/\/uj.adatbank.ro\/lexikon\/wp-json\/wp\/v2\/product\/10382","targetHints":{"allow":["GET"]}}],"collection":[{"href":"https:\/\/uj.adatbank.ro\/lexikon\/wp-json\/wp\/v2\/product"}],"about":[{"href":"https:\/\/uj.adatbank.ro\/lexikon\/wp-json\/wp\/v2\/types\/product"}],"replies":[{"embeddable":true,"href":"https:\/\/uj.adatbank.ro\/lexikon\/wp-json\/wp\/v2\/comments?post=10382"}],"wp:attachment":[{"href":"https:\/\/uj.adatbank.ro\/lexikon\/wp-json\/wp\/v2\/media?parent=10382"}],"wp:term":[{"taxonomy":"product_brand","embeddable":true,"href":"https:\/\/uj.adatbank.ro\/lexikon\/wp-json\/wp\/v2\/product_brand?post=10382"},{"taxonomy":"product_cat","embeddable":true,"href":"https:\/\/uj.adatbank.ro\/lexikon\/wp-json\/wp\/v2\/product_cat?post=10382"},{"taxonomy":"product_tag","embeddable":true,"href":"https:\/\/uj.adatbank.ro\/lexikon\/wp-json\/wp\/v2\/product_tag?post=10382"}],"curies":[{"name":"wp","href":"https:\/\/api.w.org\/{rel}","templated":true}]}}