{"id":10384,"date":"2025-06-29T13:18:10","date_gmt":"2025-06-29T11:18:10","guid":{"rendered":"https:\/\/uj.adatbank.ro\/lexikon\/termek\/imreh-peter-mezofelei\/"},"modified":"2025-06-29T13:18:10","modified_gmt":"2025-06-29T11:18:10","slug":"imreh-peter-mezofelei","status":"publish","type":"product","link":"https:\/\/uj.adatbank.ro\/lexikon\/termek\/imreh-peter-mezofelei\/","title":{"rendered":"IMREH P\u00e9ter, mez\u0151felei"},"content":{"rendered":"<p>? \u2020\u00a0?: l\u00f3f\u0151. \u2013 A csal\u00e1db\u00f3l els\u0151, aki rimipilusi levelet (l\u00f3f\u0151s\u00e9get) nyert (1655. j\u00fan. 28.). <br \/><strong>Irod.:<\/strong> Kempelen; P\u00e1lmay<\/br><\/p>\n","protected":false},"excerpt":{"rendered":"<p>? \u2020\u00a0?: l\u00f3f\u0151. \u2013 A csal\u00e1db\u00f3l els\u0151, aki rimipilusi levelet (l\u00f3f\u0151s\u00e9get) nyert (1655. j\u00fan. 28.). Irod.: Kempelen; P\u00e1lmay<\/p>\n","protected":false},"featured_media":0,"comment_status":"open","ping_status":"closed","template":"","meta":[],"product_brand":[],"product_cat":[137],"product_tag":[],"class_list":{"0":"post-10384","1":"product","2":"type-product","3":"status-publish","5":"product_cat-maros-megyei-eletrajzi-lexikon","7":"first","8":"instock","9":"shipping-taxable","10":"product-type-simple"},"_links":{"self":[{"href":"https:\/\/uj.adatbank.ro\/lexikon\/wp-json\/wp\/v2\/product\/10384","targetHints":{"allow":["GET"]}}],"collection":[{"href":"https:\/\/uj.adatbank.ro\/lexikon\/wp-json\/wp\/v2\/product"}],"about":[{"href":"https:\/\/uj.adatbank.ro\/lexikon\/wp-json\/wp\/v2\/types\/product"}],"replies":[{"embeddable":true,"href":"https:\/\/uj.adatbank.ro\/lexikon\/wp-json\/wp\/v2\/comments?post=10384"}],"wp:attachment":[{"href":"https:\/\/uj.adatbank.ro\/lexikon\/wp-json\/wp\/v2\/media?parent=10384"}],"wp:term":[{"taxonomy":"product_brand","embeddable":true,"href":"https:\/\/uj.adatbank.ro\/lexikon\/wp-json\/wp\/v2\/product_brand?post=10384"},{"taxonomy":"product_cat","embeddable":true,"href":"https:\/\/uj.adatbank.ro\/lexikon\/wp-json\/wp\/v2\/product_cat?post=10384"},{"taxonomy":"product_tag","embeddable":true,"href":"https:\/\/uj.adatbank.ro\/lexikon\/wp-json\/wp\/v2\/product_tag?post=10384"}],"curies":[{"name":"wp","href":"https:\/\/api.w.org\/{rel}","templated":true}]}}