{"id":10385,"date":"2025-06-29T13:18:14","date_gmt":"2025-06-29T11:18:14","guid":{"rendered":"https:\/\/uj.adatbank.ro\/lexikon\/termek\/imreh-samuel-kaposztasszentmiklosi\/"},"modified":"2025-06-29T13:18:14","modified_gmt":"2025-06-29T11:18:14","slug":"imreh-samuel-kaposztasszentmiklosi","status":"publish","type":"product","link":"https:\/\/uj.adatbank.ro\/lexikon\/termek\/imreh-samuel-kaposztasszentmiklosi\/","title":{"rendered":"IMREH S\u00e1muel, k\u00e1poszt\u00e1sszentmikl\u00f3si"},"content":{"rendered":"<p>K\u00e1poszt\u00e1sszentmikl\u00f3s, 1757. dec. 11., \u2020 Harc\u00f3, 1830.: ref. lelk\u00e9sz. \u2013 A k\u00f6z\u00e9piskol\u00e1t, a teol\u00f3gi\u00e1t \u00e9s a filol\u00f3gi\u00e1t Mv.-en a Ref. Koll. -ban v\u00e9gezte; majd Frics Fekete S\u00e1muel \u00e9s J\u00f3zsef nemes ifjak nevel\u0151je lett. K\u00fclf\u00f6ldi akad\u00e9mi\u00e1kat l\u00e1togatott (1786\u201388): megfordult B\u00e9csben, Utrechtben, Duisburgna, Heidelbergben \u00e9s Marburgban. Hazat\u00e9r\u00e9se ut\u00e1n pap Ny\u00e1r\u00e1dszentbenedeken (1790\u2013), Mez\u0151panitban (1791\u2013), M\u00e1rkodon (1792\u2013), Jedden (1792\u201395), Nagyerny\u00e9n (1795\u20131809), Mez\u0151k\u00f6lp\u00e9nyben (1809\u201312), Cs\u00edtszentiv\u00e1nyon (1812\u201324), Harc\u00f3n szolg\u00e1lt hal\u00e1l\u00e1ig (1824\u201330). Erny\u00e9ben folytatta a m\u00e1r megkezdett templom \u00e9p\u00edt\u00e9st (1802\u2013), megrendelt\u00e9k az orgon\u00e1t, el is k\u00e9sz\u00fclt, de olyan rosszul m\u0171k\u0151d\u00f6tt, h. azut\u00e1n 100 \u00e9ven kereszt\u00fcl \u00e1lland\u00f3an jav\u00edttattani kellett. (\u00fajat v\u00e1s\u00e1roltak, 1912). \u2013 <strong>F. m.:<\/strong> \u00d6n\u00e9letrajz (h. \u00e9. n\u00e9lk\u00fcl, egyetlen t\u00f6red\u00e9kes p\u00e9ld\u00e1ny lesz\u00e1rmazottja, Ady L\u00e1szl\u00f3 ref. lelk\u00e9sz birtok\u00e1ban volt 1926-ban); k\u00e9ziratban maradt \u00fatinapl\u00f3ja elkall\u00f3dott. <br \/><strong>Irod.:<\/strong> Csittszentiv\u00e1n; Guly\u00e1s; Nagyernye<\/br><\/p>\n","protected":false},"excerpt":{"rendered":"<p>K\u00e1poszt\u00e1sszentmikl\u00f3s, 1757. dec. 11., \u2020 Harc\u00f3, 1830.: ref. lelk\u00e9sz. \u2013 A k\u00f6z\u00e9piskol\u00e1t, a teol\u00f3gi\u00e1t \u00e9s a filol\u00f3gi\u00e1t Mv.-en a Ref. Koll. -ban v\u00e9gezte; majd Frics Fekete S\u00e1muel \u00e9s J\u00f3zsef nemes ifjak nevel\u0151je lett. K\u00fclf\u00f6ldi akad\u00e9mi\u00e1kat l\u00e1togatott (1786\u201388): megfordult B\u00e9csben, Utrechtben, Duisburgna, Heidelbergben \u00e9s Marburgban. Hazat\u00e9r\u00e9se ut\u00e1n pap Ny\u00e1r\u00e1dszentbenedeken (1790\u2013), Mez\u0151panitban (1791\u2013), M\u00e1rkodon (1792\u2013), Jedden (1792\u201395), [&hellip;]<\/p>\n","protected":false},"featured_media":0,"comment_status":"open","ping_status":"closed","template":"","meta":[],"product_brand":[],"product_cat":[137],"product_tag":[],"class_list":{"0":"post-10385","1":"product","2":"type-product","3":"status-publish","5":"product_cat-maros-megyei-eletrajzi-lexikon","7":"first","8":"instock","9":"shipping-taxable","10":"product-type-simple"},"_links":{"self":[{"href":"https:\/\/uj.adatbank.ro\/lexikon\/wp-json\/wp\/v2\/product\/10385","targetHints":{"allow":["GET"]}}],"collection":[{"href":"https:\/\/uj.adatbank.ro\/lexikon\/wp-json\/wp\/v2\/product"}],"about":[{"href":"https:\/\/uj.adatbank.ro\/lexikon\/wp-json\/wp\/v2\/types\/product"}],"replies":[{"embeddable":true,"href":"https:\/\/uj.adatbank.ro\/lexikon\/wp-json\/wp\/v2\/comments?post=10385"}],"wp:attachment":[{"href":"https:\/\/uj.adatbank.ro\/lexikon\/wp-json\/wp\/v2\/media?parent=10385"}],"wp:term":[{"taxonomy":"product_brand","embeddable":true,"href":"https:\/\/uj.adatbank.ro\/lexikon\/wp-json\/wp\/v2\/product_brand?post=10385"},{"taxonomy":"product_cat","embeddable":true,"href":"https:\/\/uj.adatbank.ro\/lexikon\/wp-json\/wp\/v2\/product_cat?post=10385"},{"taxonomy":"product_tag","embeddable":true,"href":"https:\/\/uj.adatbank.ro\/lexikon\/wp-json\/wp\/v2\/product_tag?post=10385"}],"curies":[{"name":"wp","href":"https:\/\/api.w.org\/{rel}","templated":true}]}}