{"id":10386,"date":"2025-06-29T13:18:16","date_gmt":"2025-06-29T11:18:16","guid":{"rendered":"https:\/\/uj.adatbank.ro\/lexikon\/termek\/imreh-sandor\/"},"modified":"2025-06-29T13:18:16","modified_gmt":"2025-06-29T11:18:16","slug":"imreh-sandor","status":"publish","type":"product","link":"https:\/\/uj.adatbank.ro\/lexikon\/termek\/imreh-sandor\/","title":{"rendered":"IMREH S\u00e1ndor"},"content":{"rendered":"<p>Mv., 1884., \u2020\u00a0Mv., 1964.: tartal\u00e9kos \u0151rmester, vit\u00e9z. \u2013 Tartal\u00e9kos \u0151rmester a cs. \u00e9s kir. 62. gyalogezredben <strong>Kit\u00fcntet\u00e9sei:<\/strong> O1, O2, OB, Kcsk, Bajor \u00c9K, Vit\u00e9zi avat\u00e1si id\u0151pont: 1941. okt. 23. <br \/><strong>Irod.:<\/strong> Berekm\u00e9ri\u2013Nemes<\/br><\/p>\n","protected":false},"excerpt":{"rendered":"<p>Mv., 1884., \u2020\u00a0Mv., 1964.: tartal\u00e9kos \u0151rmester, vit\u00e9z. \u2013 Tartal\u00e9kos \u0151rmester a cs. \u00e9s kir. 62. gyalogezredben Kit\u00fcntet\u00e9sei: O1, O2, OB, Kcsk, Bajor \u00c9K, Vit\u00e9zi avat\u00e1si id\u0151pont: 1941. okt. 23. Irod.: Berekm\u00e9ri\u2013Nemes<\/p>\n","protected":false},"featured_media":0,"comment_status":"open","ping_status":"closed","template":"","meta":[],"product_brand":[],"product_cat":[137],"product_tag":[],"class_list":{"0":"post-10386","1":"product","2":"type-product","3":"status-publish","5":"product_cat-maros-megyei-eletrajzi-lexikon","7":"first","8":"instock","9":"shipping-taxable","10":"product-type-simple"},"_links":{"self":[{"href":"https:\/\/uj.adatbank.ro\/lexikon\/wp-json\/wp\/v2\/product\/10386","targetHints":{"allow":["GET"]}}],"collection":[{"href":"https:\/\/uj.adatbank.ro\/lexikon\/wp-json\/wp\/v2\/product"}],"about":[{"href":"https:\/\/uj.adatbank.ro\/lexikon\/wp-json\/wp\/v2\/types\/product"}],"replies":[{"embeddable":true,"href":"https:\/\/uj.adatbank.ro\/lexikon\/wp-json\/wp\/v2\/comments?post=10386"}],"wp:attachment":[{"href":"https:\/\/uj.adatbank.ro\/lexikon\/wp-json\/wp\/v2\/media?parent=10386"}],"wp:term":[{"taxonomy":"product_brand","embeddable":true,"href":"https:\/\/uj.adatbank.ro\/lexikon\/wp-json\/wp\/v2\/product_brand?post=10386"},{"taxonomy":"product_cat","embeddable":true,"href":"https:\/\/uj.adatbank.ro\/lexikon\/wp-json\/wp\/v2\/product_cat?post=10386"},{"taxonomy":"product_tag","embeddable":true,"href":"https:\/\/uj.adatbank.ro\/lexikon\/wp-json\/wp\/v2\/product_tag?post=10386"}],"curies":[{"name":"wp","href":"https:\/\/api.w.org\/{rel}","templated":true}]}}