{"id":10391,"date":"2025-06-29T13:18:25","date_gmt":"2025-06-29T11:18:25","guid":{"rendered":"https:\/\/uj.adatbank.ro\/lexikon\/termek\/incze-andor\/"},"modified":"2025-06-29T13:18:25","modified_gmt":"2025-06-29T11:18:25","slug":"incze-andor","status":"publish","type":"product","link":"https:\/\/uj.adatbank.ro\/lexikon\/termek\/incze-andor\/","title":{"rendered":"INCZE Andor"},"content":{"rendered":"<p>Backamadaras, 1907. \u2020\u00a0?\u00a0: vend\u00e9gl\u0151s. \u2013 Iskol\u00e1i elv\u00e9gz\u00e9se ut\u00e1n a h\u00fasiparban szabadult fel, \u00f6n\u00e1ll\u00f3 h\u00fasiparos volt Mv.-en (\u20131930). Ekkor \u00f6n\u00e1ll\u00f3 vend\u00e9gl\u0151t nyitott Mv.-en. Hazafias \u00e9s kultur\u00e1lis egyes\u00fcletek t\u00e1mogat\u00f3ja volt. <br \/><strong>Irod.:<\/strong> Sz\u00e9kelyf\u00f6ld \u00ed. k.<\/br><\/p>\n","protected":false},"excerpt":{"rendered":"<p>Backamadaras, 1907. \u2020\u00a0?\u00a0: vend\u00e9gl\u0151s. \u2013 Iskol\u00e1i elv\u00e9gz\u00e9se ut\u00e1n a h\u00fasiparban szabadult fel, \u00f6n\u00e1ll\u00f3 h\u00fasiparos volt Mv.-en (\u20131930). Ekkor \u00f6n\u00e1ll\u00f3 vend\u00e9gl\u0151t nyitott Mv.-en. Hazafias \u00e9s kultur\u00e1lis egyes\u00fcletek t\u00e1mogat\u00f3ja volt. Irod.: Sz\u00e9kelyf\u00f6ld \u00ed. k.<\/p>\n","protected":false},"featured_media":0,"comment_status":"open","ping_status":"closed","template":"","meta":[],"product_brand":[],"product_cat":[137],"product_tag":[],"class_list":{"0":"post-10391","1":"product","2":"type-product","3":"status-publish","5":"product_cat-maros-megyei-eletrajzi-lexikon","7":"first","8":"instock","9":"shipping-taxable","10":"product-type-simple"},"_links":{"self":[{"href":"https:\/\/uj.adatbank.ro\/lexikon\/wp-json\/wp\/v2\/product\/10391","targetHints":{"allow":["GET"]}}],"collection":[{"href":"https:\/\/uj.adatbank.ro\/lexikon\/wp-json\/wp\/v2\/product"}],"about":[{"href":"https:\/\/uj.adatbank.ro\/lexikon\/wp-json\/wp\/v2\/types\/product"}],"replies":[{"embeddable":true,"href":"https:\/\/uj.adatbank.ro\/lexikon\/wp-json\/wp\/v2\/comments?post=10391"}],"wp:attachment":[{"href":"https:\/\/uj.adatbank.ro\/lexikon\/wp-json\/wp\/v2\/media?parent=10391"}],"wp:term":[{"taxonomy":"product_brand","embeddable":true,"href":"https:\/\/uj.adatbank.ro\/lexikon\/wp-json\/wp\/v2\/product_brand?post=10391"},{"taxonomy":"product_cat","embeddable":true,"href":"https:\/\/uj.adatbank.ro\/lexikon\/wp-json\/wp\/v2\/product_cat?post=10391"},{"taxonomy":"product_tag","embeddable":true,"href":"https:\/\/uj.adatbank.ro\/lexikon\/wp-json\/wp\/v2\/product_tag?post=10391"}],"curies":[{"name":"wp","href":"https:\/\/api.w.org\/{rel}","templated":true}]}}