{"id":10392,"date":"2025-06-29T13:18:27","date_gmt":"2025-06-29T11:18:27","guid":{"rendered":"https:\/\/uj.adatbank.ro\/lexikon\/termek\/incze-andras\/"},"modified":"2025-06-29T13:18:27","modified_gmt":"2025-06-29T11:18:27","slug":"incze-andras","status":"publish","type":"product","link":"https:\/\/uj.adatbank.ro\/lexikon\/termek\/incze-andras\/","title":{"rendered":"INCZE Andr\u00e1s"},"content":{"rendered":"<p>Sz\u00e9kelyudvarhely, 1856. m\u00e1rc. 23., \u2020\u00a01904. m\u00e1rc. 6.: r. k. pap. \u2013 Cs\u00edksomly\u00f3n \u00e9s Gyulafeh\u00e9rv\u00e1ron tanult, teol\u00f3giai tanulm\u00e1nyait B\u00e9csben a P\u00e1zm\u00e1neumban v\u00e9gezte (1876\u201379). Papp\u00e1 szentelt\u00e9k (1879. j\u00fal. 25.). K\u00e1pl\u00e1n Sz\u00e1szr\u00e9genben. Gimn.-i tan\u00e1r Sz\u00e9kelyudvarhelyen (1881). Mez\u0151szengyelen lelkip\u00e1sztor (1881\u201395), majd Kv. -on. <br \/><strong>Irod.:<\/strong> Ferenczi S\u00e1ndor 2009<\/br><\/p>\n","protected":false},"excerpt":{"rendered":"<p>Sz\u00e9kelyudvarhely, 1856. m\u00e1rc. 23., \u2020\u00a01904. m\u00e1rc. 6.: r. k. pap. \u2013 Cs\u00edksomly\u00f3n \u00e9s Gyulafeh\u00e9rv\u00e1ron tanult, teol\u00f3giai tanulm\u00e1nyait B\u00e9csben a P\u00e1zm\u00e1neumban v\u00e9gezte (1876\u201379). Papp\u00e1 szentelt\u00e9k (1879. j\u00fal. 25.). K\u00e1pl\u00e1n Sz\u00e1szr\u00e9genben. Gimn.-i tan\u00e1r Sz\u00e9kelyudvarhelyen (1881). Mez\u0151szengyelen lelkip\u00e1sztor (1881\u201395), majd Kv. -on. Irod.: Ferenczi S\u00e1ndor 2009<\/p>\n","protected":false},"featured_media":0,"comment_status":"open","ping_status":"closed","template":"","meta":[],"product_brand":[],"product_cat":[137],"product_tag":[],"class_list":{"0":"post-10392","1":"product","2":"type-product","3":"status-publish","5":"product_cat-maros-megyei-eletrajzi-lexikon","7":"first","8":"instock","9":"shipping-taxable","10":"product-type-simple"},"_links":{"self":[{"href":"https:\/\/uj.adatbank.ro\/lexikon\/wp-json\/wp\/v2\/product\/10392","targetHints":{"allow":["GET"]}}],"collection":[{"href":"https:\/\/uj.adatbank.ro\/lexikon\/wp-json\/wp\/v2\/product"}],"about":[{"href":"https:\/\/uj.adatbank.ro\/lexikon\/wp-json\/wp\/v2\/types\/product"}],"replies":[{"embeddable":true,"href":"https:\/\/uj.adatbank.ro\/lexikon\/wp-json\/wp\/v2\/comments?post=10392"}],"wp:attachment":[{"href":"https:\/\/uj.adatbank.ro\/lexikon\/wp-json\/wp\/v2\/media?parent=10392"}],"wp:term":[{"taxonomy":"product_brand","embeddable":true,"href":"https:\/\/uj.adatbank.ro\/lexikon\/wp-json\/wp\/v2\/product_brand?post=10392"},{"taxonomy":"product_cat","embeddable":true,"href":"https:\/\/uj.adatbank.ro\/lexikon\/wp-json\/wp\/v2\/product_cat?post=10392"},{"taxonomy":"product_tag","embeddable":true,"href":"https:\/\/uj.adatbank.ro\/lexikon\/wp-json\/wp\/v2\/product_tag?post=10392"}],"curies":[{"name":"wp","href":"https:\/\/api.w.org\/{rel}","templated":true}]}}