{"id":10397,"date":"2025-06-29T13:18:38","date_gmt":"2025-06-29T11:18:38","guid":{"rendered":"https:\/\/uj.adatbank.ro\/lexikon\/termek\/incze-david-intze-david\/"},"modified":"2025-06-29T13:18:38","modified_gmt":"2025-06-29T11:18:38","slug":"incze-david-intze-david","status":"publish","type":"product","link":"https:\/\/uj.adatbank.ro\/lexikon\/termek\/incze-david-intze-david\/","title":{"rendered":"INCZE D\u00e1vid, Intze D\u00e1vid"},"content":{"rendered":"<p>Bar\u00f3t, ?, \u2020\u00a01804. m\u00e1rc. 4.: r. k. pap. \u2013 Tanulm\u00e1nyait Pesten v\u00e9gezte. Tan\u00e1r volt Mv.-en (1798), Egrest\u0151n pl\u00e9b\u00e1nos (1799), t\u00f6bb k\u00f6nyvet adm\u00e1nyozott a pl\u00e9b\u00e1nia k\u00f6nyvt\u00e1r\u00e1nak. <br \/><strong>Irod.:<\/strong> Barab\u00e1s Kisanna: A mv.-i Egyh\u00e1zm\u0171v\u00e9szeti M\u00fazeum mag\u00e1n\u00e1h\u00edtatra serkent\u0151 18. sz.-i szentk\u00e9pei  =  St\u00edlusok, m\u0171vek, mesterek; Ferenczi S\u00e1ndor 2009<\/br><\/p>\n","protected":false},"excerpt":{"rendered":"<p>Bar\u00f3t, ?, \u2020\u00a01804. m\u00e1rc. 4.: r. k. pap. \u2013 Tanulm\u00e1nyait Pesten v\u00e9gezte. Tan\u00e1r volt Mv.-en (1798), Egrest\u0151n pl\u00e9b\u00e1nos (1799), t\u00f6bb k\u00f6nyvet adm\u00e1nyozott a pl\u00e9b\u00e1nia k\u00f6nyvt\u00e1r\u00e1nak. Irod.: Barab\u00e1s Kisanna: A mv.-i Egyh\u00e1zm\u0171v\u00e9szeti M\u00fazeum mag\u00e1n\u00e1h\u00edtatra serkent\u0151 18. sz.-i szentk\u00e9pei = St\u00edlusok, m\u0171vek, mesterek; Ferenczi S\u00e1ndor 2009<\/p>\n","protected":false},"featured_media":0,"comment_status":"open","ping_status":"closed","template":"","meta":[],"product_brand":[],"product_cat":[137],"product_tag":[],"class_list":{"0":"post-10397","1":"product","2":"type-product","3":"status-publish","5":"product_cat-maros-megyei-eletrajzi-lexikon","7":"first","8":"instock","9":"shipping-taxable","10":"product-type-simple"},"_links":{"self":[{"href":"https:\/\/uj.adatbank.ro\/lexikon\/wp-json\/wp\/v2\/product\/10397","targetHints":{"allow":["GET"]}}],"collection":[{"href":"https:\/\/uj.adatbank.ro\/lexikon\/wp-json\/wp\/v2\/product"}],"about":[{"href":"https:\/\/uj.adatbank.ro\/lexikon\/wp-json\/wp\/v2\/types\/product"}],"replies":[{"embeddable":true,"href":"https:\/\/uj.adatbank.ro\/lexikon\/wp-json\/wp\/v2\/comments?post=10397"}],"wp:attachment":[{"href":"https:\/\/uj.adatbank.ro\/lexikon\/wp-json\/wp\/v2\/media?parent=10397"}],"wp:term":[{"taxonomy":"product_brand","embeddable":true,"href":"https:\/\/uj.adatbank.ro\/lexikon\/wp-json\/wp\/v2\/product_brand?post=10397"},{"taxonomy":"product_cat","embeddable":true,"href":"https:\/\/uj.adatbank.ro\/lexikon\/wp-json\/wp\/v2\/product_cat?post=10397"},{"taxonomy":"product_tag","embeddable":true,"href":"https:\/\/uj.adatbank.ro\/lexikon\/wp-json\/wp\/v2\/product_tag?post=10397"}],"curies":[{"name":"wp","href":"https:\/\/api.w.org\/{rel}","templated":true}]}}