{"id":10400,"date":"2025-06-29T13:18:48","date_gmt":"2025-06-29T11:18:48","guid":{"rendered":"https:\/\/uj.adatbank.ro\/lexikon\/termek\/incze-gabor-%c2%a7\/"},"modified":"2025-06-29T13:18:48","modified_gmt":"2025-06-29T11:18:48","slug":"incze-gabor-%c2%a7","status":"publish","type":"product","link":"https:\/\/uj.adatbank.ro\/lexikon\/termek\/incze-gabor-%c2%a7\/","title":{"rendered":"INCZE G\u00e1bor, \u00a7"},"content":{"rendered":"<p>Cs\u00edkszereda, 1918. okt. 21., \u2020\u00a0Mv., 2008. dec. 22.: orvos, b\u0151rgy\u00f3gy\u00e1sz szakf\u0151orvos, j\u00e9gkorongoz\u00f3. \u2013 Az orvosi egyetemet Kv.-on a FJTE-en v\u00e9gezte (1944). A kv.-i Bolyai egyetemen tiszteletbeli gyakornokk\u00e9nt kezdte (1940. nov. 1. \u2013 1941. jan. 31.), gyakornok (1941. febr. 1. \u2013 1942. aug. 31.); katonai szolg\u00e1laton volt, orvos \u0151rmester (1944. nov. \u201345. m\u00e1j.). Mo.-i R\u00e1ckev\u00e9n mag\u00e1norvos (1945. j\u00fal. \u201345. okt.). A cs\u00edkszeredai Le\u00e1nygimn. eg\u00e9szs\u00e9gtan tan\u00e1ra \u00e9s iskolaorvos (1947. febr. 1. \u2013 1948. okt. 1.), iskolaorvos a csiksomly\u00f3i Pedag\u00f3giai L\u00edc. -ban (1948. okt. 1. \u2013 1949. jan. 31.). Cs\u00edkszered\u00e1ban v\u00e1rosi tiszti f\u0151orvos (1949. febr. 1. \u201451. m\u00e1j. 15); a rajoni K\u00f6zeg\u00e9szs\u00e9g\u00fcgyi \u00e9s j\u00e1rv\u00e1nytani Int\u00e9zet igazgat\u00f3ja (1951. m\u00e1j. \u2013 1955. szept. 30.) \u00e9s a cs\u00edkszeredai B\u00f6rgy\u00f3gy\u00e1szat rendel\u0151 orvosa (1953. aug. 15. \u201355. nov. 30). Mv.-en B\u00f6rgy\u00f3gy\u00e1szati Klinikai orvos (1955. okt. 1. \u2013); b\u0151rgy\u00f3gy\u00e1sz szakorvos (1957. dec. 1. \u2013), szakf\u0151rvos nyugd\u00edjaz\u00e1s\u00e1ig (1975. okt. 1. \u2013 1985. jan. 1.). K\u00f6zlem\u00e9nyei szaklapokban jelentek meg: Dermato- venerologie, B\u00f6rgy\u00f3gy\u00e1szati \u00e9s Venerol\u00f3giai Szemle, Orvosi Szemle, Revista medical\u0103, Deutsche Zeitschrift f\u00fcr Verdauuns- und Stoffwechselkrankheiten (Leipzig), Revista medico-chirurgical\u0103 Ia\u015fi. Cs\u00edkszered\u00e1ban j\u00e9gkorongozott (1934\u2013), egyetemi tanulm\u00e1nyai alatt Kv.-on a Korcsoly\u00e1z\u00f3 Egylet j\u00e9gkorongegy\u00fcttes\u00e9ben j\u00e1tszott (1940\u201341) \u00e9s megnyert\u00e9k a m. bajnoks\u00e1g Vid\u00e9ki Lig\u00e1j\u00e1t. Tagja volt az Erd\u00e9ly j\u00e9gkorong-v\u00e1logatottj\u00e1nak (1942). A h\u00e1bor\u00fa ut\u00e1n Cs\u00edkszered\u00e1ban akt\u00edv j\u00e1t\u00e9kosa volt a v\u00e1ros Faipari Tr\u00f6szt (IPEIL), ill. a Lend\u00fclet j\u00e9g korong csapat\u00e1nak (1949\u201355). Tagja az els\u0151 bajnokcsapatnak, megszerezt\u00e9k a \u201eV\u00e1ros Kup\u00e1j\u00e1t\u201d Brass\u00f3ban (1949), a m\u00e1sodik bajnoki c\u00edmet (1952) is, sokszoros rom\u00e1n v\u00e1logatott. <br \/><strong>Irod.:<\/strong> csal\u00e1di inf.; Boda Jen\u0151: A cs\u00edki j\u00e9gkorong sikerei a XX. sz\u00e1zadban (Cs\u00edkszereda, 2000); F\u00fcl\u00f6p Zolt\u00e1n: Eml\u00e9kezz\u00fcnk. (Hargita N\u00e9pe, 2008. dec. 30.); EMKK 2000; Kiss-P- P; Mv.-i labdar\u00fag\u00e1s; [Nekrol\u00f3g] (N\u00fa., 2008. dec. 23.); Pluh\u00e1r; RMKK<\/br><\/p>\n","protected":false},"excerpt":{"rendered":"<p>Cs\u00edkszereda, 1918. okt. 21., \u2020\u00a0Mv., 2008. dec. 22.: orvos, b\u0151rgy\u00f3gy\u00e1sz szakf\u0151orvos, j\u00e9gkorongoz\u00f3. \u2013 Az orvosi egyetemet Kv.-on a FJTE-en v\u00e9gezte (1944). A kv.-i Bolyai egyetemen tiszteletbeli gyakornokk\u00e9nt kezdte (1940. nov. 1. \u2013 1941. jan. 31.), gyakornok (1941. febr. 1. \u2013 1942. aug. 31.); katonai szolg\u00e1laton volt, orvos \u0151rmester (1944. nov. \u201345. m\u00e1j.). Mo.-i R\u00e1ckev\u00e9n mag\u00e1norvos [&hellip;]<\/p>\n","protected":false},"featured_media":0,"comment_status":"open","ping_status":"closed","template":"","meta":[],"product_brand":[],"product_cat":[137],"product_tag":[],"class_list":{"0":"post-10400","1":"product","2":"type-product","3":"status-publish","5":"product_cat-maros-megyei-eletrajzi-lexikon","7":"first","8":"instock","9":"shipping-taxable","10":"product-type-simple"},"_links":{"self":[{"href":"https:\/\/uj.adatbank.ro\/lexikon\/wp-json\/wp\/v2\/product\/10400","targetHints":{"allow":["GET"]}}],"collection":[{"href":"https:\/\/uj.adatbank.ro\/lexikon\/wp-json\/wp\/v2\/product"}],"about":[{"href":"https:\/\/uj.adatbank.ro\/lexikon\/wp-json\/wp\/v2\/types\/product"}],"replies":[{"embeddable":true,"href":"https:\/\/uj.adatbank.ro\/lexikon\/wp-json\/wp\/v2\/comments?post=10400"}],"wp:attachment":[{"href":"https:\/\/uj.adatbank.ro\/lexikon\/wp-json\/wp\/v2\/media?parent=10400"}],"wp:term":[{"taxonomy":"product_brand","embeddable":true,"href":"https:\/\/uj.adatbank.ro\/lexikon\/wp-json\/wp\/v2\/product_brand?post=10400"},{"taxonomy":"product_cat","embeddable":true,"href":"https:\/\/uj.adatbank.ro\/lexikon\/wp-json\/wp\/v2\/product_cat?post=10400"},{"taxonomy":"product_tag","embeddable":true,"href":"https:\/\/uj.adatbank.ro\/lexikon\/wp-json\/wp\/v2\/product_tag?post=10400"}],"curies":[{"name":"wp","href":"https:\/\/api.w.org\/{rel}","templated":true}]}}