{"id":10401,"date":"2025-06-29T13:18:50","date_gmt":"2025-06-29T11:18:50","guid":{"rendered":"https:\/\/uj.adatbank.ro\/lexikon\/termek\/incze-gabor-%c2%a7-alnevei-enyed-gabor-arkosi-i-gabor-arkosi-jozsef-incze-j-gabor-i-g\/"},"modified":"2025-06-29T13:18:50","modified_gmt":"2025-06-29T11:18:50","slug":"incze-gabor-%c2%a7-alnevei-enyed-gabor-arkosi-i-gabor-arkosi-jozsef-incze-j-gabor-i-g","status":"publish","type":"product","link":"https:\/\/uj.adatbank.ro\/lexikon\/termek\/incze-gabor-%c2%a7-alnevei-enyed-gabor-arkosi-i-gabor-arkosi-jozsef-incze-j-gabor-i-g\/","title":{"rendered":"INCZE G\u00e1bor, \u00a7 \u00e1lnevei: Enyed G\u00e1bor, \u00c1rkosi I. G\u00e1bor, \u00c1rkosi J\u00f3zsef, Incze J. G\u00e1bor, I. G."},"content":{"rendered":"<p>Nagyenyed, 1926. okt. 24., \u2020 Mv., 2007. dec. 29.: \u00fajs\u00e1g\u00edr\u00f3. \u2013 I. J\u00f3zsef \u00fcvegesmester \u00e9s Henn Elise fia. Feles\u00e9ge: K\u00f6bl\u00f6s Margit varr\u00f3n\u0151. Le\u00e1nyaik: Margit (1951\u2013), Katalin (1954\u2013) grafikus. \u2013 A nagyenyedi Bethlen G\u00e1bor Koll. tanul\u00f3ja (1937\u201343), Kv.-on \u00e9retts\u00e9gizett (1945), majd a BTE B\u00f6lcs\u00e9sztudom\u00e1ny \u00e9s Jog- \u00e9s K\u00f6zgazdas\u00e1gtudom\u00e1nyi Kar\u00e1nak hallgat\u00f3ja (1945\u201347); a BBTE T\u00f6rt\u00e9nelem- Filoz\u00f3fia Kar\u00e1n tan\u00e1ri oklevelet nyert (1972); p\u00e1rtf\u0151iskolai (1968), \u00fajs\u00e1g\u00edr\u00f3i szakk\u00e9pes\u00edt\u00e9st szerzett (1976). Dolgozott az Igazs\u00e1gn\u00e1l (1948), mint \u00fajs\u00e1g\u00edr\u00f3-gyakornok; a kv.-i B\u0151r- \u00e9s Cip\u0151ipari Szakiskola titk\u00e1ra (1948\u201352); a buk.-i Rom\u00e1niai M. Sz\u00f3 (1952\u201355), az El\u0151re k\u00fclpolitikai rovat\u00e1nak munkat\u00e1rsa (1953\u201355); mv.-i V. Z. f\u0151szerk.-je (1955. \u00e1pr. \u201385); politikai okokb\u00f3l f\u00fcggesztett\u00e9k fel (1985. j\u00fan.), nyugd\u00edjazt\u00e1k. A R\u00daSZ orsz\u00e1gos v\u00e1lasztm\u00e1nyi tagja (1953\u201360). N\u00e9ptan\u00e1csi k\u00e9pvisel\u0151nek jel\u00f6lt\u00e9k (1969. jan. 17), a M. Nemzetis\u00e9g\u0171 Dolgoz\u00f3k Megyei Tan\u00e1cs\u00e1nak tagja (1970. nov. 27.). Cikkeit k\u00f6z\u00f6lte az: Igazs\u00e1g, El\u0151re, V. Z., A H\u00e9t, \u00d6t\u00f6dik Ker\u00e9k, Rom\u00e1niai M. Sz\u00f3. Megkapta az \u00d6t\u00f6dik Ker\u00e9k c. humorlap k\u00fcl\u00f6nd\u00edj\u00e1t (1991). \u2013 <strong>F. m.:<\/strong> \u00dajesztend\u0151n innen \u00e9s t\u00fal 1944\u201345 (1994\u201395); Kapu kilenc z\u00e1rral: \u00d6n\u00e9letrajzi reg\u00e9ny folytat\u00e1sokban (\u00a0?). <br \/><strong>Irod.:<\/strong> EMKK; Id\u0151t\u00e1r 4.; KKACs; Kusz\u00e1lik; [Nekrol\u00f3g] (N\u00fa., 2008. jan. 3.); RMKK<\/br><\/p>\n","protected":false},"excerpt":{"rendered":"<p>Nagyenyed, 1926. okt. 24., \u2020 Mv., 2007. dec. 29.: \u00fajs\u00e1g\u00edr\u00f3. \u2013 I. J\u00f3zsef \u00fcvegesmester \u00e9s Henn Elise fia. Feles\u00e9ge: K\u00f6bl\u00f6s Margit varr\u00f3n\u0151. Le\u00e1nyaik: Margit (1951\u2013), Katalin (1954\u2013) grafikus. \u2013 A nagyenyedi Bethlen G\u00e1bor Koll. tanul\u00f3ja (1937\u201343), Kv.-on \u00e9retts\u00e9gizett (1945), majd a BTE B\u00f6lcs\u00e9sztudom\u00e1ny \u00e9s Jog- \u00e9s K\u00f6zgazdas\u00e1gtudom\u00e1nyi Kar\u00e1nak hallgat\u00f3ja (1945\u201347); a BBTE T\u00f6rt\u00e9nelem- Filoz\u00f3fia Kar\u00e1n [&hellip;]<\/p>\n","protected":false},"featured_media":0,"comment_status":"open","ping_status":"closed","template":"","meta":[],"product_brand":[],"product_cat":[137],"product_tag":[],"class_list":{"0":"post-10401","1":"product","2":"type-product","3":"status-publish","5":"product_cat-maros-megyei-eletrajzi-lexikon","7":"first","8":"instock","9":"shipping-taxable","10":"product-type-simple"},"_links":{"self":[{"href":"https:\/\/uj.adatbank.ro\/lexikon\/wp-json\/wp\/v2\/product\/10401","targetHints":{"allow":["GET"]}}],"collection":[{"href":"https:\/\/uj.adatbank.ro\/lexikon\/wp-json\/wp\/v2\/product"}],"about":[{"href":"https:\/\/uj.adatbank.ro\/lexikon\/wp-json\/wp\/v2\/types\/product"}],"replies":[{"embeddable":true,"href":"https:\/\/uj.adatbank.ro\/lexikon\/wp-json\/wp\/v2\/comments?post=10401"}],"wp:attachment":[{"href":"https:\/\/uj.adatbank.ro\/lexikon\/wp-json\/wp\/v2\/media?parent=10401"}],"wp:term":[{"taxonomy":"product_brand","embeddable":true,"href":"https:\/\/uj.adatbank.ro\/lexikon\/wp-json\/wp\/v2\/product_brand?post=10401"},{"taxonomy":"product_cat","embeddable":true,"href":"https:\/\/uj.adatbank.ro\/lexikon\/wp-json\/wp\/v2\/product_cat?post=10401"},{"taxonomy":"product_tag","embeddable":true,"href":"https:\/\/uj.adatbank.ro\/lexikon\/wp-json\/wp\/v2\/product_tag?post=10401"}],"curies":[{"name":"wp","href":"https:\/\/api.w.org\/{rel}","templated":true}]}}