{"id":10402,"date":"2025-06-29T13:18:51","date_gmt":"2025-06-29T11:18:51","guid":{"rendered":"https:\/\/uj.adatbank.ro\/lexikon\/termek\/incze-gabor-gabi\/"},"modified":"2025-06-29T13:18:51","modified_gmt":"2025-06-29T11:18:51","slug":"incze-gabor-gabi","status":"publish","type":"product","link":"https:\/\/uj.adatbank.ro\/lexikon\/termek\/incze-gabor-gabi\/","title":{"rendered":"INCZE G\u00e1bor, Gabi"},"content":{"rendered":"<p>1917. v. 1918., \u2020\u00a0Mv., 1997. m\u00e1j. 5.: p\u00e9kmester, \u00e9lsportol\u00f3, labdar\u00fag\u00f3, j\u00e9gkorongoz\u00f3. \u2013 Mv.-en az F.C. Mure\u015ful (1930\u2013), majd az MSE akt\u00edv labdar\u00fag\u00f3ja volt. (1940\u2013). J\u00e9gkorongozott is (1934\u2013), sokszoros rom\u00e1n v\u00e1logatott volt, r\u00e9szt vett a csehszlov\u00e1kiai vil\u00e1gbajnoks\u00e1gon (1947). A RATA \u2013 felsz\u00e1mol\u00e1sa ut\u00e1n testv\u00e9reivel \u00e1tigazoltak a cs\u00edkszeredai IPEIL-hez. A h\u00e1rom Incze testv\u00e9r siker\u00e9hez hozz\u00e1j\u00e1rult, hogy a j\u00e9g korongoz\u00e1sba a j\u00e1t\u00e9k technik\u00e1jukba sz\u00e1mos labdar\u00fag\u00f3 elemet is bevittek. Gyorskorcsoly\u00e1z\u00e1sban \u00e9s j\u00e9gkorongban kit\u00fcntet\u00e9st \u00e9s bajnoki arany\u00e9rmet nyert. <br \/><strong>Irod.:<\/strong> [Nekrol\u00f3g] (N\u00fa., 1997. m\u00e1j. 6.); Mv.-i labdar\u00fag\u00e1s; Pluh\u00e1r; RMKK; Weisz S\u00e1ndor: Az Incze testv\u00e9rek (V. Z., 1969. \u00e1pr. 13.).<\/br><\/p>\n","protected":false},"excerpt":{"rendered":"<p>1917. v. 1918., \u2020\u00a0Mv., 1997. m\u00e1j. 5.: p\u00e9kmester, \u00e9lsportol\u00f3, labdar\u00fag\u00f3, j\u00e9gkorongoz\u00f3. \u2013 Mv.-en az F.C. Mure\u015ful (1930\u2013), majd az MSE akt\u00edv labdar\u00fag\u00f3ja volt. (1940\u2013). J\u00e9gkorongozott is (1934\u2013), sokszoros rom\u00e1n v\u00e1logatott volt, r\u00e9szt vett a csehszlov\u00e1kiai vil\u00e1gbajnoks\u00e1gon (1947). A RATA \u2013 felsz\u00e1mol\u00e1sa ut\u00e1n testv\u00e9reivel \u00e1tigazoltak a cs\u00edkszeredai IPEIL-hez. A h\u00e1rom Incze testv\u00e9r siker\u00e9hez hozz\u00e1j\u00e1rult, hogy a [&hellip;]<\/p>\n","protected":false},"featured_media":0,"comment_status":"open","ping_status":"closed","template":"","meta":[],"product_brand":[],"product_cat":[137],"product_tag":[],"class_list":{"0":"post-10402","1":"product","2":"type-product","3":"status-publish","5":"product_cat-maros-megyei-eletrajzi-lexikon","7":"first","8":"instock","9":"shipping-taxable","10":"product-type-simple"},"_links":{"self":[{"href":"https:\/\/uj.adatbank.ro\/lexikon\/wp-json\/wp\/v2\/product\/10402","targetHints":{"allow":["GET"]}}],"collection":[{"href":"https:\/\/uj.adatbank.ro\/lexikon\/wp-json\/wp\/v2\/product"}],"about":[{"href":"https:\/\/uj.adatbank.ro\/lexikon\/wp-json\/wp\/v2\/types\/product"}],"replies":[{"embeddable":true,"href":"https:\/\/uj.adatbank.ro\/lexikon\/wp-json\/wp\/v2\/comments?post=10402"}],"wp:attachment":[{"href":"https:\/\/uj.adatbank.ro\/lexikon\/wp-json\/wp\/v2\/media?parent=10402"}],"wp:term":[{"taxonomy":"product_brand","embeddable":true,"href":"https:\/\/uj.adatbank.ro\/lexikon\/wp-json\/wp\/v2\/product_brand?post=10402"},{"taxonomy":"product_cat","embeddable":true,"href":"https:\/\/uj.adatbank.ro\/lexikon\/wp-json\/wp\/v2\/product_cat?post=10402"},{"taxonomy":"product_tag","embeddable":true,"href":"https:\/\/uj.adatbank.ro\/lexikon\/wp-json\/wp\/v2\/product_tag?post=10402"}],"curies":[{"name":"wp","href":"https:\/\/api.w.org\/{rel}","templated":true}]}}