{"id":10403,"date":"2025-06-29T13:18:52","date_gmt":"2025-06-29T11:18:52","guid":{"rendered":"https:\/\/uj.adatbank.ro\/lexikon\/termek\/incze-gero\/"},"modified":"2025-06-29T13:18:52","modified_gmt":"2025-06-29T11:18:52","slug":"incze-gero","status":"publish","type":"product","link":"https:\/\/uj.adatbank.ro\/lexikon\/termek\/incze-gero\/","title":{"rendered":"INCZE Ger\u0151"},"content":{"rendered":"<p>? \u2020 ?: tan\u00edt\u00f3, k\u00e1ntor. \u2013 Backamadarason tan\u00edtott (1898- 1922). Tan\u00edt\u00f3i munk\u00e1ja mellett k\u00e1ntork\u00e9nt is m\u0171k\u0151d\u00f6tt. Feljav\u00edtotta a ref. templomi orgon\u00e1t, dal\u00e1rd\u00e1t szervezett \u00e9s vezetett. \u00c1m a k\u00f6zs\u00e9g, a h\u00e1bor\u00fas viszonyok miatt, nem tudta rendszeresen fizetni, elhanyagolta munk\u00e1j\u00e1t, kilakoltatt\u00e1k a tan\u00edt\u00f3i lak\u00e1sb\u00f3l, kitiltott\u00e1k a templomb\u00f3l, \u00e9s m\u00e1sodtan\u00edt\u00f3t fogadtak mell\u00e9 Gagyi D\u00e9nes szem\u00e9ly\u00e9ben (1924\u2013). <br \/><strong>Irod.:<\/strong> Backamadaras<\/br><\/p>\n","protected":false},"excerpt":{"rendered":"<p>? \u2020 ?: tan\u00edt\u00f3, k\u00e1ntor. \u2013 Backamadarason tan\u00edtott (1898- 1922). Tan\u00edt\u00f3i munk\u00e1ja mellett k\u00e1ntork\u00e9nt is m\u0171k\u0151d\u00f6tt. Feljav\u00edtotta a ref. templomi orgon\u00e1t, dal\u00e1rd\u00e1t szervezett \u00e9s vezetett. \u00c1m a k\u00f6zs\u00e9g, a h\u00e1bor\u00fas viszonyok miatt, nem tudta rendszeresen fizetni, elhanyagolta munk\u00e1j\u00e1t, kilakoltatt\u00e1k a tan\u00edt\u00f3i lak\u00e1sb\u00f3l, kitiltott\u00e1k a templomb\u00f3l, \u00e9s m\u00e1sodtan\u00edt\u00f3t fogadtak mell\u00e9 Gagyi D\u00e9nes szem\u00e9ly\u00e9ben (1924\u2013). Irod.: Backamadaras<\/p>\n","protected":false},"featured_media":0,"comment_status":"open","ping_status":"closed","template":"","meta":[],"product_brand":[],"product_cat":[137],"product_tag":[],"class_list":{"0":"post-10403","1":"product","2":"type-product","3":"status-publish","5":"product_cat-maros-megyei-eletrajzi-lexikon","7":"first","8":"instock","9":"shipping-taxable","10":"product-type-simple"},"_links":{"self":[{"href":"https:\/\/uj.adatbank.ro\/lexikon\/wp-json\/wp\/v2\/product\/10403","targetHints":{"allow":["GET"]}}],"collection":[{"href":"https:\/\/uj.adatbank.ro\/lexikon\/wp-json\/wp\/v2\/product"}],"about":[{"href":"https:\/\/uj.adatbank.ro\/lexikon\/wp-json\/wp\/v2\/types\/product"}],"replies":[{"embeddable":true,"href":"https:\/\/uj.adatbank.ro\/lexikon\/wp-json\/wp\/v2\/comments?post=10403"}],"wp:attachment":[{"href":"https:\/\/uj.adatbank.ro\/lexikon\/wp-json\/wp\/v2\/media?parent=10403"}],"wp:term":[{"taxonomy":"product_brand","embeddable":true,"href":"https:\/\/uj.adatbank.ro\/lexikon\/wp-json\/wp\/v2\/product_brand?post=10403"},{"taxonomy":"product_cat","embeddable":true,"href":"https:\/\/uj.adatbank.ro\/lexikon\/wp-json\/wp\/v2\/product_cat?post=10403"},{"taxonomy":"product_tag","embeddable":true,"href":"https:\/\/uj.adatbank.ro\/lexikon\/wp-json\/wp\/v2\/product_tag?post=10403"}],"curies":[{"name":"wp","href":"https:\/\/api.w.org\/{rel}","templated":true}]}}