{"id":10404,"date":"2025-06-29T13:18:55","date_gmt":"2025-06-29T11:18:55","guid":{"rendered":"https:\/\/uj.adatbank.ro\/lexikon\/termek\/incze-gyula\/"},"modified":"2025-06-29T13:18:55","modified_gmt":"2025-06-29T11:18:55","slug":"incze-gyula","status":"publish","type":"product","link":"https:\/\/uj.adatbank.ro\/lexikon\/termek\/incze-gyula\/","title":{"rendered":"INCZE Gyula"},"content":{"rendered":"<p>? \u2020 ?: jegyz\u0151. \u2013 Vaj\u00e1ban volt jegyz\u0151. Szamos\u00fajv\u00e1ron volt politikai fogoly (1947\u201348). <br \/><strong>Irod.:<\/strong> Akik im\u00e1dkoztak 2.<\/br><\/p>\n","protected":false},"excerpt":{"rendered":"<p>? \u2020 ?: jegyz\u0151. \u2013 Vaj\u00e1ban volt jegyz\u0151. Szamos\u00fajv\u00e1ron volt politikai fogoly (1947\u201348). Irod.: Akik im\u00e1dkoztak 2.<\/p>\n","protected":false},"featured_media":0,"comment_status":"open","ping_status":"closed","template":"","meta":[],"product_brand":[],"product_cat":[137],"product_tag":[],"class_list":{"0":"post-10404","1":"product","2":"type-product","3":"status-publish","5":"product_cat-maros-megyei-eletrajzi-lexikon","7":"first","8":"instock","9":"shipping-taxable","10":"product-type-simple"},"_links":{"self":[{"href":"https:\/\/uj.adatbank.ro\/lexikon\/wp-json\/wp\/v2\/product\/10404","targetHints":{"allow":["GET"]}}],"collection":[{"href":"https:\/\/uj.adatbank.ro\/lexikon\/wp-json\/wp\/v2\/product"}],"about":[{"href":"https:\/\/uj.adatbank.ro\/lexikon\/wp-json\/wp\/v2\/types\/product"}],"replies":[{"embeddable":true,"href":"https:\/\/uj.adatbank.ro\/lexikon\/wp-json\/wp\/v2\/comments?post=10404"}],"wp:attachment":[{"href":"https:\/\/uj.adatbank.ro\/lexikon\/wp-json\/wp\/v2\/media?parent=10404"}],"wp:term":[{"taxonomy":"product_brand","embeddable":true,"href":"https:\/\/uj.adatbank.ro\/lexikon\/wp-json\/wp\/v2\/product_brand?post=10404"},{"taxonomy":"product_cat","embeddable":true,"href":"https:\/\/uj.adatbank.ro\/lexikon\/wp-json\/wp\/v2\/product_cat?post=10404"},{"taxonomy":"product_tag","embeddable":true,"href":"https:\/\/uj.adatbank.ro\/lexikon\/wp-json\/wp\/v2\/product_tag?post=10404"}],"curies":[{"name":"wp","href":"https:\/\/api.w.org\/{rel}","templated":true}]}}