{"id":10405,"date":"2025-06-29T13:18:59","date_gmt":"2025-06-29T11:18:59","guid":{"rendered":"https:\/\/uj.adatbank.ro\/lexikon\/termek\/incze-gyulane-fekete-erzsebet\/"},"modified":"2025-06-29T13:18:59","modified_gmt":"2025-06-29T11:18:59","slug":"incze-gyulane-fekete-erzsebet","status":"publish","type":"product","link":"https:\/\/uj.adatbank.ro\/lexikon\/termek\/incze-gyulane-fekete-erzsebet\/","title":{"rendered":"INCZE Gyul\u00e1n\u00e9, Fekete Erzs\u00e9bet"},"content":{"rendered":"<p>? \u2020\u00a0?: tan\u00edt\u00f3n\u0151. \u2013 Apja is pedag\u00f3gus volt. \u2013 Tan\u00edt\u00f3 oklevel\u00e9t Debrecenben szerezte (1921). G\u00f6cs\u00f6n \u00e9s Sz\u00e9kelyvaj\u00e1n tan\u00edtott a ref. iskol\u00e1ban. A Ref. N\u0151sz\u00f6vets\u00e9g a Szentbenedeki Sz\u00f6v., az EGE tagja. <br \/><strong>Irod.:<\/strong> Sz\u00e9kelyf\u00f6ld \u00ed. k.<\/br><\/p>\n","protected":false},"excerpt":{"rendered":"<p>? \u2020\u00a0?: tan\u00edt\u00f3n\u0151. \u2013 Apja is pedag\u00f3gus volt. \u2013 Tan\u00edt\u00f3 oklevel\u00e9t Debrecenben szerezte (1921). G\u00f6cs\u00f6n \u00e9s Sz\u00e9kelyvaj\u00e1n tan\u00edtott a ref. iskol\u00e1ban. A Ref. N\u0151sz\u00f6vets\u00e9g a Szentbenedeki Sz\u00f6v., az EGE tagja. Irod.: Sz\u00e9kelyf\u00f6ld \u00ed. k.<\/p>\n","protected":false},"featured_media":0,"comment_status":"open","ping_status":"closed","template":"","meta":[],"product_brand":[],"product_cat":[137],"product_tag":[],"class_list":{"0":"post-10405","1":"product","2":"type-product","3":"status-publish","5":"product_cat-maros-megyei-eletrajzi-lexikon","7":"first","8":"instock","9":"shipping-taxable","10":"product-type-simple"},"_links":{"self":[{"href":"https:\/\/uj.adatbank.ro\/lexikon\/wp-json\/wp\/v2\/product\/10405","targetHints":{"allow":["GET"]}}],"collection":[{"href":"https:\/\/uj.adatbank.ro\/lexikon\/wp-json\/wp\/v2\/product"}],"about":[{"href":"https:\/\/uj.adatbank.ro\/lexikon\/wp-json\/wp\/v2\/types\/product"}],"replies":[{"embeddable":true,"href":"https:\/\/uj.adatbank.ro\/lexikon\/wp-json\/wp\/v2\/comments?post=10405"}],"wp:attachment":[{"href":"https:\/\/uj.adatbank.ro\/lexikon\/wp-json\/wp\/v2\/media?parent=10405"}],"wp:term":[{"taxonomy":"product_brand","embeddable":true,"href":"https:\/\/uj.adatbank.ro\/lexikon\/wp-json\/wp\/v2\/product_brand?post=10405"},{"taxonomy":"product_cat","embeddable":true,"href":"https:\/\/uj.adatbank.ro\/lexikon\/wp-json\/wp\/v2\/product_cat?post=10405"},{"taxonomy":"product_tag","embeddable":true,"href":"https:\/\/uj.adatbank.ro\/lexikon\/wp-json\/wp\/v2\/product_tag?post=10405"}],"curies":[{"name":"wp","href":"https:\/\/api.w.org\/{rel}","templated":true}]}}