{"id":10408,"date":"2025-06-29T13:19:04","date_gmt":"2025-06-29T11:19:04","guid":{"rendered":"https:\/\/uj.adatbank.ro\/lexikon\/termek\/incze-istvan-3\/"},"modified":"2025-06-29T13:19:04","modified_gmt":"2025-06-29T11:19:04","slug":"incze-istvan-3","status":"publish","type":"product","link":"https:\/\/uj.adatbank.ro\/lexikon\/termek\/incze-istvan-3\/","title":{"rendered":"INCZE Istv\u00e1n"},"content":{"rendered":"<p>1943 \u2013 , fot\u00f3m\u0171v\u00e9sz. \u2013 A mv.-i Fot\u00f3klub eln\u00f6ke (2004\u20132011). <br \/><strong>Irod.:<\/strong> Nagy Mikl\u00f3s Kund: Hetven\u00e9ves a Marx J\u00f3zsef Fot\u00f3klub (N\u00fa., M\u00fazsa, 1607. sz., 2023. okt. 21.); <\/br><\/p>\n","protected":false},"excerpt":{"rendered":"<p>1943 \u2013 , fot\u00f3m\u0171v\u00e9sz. \u2013 A mv.-i Fot\u00f3klub eln\u00f6ke (2004\u20132011). Irod.: Nagy Mikl\u00f3s Kund: Hetven\u00e9ves a Marx J\u00f3zsef Fot\u00f3klub (N\u00fa., M\u00fazsa, 1607. sz., 2023. okt. 21.);<\/p>\n","protected":false},"featured_media":0,"comment_status":"open","ping_status":"closed","template":"","meta":[],"product_brand":[],"product_cat":[137],"product_tag":[],"class_list":{"0":"post-10408","1":"product","2":"type-product","3":"status-publish","5":"product_cat-maros-megyei-eletrajzi-lexikon","7":"first","8":"instock","9":"shipping-taxable","10":"product-type-simple"},"_links":{"self":[{"href":"https:\/\/uj.adatbank.ro\/lexikon\/wp-json\/wp\/v2\/product\/10408","targetHints":{"allow":["GET"]}}],"collection":[{"href":"https:\/\/uj.adatbank.ro\/lexikon\/wp-json\/wp\/v2\/product"}],"about":[{"href":"https:\/\/uj.adatbank.ro\/lexikon\/wp-json\/wp\/v2\/types\/product"}],"replies":[{"embeddable":true,"href":"https:\/\/uj.adatbank.ro\/lexikon\/wp-json\/wp\/v2\/comments?post=10408"}],"wp:attachment":[{"href":"https:\/\/uj.adatbank.ro\/lexikon\/wp-json\/wp\/v2\/media?parent=10408"}],"wp:term":[{"taxonomy":"product_brand","embeddable":true,"href":"https:\/\/uj.adatbank.ro\/lexikon\/wp-json\/wp\/v2\/product_brand?post=10408"},{"taxonomy":"product_cat","embeddable":true,"href":"https:\/\/uj.adatbank.ro\/lexikon\/wp-json\/wp\/v2\/product_cat?post=10408"},{"taxonomy":"product_tag","embeddable":true,"href":"https:\/\/uj.adatbank.ro\/lexikon\/wp-json\/wp\/v2\/product_tag?post=10408"}],"curies":[{"name":"wp","href":"https:\/\/api.w.org\/{rel}","templated":true}]}}