{"id":10410,"date":"2025-06-29T13:19:07","date_gmt":"2025-06-29T11:19:07","guid":{"rendered":"https:\/\/uj.adatbank.ro\/lexikon\/termek\/incze-istvan-kisgorgenyi-es-csikfalvi\/"},"modified":"2025-06-29T13:19:07","modified_gmt":"2025-06-29T11:19:07","slug":"incze-istvan-kisgorgenyi-es-csikfalvi","status":"publish","type":"product","link":"https:\/\/uj.adatbank.ro\/lexikon\/termek\/incze-istvan-kisgorgenyi-es-csikfalvi\/","title":{"rendered":"INCZE Istv\u00e1n, kisg\u00f6rg\u00e9nyi \u00e9s csikfalvi"},"content":{"rendered":"<p>? \u2020\u00a0?: nemes. \u2013 A marossz\u00e9ki \u0151snemes sz\u00e9kely csal\u00e1d els\u0151 ismert tagja, a kerel\u0151szentp\u00e1li csat\u00e1ban B\u00e1thory Istv\u00e1n oldal\u00e1n harcolt (1575). <br \/><strong>Irod.:<\/strong> Kempelen; \u00daIL<\/br><\/p>\n","protected":false},"excerpt":{"rendered":"<p>? \u2020\u00a0?: nemes. \u2013 A marossz\u00e9ki \u0151snemes sz\u00e9kely csal\u00e1d els\u0151 ismert tagja, a kerel\u0151szentp\u00e1li csat\u00e1ban B\u00e1thory Istv\u00e1n oldal\u00e1n harcolt (1575). Irod.: Kempelen; \u00daIL<\/p>\n","protected":false},"featured_media":0,"comment_status":"open","ping_status":"closed","template":"","meta":[],"product_brand":[],"product_cat":[137],"product_tag":[],"class_list":{"0":"post-10410","1":"product","2":"type-product","3":"status-publish","5":"product_cat-maros-megyei-eletrajzi-lexikon","7":"first","8":"instock","9":"shipping-taxable","10":"product-type-simple"},"_links":{"self":[{"href":"https:\/\/uj.adatbank.ro\/lexikon\/wp-json\/wp\/v2\/product\/10410","targetHints":{"allow":["GET"]}}],"collection":[{"href":"https:\/\/uj.adatbank.ro\/lexikon\/wp-json\/wp\/v2\/product"}],"about":[{"href":"https:\/\/uj.adatbank.ro\/lexikon\/wp-json\/wp\/v2\/types\/product"}],"replies":[{"embeddable":true,"href":"https:\/\/uj.adatbank.ro\/lexikon\/wp-json\/wp\/v2\/comments?post=10410"}],"wp:attachment":[{"href":"https:\/\/uj.adatbank.ro\/lexikon\/wp-json\/wp\/v2\/media?parent=10410"}],"wp:term":[{"taxonomy":"product_brand","embeddable":true,"href":"https:\/\/uj.adatbank.ro\/lexikon\/wp-json\/wp\/v2\/product_brand?post=10410"},{"taxonomy":"product_cat","embeddable":true,"href":"https:\/\/uj.adatbank.ro\/lexikon\/wp-json\/wp\/v2\/product_cat?post=10410"},{"taxonomy":"product_tag","embeddable":true,"href":"https:\/\/uj.adatbank.ro\/lexikon\/wp-json\/wp\/v2\/product_tag?post=10410"}],"curies":[{"name":"wp","href":"https:\/\/api.w.org\/{rel}","templated":true}]}}