{"id":10412,"date":"2025-06-29T13:19:10","date_gmt":"2025-06-29T11:19:10","guid":{"rendered":"https:\/\/uj.adatbank.ro\/lexikon\/termek\/incze-istvan-lisznyoi-intze-istvan-2\/"},"modified":"2025-06-29T13:19:10","modified_gmt":"2025-06-29T11:19:10","slug":"incze-istvan-lisznyoi-intze-istvan-2","status":"publish","type":"product","link":"https:\/\/uj.adatbank.ro\/lexikon\/termek\/incze-istvan-lisznyoi-intze-istvan-2\/","title":{"rendered":"INCZE Istv\u00e1n, liszny\u00f3i; Intze Istv\u00e1n"},"content":{"rendered":"<p>1783.?, \u2020\u00a0Mv., 1863. okt. 28.: \u00fcgyv\u00e9d. \u2013 Feles\u00e9ge Mohai Zsuzs\u00e1nna. \u2013 Kir\u00e1lyi t\u00e1blai \u00e9s orsz\u00e1gos \u00fcgyv\u00e9d 50 \u00e9ven \u00e1t. Kit\u0171n\u0151 jog\u00e1sz h\u00edr\u00e9ben \u00e1llt, k\u00fcl\u00f6n\u00f6sen Gecse D\u00e1niel v\u00e9grendelet\u00e9nek v\u00e9grehajt\u00e1s\u00e1ban Vir\u00e1g D\u00e1niel v\u00e1rosi szen\u00e1torral sikeresen tev\u00e9kenykedett. Mikesz\u00e1szon kelt v\u00e9grendelet\u00e9vel 1000 forintot hagyott a mv.-i Ref. Koll. -ban tanul\u00f3 szeg\u00e9ny ifjak seg\u00e9lyez\u00e9s\u00e9re (1813), valamint a mikesz\u00e1szi, tordai \u00e9s k\u00e9zdiv\u00e1s\u00e1rhelyi ref. egyh\u00e1zaknak 1000\u20131000 forintot templom\u00e9p\u00edt\u00e9sre (1816). <br \/><strong>Irod.:<\/strong> Csekme; Gy\u00e1szjelent\u0151, Kr\u00f3n. F\u00fcz.<\/br><\/p>\n","protected":false},"excerpt":{"rendered":"<p>1783.?, \u2020\u00a0Mv., 1863. okt. 28.: \u00fcgyv\u00e9d. \u2013 Feles\u00e9ge Mohai Zsuzs\u00e1nna. \u2013 Kir\u00e1lyi t\u00e1blai \u00e9s orsz\u00e1gos \u00fcgyv\u00e9d 50 \u00e9ven \u00e1t. Kit\u0171n\u0151 jog\u00e1sz h\u00edr\u00e9ben \u00e1llt, k\u00fcl\u00f6n\u00f6sen Gecse D\u00e1niel v\u00e9grendelet\u00e9nek v\u00e9grehajt\u00e1s\u00e1ban Vir\u00e1g D\u00e1niel v\u00e1rosi szen\u00e1torral sikeresen tev\u00e9kenykedett. Mikesz\u00e1szon kelt v\u00e9grendelet\u00e9vel 1000 forintot hagyott a mv.-i Ref. Koll. -ban tanul\u00f3 szeg\u00e9ny ifjak seg\u00e9lyez\u00e9s\u00e9re (1813), valamint a mikesz\u00e1szi, tordai \u00e9s [&hellip;]<\/p>\n","protected":false},"featured_media":0,"comment_status":"open","ping_status":"closed","template":"","meta":[],"product_brand":[],"product_cat":[137],"product_tag":[],"class_list":{"0":"post-10412","1":"product","2":"type-product","3":"status-publish","5":"product_cat-maros-megyei-eletrajzi-lexikon","7":"first","8":"instock","9":"shipping-taxable","10":"product-type-simple"},"_links":{"self":[{"href":"https:\/\/uj.adatbank.ro\/lexikon\/wp-json\/wp\/v2\/product\/10412","targetHints":{"allow":["GET"]}}],"collection":[{"href":"https:\/\/uj.adatbank.ro\/lexikon\/wp-json\/wp\/v2\/product"}],"about":[{"href":"https:\/\/uj.adatbank.ro\/lexikon\/wp-json\/wp\/v2\/types\/product"}],"replies":[{"embeddable":true,"href":"https:\/\/uj.adatbank.ro\/lexikon\/wp-json\/wp\/v2\/comments?post=10412"}],"wp:attachment":[{"href":"https:\/\/uj.adatbank.ro\/lexikon\/wp-json\/wp\/v2\/media?parent=10412"}],"wp:term":[{"taxonomy":"product_brand","embeddable":true,"href":"https:\/\/uj.adatbank.ro\/lexikon\/wp-json\/wp\/v2\/product_brand?post=10412"},{"taxonomy":"product_cat","embeddable":true,"href":"https:\/\/uj.adatbank.ro\/lexikon\/wp-json\/wp\/v2\/product_cat?post=10412"},{"taxonomy":"product_tag","embeddable":true,"href":"https:\/\/uj.adatbank.ro\/lexikon\/wp-json\/wp\/v2\/product_tag?post=10412"}],"curies":[{"name":"wp","href":"https:\/\/api.w.org\/{rel}","templated":true}]}}