{"id":10416,"date":"2025-06-29T13:19:15","date_gmt":"2025-06-29T11:19:15","guid":{"rendered":"https:\/\/uj.adatbank.ro\/lexikon\/termek\/incze-ivan\/"},"modified":"2025-06-29T13:19:15","modified_gmt":"2025-06-29T11:19:15","slug":"incze-ivan","status":"publish","type":"product","link":"https:\/\/uj.adatbank.ro\/lexikon\/termek\/incze-ivan\/","title":{"rendered":"INCZE Iv\u00e1n"},"content":{"rendered":"<p>1924.? \u2020\u00a0Mv., 1997. j\u00fan. 21.: vegy\u00e9sz. <br \/><strong>Irod.:<\/strong> [Nekrol\u00f3g] (N\u00fa., 1997. j\u00fan. 24.)<\/br><\/p>\n","protected":false},"excerpt":{"rendered":"<p>1924.? \u2020\u00a0Mv., 1997. j\u00fan. 21.: vegy\u00e9sz. Irod.: [Nekrol\u00f3g] (N\u00fa., 1997. j\u00fan. 24.)<\/p>\n","protected":false},"featured_media":0,"comment_status":"open","ping_status":"closed","template":"","meta":[],"product_brand":[],"product_cat":[137],"product_tag":[],"class_list":{"0":"post-10416","1":"product","2":"type-product","3":"status-publish","5":"product_cat-maros-megyei-eletrajzi-lexikon","7":"first","8":"instock","9":"shipping-taxable","10":"product-type-simple"},"_links":{"self":[{"href":"https:\/\/uj.adatbank.ro\/lexikon\/wp-json\/wp\/v2\/product\/10416","targetHints":{"allow":["GET"]}}],"collection":[{"href":"https:\/\/uj.adatbank.ro\/lexikon\/wp-json\/wp\/v2\/product"}],"about":[{"href":"https:\/\/uj.adatbank.ro\/lexikon\/wp-json\/wp\/v2\/types\/product"}],"replies":[{"embeddable":true,"href":"https:\/\/uj.adatbank.ro\/lexikon\/wp-json\/wp\/v2\/comments?post=10416"}],"wp:attachment":[{"href":"https:\/\/uj.adatbank.ro\/lexikon\/wp-json\/wp\/v2\/media?parent=10416"}],"wp:term":[{"taxonomy":"product_brand","embeddable":true,"href":"https:\/\/uj.adatbank.ro\/lexikon\/wp-json\/wp\/v2\/product_brand?post=10416"},{"taxonomy":"product_cat","embeddable":true,"href":"https:\/\/uj.adatbank.ro\/lexikon\/wp-json\/wp\/v2\/product_cat?post=10416"},{"taxonomy":"product_tag","embeddable":true,"href":"https:\/\/uj.adatbank.ro\/lexikon\/wp-json\/wp\/v2\/product_tag?post=10416"}],"curies":[{"name":"wp","href":"https:\/\/api.w.org\/{rel}","templated":true}]}}