{"id":10417,"date":"2025-06-29T13:19:18","date_gmt":"2025-06-29T11:19:18","guid":{"rendered":"https:\/\/uj.adatbank.ro\/lexikon\/termek\/incze-janos\/"},"modified":"2025-06-29T13:19:18","modified_gmt":"2025-06-29T11:19:18","slug":"incze-janos","status":"publish","type":"product","link":"https:\/\/uj.adatbank.ro\/lexikon\/termek\/incze-janos\/","title":{"rendered":"INCZE J\u00e1nos"},"content":{"rendered":"<p>1734., \u2020\u00a0?: ref. lelk\u00e9sz. \u2013 Mv.-en subscrib\u00e1lt (1757). Rektor volt V\u00e1mosg\u00e1lfalv\u00e1n (1761\u201363). A mv.-i zsinaton ordin\u00e1t\u00e1k (1765). Sz\u0151kefalv\u00e1n lelk\u00e9szt (1765\u201368), K\u00fck\u00fcll\u0151sz\u00e9plakon (1768\u201376). Magyardell\u0151n (1776\u201377, 1780\u20131800) \u00e9s Maroscsap\u00f3n (1778\u201379). <br \/><strong>Irod.:<\/strong> K\u00fck\u00fcll\u0151i Ref. Egyh\u00e1zm. 3., 4.; Nagy L\u00e1szl\u00f3<\/br><\/p>\n","protected":false},"excerpt":{"rendered":"<p>1734., \u2020\u00a0?: ref. lelk\u00e9sz. \u2013 Mv.-en subscrib\u00e1lt (1757). Rektor volt V\u00e1mosg\u00e1lfalv\u00e1n (1761\u201363). A mv.-i zsinaton ordin\u00e1t\u00e1k (1765). Sz\u0151kefalv\u00e1n lelk\u00e9szt (1765\u201368), K\u00fck\u00fcll\u0151sz\u00e9plakon (1768\u201376). Magyardell\u0151n (1776\u201377, 1780\u20131800) \u00e9s Maroscsap\u00f3n (1778\u201379). Irod.: K\u00fck\u00fcll\u0151i Ref. Egyh\u00e1zm. 3., 4.; Nagy L\u00e1szl\u00f3<\/p>\n","protected":false},"featured_media":0,"comment_status":"open","ping_status":"closed","template":"","meta":[],"product_brand":[],"product_cat":[137],"product_tag":[],"class_list":{"0":"post-10417","1":"product","2":"type-product","3":"status-publish","5":"product_cat-maros-megyei-eletrajzi-lexikon","7":"first","8":"instock","9":"shipping-taxable","10":"product-type-simple"},"_links":{"self":[{"href":"https:\/\/uj.adatbank.ro\/lexikon\/wp-json\/wp\/v2\/product\/10417","targetHints":{"allow":["GET"]}}],"collection":[{"href":"https:\/\/uj.adatbank.ro\/lexikon\/wp-json\/wp\/v2\/product"}],"about":[{"href":"https:\/\/uj.adatbank.ro\/lexikon\/wp-json\/wp\/v2\/types\/product"}],"replies":[{"embeddable":true,"href":"https:\/\/uj.adatbank.ro\/lexikon\/wp-json\/wp\/v2\/comments?post=10417"}],"wp:attachment":[{"href":"https:\/\/uj.adatbank.ro\/lexikon\/wp-json\/wp\/v2\/media?parent=10417"}],"wp:term":[{"taxonomy":"product_brand","embeddable":true,"href":"https:\/\/uj.adatbank.ro\/lexikon\/wp-json\/wp\/v2\/product_brand?post=10417"},{"taxonomy":"product_cat","embeddable":true,"href":"https:\/\/uj.adatbank.ro\/lexikon\/wp-json\/wp\/v2\/product_cat?post=10417"},{"taxonomy":"product_tag","embeddable":true,"href":"https:\/\/uj.adatbank.ro\/lexikon\/wp-json\/wp\/v2\/product_tag?post=10417"}],"curies":[{"name":"wp","href":"https:\/\/api.w.org\/{rel}","templated":true}]}}