{"id":10419,"date":"2025-06-29T13:19:25","date_gmt":"2025-06-29T11:19:25","guid":{"rendered":"https:\/\/uj.adatbank.ro\/lexikon\/termek\/incze-janos-%c2%a7-kisgorgenyi-es-csikfalvi\/"},"modified":"2025-06-29T13:19:25","modified_gmt":"2025-06-29T11:19:25","slug":"incze-janos-%c2%a7-kisgorgenyi-es-csikfalvi","status":"publish","type":"product","link":"https:\/\/uj.adatbank.ro\/lexikon\/termek\/incze-janos-%c2%a7-kisgorgenyi-es-csikfalvi\/","title":{"rendered":"INCZE J\u00e1nos, \u00a7 kisg\u00f6rg\u00e9nyi \u00e9s cs\u00edkfalvi"},"content":{"rendered":"<p>\u00c1kosfalva, 1888, \u2020 ?: orvos. \u2013 F\u0151orvos k\u00f6rorvos volt Rettegen. R\u00e9szt vett az I. vh. -ban (1914\u201318), az orosz, szerb \u00e9s az alb\u00e1n fronton, a mostari hely\u0151rs\u00e9gi k\u00f3rh\u00e1z \u00e9s a viszokoi kik\u00e9pz\u0151csoport orvosa volt. Megsebes\u00fclt. Kit\u00fcntet\u00e9sekkel szerelt le. <br \/><strong>Irod.:<\/strong> Erd\u00e9lyi ezredek<\/br><\/p>\n","protected":false},"excerpt":{"rendered":"<p>\u00c1kosfalva, 1888, \u2020 ?: orvos. \u2013 F\u0151orvos k\u00f6rorvos volt Rettegen. R\u00e9szt vett az I. vh. -ban (1914\u201318), az orosz, szerb \u00e9s az alb\u00e1n fronton, a mostari hely\u0151rs\u00e9gi k\u00f3rh\u00e1z \u00e9s a viszokoi kik\u00e9pz\u0151csoport orvosa volt. Megsebes\u00fclt. Kit\u00fcntet\u00e9sekkel szerelt le. Irod.: Erd\u00e9lyi ezredek<\/p>\n","protected":false},"featured_media":0,"comment_status":"open","ping_status":"closed","template":"","meta":[],"product_brand":[],"product_cat":[137],"product_tag":[],"class_list":{"0":"post-10419","1":"product","2":"type-product","3":"status-publish","5":"product_cat-maros-megyei-eletrajzi-lexikon","7":"first","8":"instock","9":"shipping-taxable","10":"product-type-simple"},"_links":{"self":[{"href":"https:\/\/uj.adatbank.ro\/lexikon\/wp-json\/wp\/v2\/product\/10419","targetHints":{"allow":["GET"]}}],"collection":[{"href":"https:\/\/uj.adatbank.ro\/lexikon\/wp-json\/wp\/v2\/product"}],"about":[{"href":"https:\/\/uj.adatbank.ro\/lexikon\/wp-json\/wp\/v2\/types\/product"}],"replies":[{"embeddable":true,"href":"https:\/\/uj.adatbank.ro\/lexikon\/wp-json\/wp\/v2\/comments?post=10419"}],"wp:attachment":[{"href":"https:\/\/uj.adatbank.ro\/lexikon\/wp-json\/wp\/v2\/media?parent=10419"}],"wp:term":[{"taxonomy":"product_brand","embeddable":true,"href":"https:\/\/uj.adatbank.ro\/lexikon\/wp-json\/wp\/v2\/product_brand?post=10419"},{"taxonomy":"product_cat","embeddable":true,"href":"https:\/\/uj.adatbank.ro\/lexikon\/wp-json\/wp\/v2\/product_cat?post=10419"},{"taxonomy":"product_tag","embeddable":true,"href":"https:\/\/uj.adatbank.ro\/lexikon\/wp-json\/wp\/v2\/product_tag?post=10419"}],"curies":[{"name":"wp","href":"https:\/\/api.w.org\/{rel}","templated":true}]}}