{"id":10421,"date":"2025-06-29T13:19:31","date_gmt":"2025-06-29T11:19:31","guid":{"rendered":"https:\/\/uj.adatbank.ro\/lexikon\/termek\/incze-jozsef-intze-jozsef\/"},"modified":"2025-06-29T13:19:31","modified_gmt":"2025-06-29T11:19:31","slug":"incze-jozsef-intze-jozsef","status":"publish","type":"product","link":"https:\/\/uj.adatbank.ro\/lexikon\/termek\/incze-jozsef-intze-jozsef\/","title":{"rendered":"INCZE J\u00f3zsef, Intze J\u00f3zsef"},"content":{"rendered":"<p>? \u2020 ? : ref. lelk\u00e9sz. \u2013 Enyeden subscrib\u00e1lt (1749). \u00c1kosfalv\u00e1n (1759) \u00e9s Sz\u00e9kelyabodban (1762\u201367) volt l\u00e9vita. A g\u00f6rg\u00e9nyi egyh\u00e1zmegy\u00e9be (1766. \u00e1pr. 30. \u2013), az abaf\u00e1ji gy\u00fclekezetben szolg\u00e1lt (1768\u201370), majd Magyarf\u00fclp\u00f6s\u00f6n volt lelk\u00e9sz (1771\u201372). <br \/><strong>Irod.:<\/strong> Imreh Barna; \u0150sz; Sipos G\u00e1bor<\/br><\/p>\n","protected":false},"excerpt":{"rendered":"<p>? \u2020 ? : ref. lelk\u00e9sz. \u2013 Enyeden subscrib\u00e1lt (1749). \u00c1kosfalv\u00e1n (1759) \u00e9s Sz\u00e9kelyabodban (1762\u201367) volt l\u00e9vita. A g\u00f6rg\u00e9nyi egyh\u00e1zmegy\u00e9be (1766. \u00e1pr. 30. \u2013), az abaf\u00e1ji gy\u00fclekezetben szolg\u00e1lt (1768\u201370), majd Magyarf\u00fclp\u00f6s\u00f6n volt lelk\u00e9sz (1771\u201372). Irod.: Imreh Barna; \u0150sz; Sipos G\u00e1bor<\/p>\n","protected":false},"featured_media":0,"comment_status":"open","ping_status":"closed","template":"","meta":[],"product_brand":[],"product_cat":[137],"product_tag":[],"class_list":{"0":"post-10421","1":"product","2":"type-product","3":"status-publish","5":"product_cat-maros-megyei-eletrajzi-lexikon","7":"first","8":"instock","9":"shipping-taxable","10":"product-type-simple"},"_links":{"self":[{"href":"https:\/\/uj.adatbank.ro\/lexikon\/wp-json\/wp\/v2\/product\/10421","targetHints":{"allow":["GET"]}}],"collection":[{"href":"https:\/\/uj.adatbank.ro\/lexikon\/wp-json\/wp\/v2\/product"}],"about":[{"href":"https:\/\/uj.adatbank.ro\/lexikon\/wp-json\/wp\/v2\/types\/product"}],"replies":[{"embeddable":true,"href":"https:\/\/uj.adatbank.ro\/lexikon\/wp-json\/wp\/v2\/comments?post=10421"}],"wp:attachment":[{"href":"https:\/\/uj.adatbank.ro\/lexikon\/wp-json\/wp\/v2\/media?parent=10421"}],"wp:term":[{"taxonomy":"product_brand","embeddable":true,"href":"https:\/\/uj.adatbank.ro\/lexikon\/wp-json\/wp\/v2\/product_brand?post=10421"},{"taxonomy":"product_cat","embeddable":true,"href":"https:\/\/uj.adatbank.ro\/lexikon\/wp-json\/wp\/v2\/product_cat?post=10421"},{"taxonomy":"product_tag","embeddable":true,"href":"https:\/\/uj.adatbank.ro\/lexikon\/wp-json\/wp\/v2\/product_tag?post=10421"}],"curies":[{"name":"wp","href":"https:\/\/api.w.org\/{rel}","templated":true}]}}