{"id":10423,"date":"2025-06-29T13:19:34","date_gmt":"2025-06-29T11:19:34","guid":{"rendered":"https:\/\/uj.adatbank.ro\/lexikon\/termek\/incze-jozsef-tuka-incze-iii\/"},"modified":"2025-06-29T13:19:34","modified_gmt":"2025-06-29T11:19:34","slug":"incze-jozsef-tuka-incze-iii","status":"publish","type":"product","link":"https:\/\/uj.adatbank.ro\/lexikon\/termek\/incze-jozsef-tuka-incze-iii\/","title":{"rendered":"INCZE J\u00f3zsef, Tuka, Incze III."},"content":{"rendered":"<p>1922., \u2020 Mv., 1997. dec. 1.: sportol\u00f3. \u2013 Testv\u00e9rei: Gabi, Paci. \u2013 A PMTE tagja (1937\u2013), labdar\u00fag\u00f3 (1939\u2013) az MTE ifj\u00fas\u00e1gi csapat\u00e1ban. J\u00e9gkorongoz\u00f3 a Muresulban (1939\u2013), negyven \u00e9ves kor\u00e1ig, 24-szer volt a v\u00e1logatott csapat tagja. Tagja volt az orsz\u00e1gos bajnoks\u00e1got nyert RATA, majd CCA csapat\u00e1nak. T\u00edz \u00e9vig futball \u00e9s n\u00e9h\u00e1ny \u00e9vig j\u00e9gkorong edz\u0151 is volt. <br \/><strong>Irod.:<\/strong> [Nekrol\u00f3g] (N\u00fa., 1997. dec.); Pluh\u00e1r; Weisz S\u00e1ndor: Az Incze testv\u00e9rek (V. Z., 1969. \u00e1pr. 27.)<\/br><\/p>\n","protected":false},"excerpt":{"rendered":"<p>1922., \u2020 Mv., 1997. dec. 1.: sportol\u00f3. \u2013 Testv\u00e9rei: Gabi, Paci. \u2013 A PMTE tagja (1937\u2013), labdar\u00fag\u00f3 (1939\u2013) az MTE ifj\u00fas\u00e1gi csapat\u00e1ban. J\u00e9gkorongoz\u00f3 a Muresulban (1939\u2013), negyven \u00e9ves kor\u00e1ig, 24-szer volt a v\u00e1logatott csapat tagja. Tagja volt az orsz\u00e1gos bajnoks\u00e1got nyert RATA, majd CCA csapat\u00e1nak. T\u00edz \u00e9vig futball \u00e9s n\u00e9h\u00e1ny \u00e9vig j\u00e9gkorong edz\u0151 is volt. [&hellip;]<\/p>\n","protected":false},"featured_media":0,"comment_status":"open","ping_status":"closed","template":"","meta":[],"product_brand":[],"product_cat":[137],"product_tag":[],"class_list":{"0":"post-10423","1":"product","2":"type-product","3":"status-publish","5":"product_cat-maros-megyei-eletrajzi-lexikon","7":"first","8":"instock","9":"shipping-taxable","10":"product-type-simple"},"_links":{"self":[{"href":"https:\/\/uj.adatbank.ro\/lexikon\/wp-json\/wp\/v2\/product\/10423","targetHints":{"allow":["GET"]}}],"collection":[{"href":"https:\/\/uj.adatbank.ro\/lexikon\/wp-json\/wp\/v2\/product"}],"about":[{"href":"https:\/\/uj.adatbank.ro\/lexikon\/wp-json\/wp\/v2\/types\/product"}],"replies":[{"embeddable":true,"href":"https:\/\/uj.adatbank.ro\/lexikon\/wp-json\/wp\/v2\/comments?post=10423"}],"wp:attachment":[{"href":"https:\/\/uj.adatbank.ro\/lexikon\/wp-json\/wp\/v2\/media?parent=10423"}],"wp:term":[{"taxonomy":"product_brand","embeddable":true,"href":"https:\/\/uj.adatbank.ro\/lexikon\/wp-json\/wp\/v2\/product_brand?post=10423"},{"taxonomy":"product_cat","embeddable":true,"href":"https:\/\/uj.adatbank.ro\/lexikon\/wp-json\/wp\/v2\/product_cat?post=10423"},{"taxonomy":"product_tag","embeddable":true,"href":"https:\/\/uj.adatbank.ro\/lexikon\/wp-json\/wp\/v2\/product_tag?post=10423"}],"curies":[{"name":"wp","href":"https:\/\/api.w.org\/{rel}","templated":true}]}}