{"id":10425,"date":"2025-06-29T13:19:37","date_gmt":"2025-06-29T11:19:37","guid":{"rendered":"https:\/\/uj.adatbank.ro\/lexikon\/termek\/incze-lajos-%c2%a7\/"},"modified":"2025-06-29T13:19:37","modified_gmt":"2025-06-29T11:19:37","slug":"incze-lajos-%c2%a7","status":"publish","type":"product","link":"https:\/\/uj.adatbank.ro\/lexikon\/termek\/incze-lajos-%c2%a7\/","title":{"rendered":"INCZE Lajos, \u00a7"},"content":{"rendered":"<p>? \u2020\u00a0?: f\u00e9nyk\u00e9p\u00e9sz, sportol\u00f3. \u2013 Az MSE tagja (1902\u2013), a ker\u00e9kp\u00e1rverseny gy\u0151ztesei k\u00f6z\u00f6tt volt (1902. j\u00fan. 21.). M\u0171terme volt Mv.-en Csonka \u00e9s Incze (1904). <br \/><strong>Irod.:<\/strong> Illy\u00e9s; Mikl\u00f3si-Sikes<\/br><\/p>\n","protected":false},"excerpt":{"rendered":"<p>? \u2020\u00a0?: f\u00e9nyk\u00e9p\u00e9sz, sportol\u00f3. \u2013 Az MSE tagja (1902\u2013), a ker\u00e9kp\u00e1rverseny gy\u0151ztesei k\u00f6z\u00f6tt volt (1902. j\u00fan. 21.). M\u0171terme volt Mv.-en Csonka \u00e9s Incze (1904). Irod.: Illy\u00e9s; Mikl\u00f3si-Sikes<\/p>\n","protected":false},"featured_media":0,"comment_status":"open","ping_status":"closed","template":"","meta":[],"product_brand":[],"product_cat":[137],"product_tag":[],"class_list":{"0":"post-10425","1":"product","2":"type-product","3":"status-publish","5":"product_cat-maros-megyei-eletrajzi-lexikon","7":"first","8":"instock","9":"shipping-taxable","10":"product-type-simple"},"_links":{"self":[{"href":"https:\/\/uj.adatbank.ro\/lexikon\/wp-json\/wp\/v2\/product\/10425","targetHints":{"allow":["GET"]}}],"collection":[{"href":"https:\/\/uj.adatbank.ro\/lexikon\/wp-json\/wp\/v2\/product"}],"about":[{"href":"https:\/\/uj.adatbank.ro\/lexikon\/wp-json\/wp\/v2\/types\/product"}],"replies":[{"embeddable":true,"href":"https:\/\/uj.adatbank.ro\/lexikon\/wp-json\/wp\/v2\/comments?post=10425"}],"wp:attachment":[{"href":"https:\/\/uj.adatbank.ro\/lexikon\/wp-json\/wp\/v2\/media?parent=10425"}],"wp:term":[{"taxonomy":"product_brand","embeddable":true,"href":"https:\/\/uj.adatbank.ro\/lexikon\/wp-json\/wp\/v2\/product_brand?post=10425"},{"taxonomy":"product_cat","embeddable":true,"href":"https:\/\/uj.adatbank.ro\/lexikon\/wp-json\/wp\/v2\/product_cat?post=10425"},{"taxonomy":"product_tag","embeddable":true,"href":"https:\/\/uj.adatbank.ro\/lexikon\/wp-json\/wp\/v2\/product_tag?post=10425"}],"curies":[{"name":"wp","href":"https:\/\/api.w.org\/{rel}","templated":true}]}}