{"id":10427,"date":"2025-06-29T13:19:43","date_gmt":"2025-06-29T11:19:43","guid":{"rendered":"https:\/\/uj.adatbank.ro\/lexikon\/termek\/incze-marton\/"},"modified":"2025-06-29T13:19:43","modified_gmt":"2025-06-29T11:19:43","slug":"incze-marton","status":"publish","type":"product","link":"https:\/\/uj.adatbank.ro\/lexikon\/termek\/incze-marton\/","title":{"rendered":"INCZE M\u00e1rton"},"content":{"rendered":"<p>? \u2020\u00a0?: birtokos. \u2013 Kisg\u00f6rg\u00e9nyi birtokos. V\u00e9grendeletileg k\u00e9t \u00f6kr\u00f6t hagyott a kisg\u00f6rg\u00e9nyi ref. egyh\u00e1znak (1608 el\u0151tt), valamint egy bibli\u00e1t is adom\u00e1nyozott az egyh\u00e1znak. C\u00edmerszerz\u0151 (1629\u201360). <br \/><strong>Irod.:<\/strong> K. L. M\u0171v. t\u00f6rt. tan. 1,. L\u00e9sty\u00e1n \u2013 templomok 1.; S\u00e1ndor<\/br><\/p>\n","protected":false},"excerpt":{"rendered":"<p>? \u2020\u00a0?: birtokos. \u2013 Kisg\u00f6rg\u00e9nyi birtokos. V\u00e9grendeletileg k\u00e9t \u00f6kr\u00f6t hagyott a kisg\u00f6rg\u00e9nyi ref. egyh\u00e1znak (1608 el\u0151tt), valamint egy bibli\u00e1t is adom\u00e1nyozott az egyh\u00e1znak. C\u00edmerszerz\u0151 (1629\u201360). Irod.: K. L. M\u0171v. t\u00f6rt. tan. 1,. L\u00e9sty\u00e1n \u2013 templomok 1.; S\u00e1ndor<\/p>\n","protected":false},"featured_media":0,"comment_status":"open","ping_status":"closed","template":"","meta":[],"product_brand":[],"product_cat":[137],"product_tag":[],"class_list":{"0":"post-10427","1":"product","2":"type-product","3":"status-publish","5":"product_cat-maros-megyei-eletrajzi-lexikon","7":"first","8":"instock","9":"shipping-taxable","10":"product-type-simple"},"_links":{"self":[{"href":"https:\/\/uj.adatbank.ro\/lexikon\/wp-json\/wp\/v2\/product\/10427","targetHints":{"allow":["GET"]}}],"collection":[{"href":"https:\/\/uj.adatbank.ro\/lexikon\/wp-json\/wp\/v2\/product"}],"about":[{"href":"https:\/\/uj.adatbank.ro\/lexikon\/wp-json\/wp\/v2\/types\/product"}],"replies":[{"embeddable":true,"href":"https:\/\/uj.adatbank.ro\/lexikon\/wp-json\/wp\/v2\/comments?post=10427"}],"wp:attachment":[{"href":"https:\/\/uj.adatbank.ro\/lexikon\/wp-json\/wp\/v2\/media?parent=10427"}],"wp:term":[{"taxonomy":"product_brand","embeddable":true,"href":"https:\/\/uj.adatbank.ro\/lexikon\/wp-json\/wp\/v2\/product_brand?post=10427"},{"taxonomy":"product_cat","embeddable":true,"href":"https:\/\/uj.adatbank.ro\/lexikon\/wp-json\/wp\/v2\/product_cat?post=10427"},{"taxonomy":"product_tag","embeddable":true,"href":"https:\/\/uj.adatbank.ro\/lexikon\/wp-json\/wp\/v2\/product_tag?post=10427"}],"curies":[{"name":"wp","href":"https:\/\/api.w.org\/{rel}","templated":true}]}}