{"id":10429,"date":"2025-06-29T13:19:46","date_gmt":"2025-06-29T11:19:46","guid":{"rendered":"https:\/\/uj.adatbank.ro\/lexikon\/termek\/incze-marton-ince-marton\/"},"modified":"2025-06-29T13:19:46","modified_gmt":"2025-06-29T11:19:46","slug":"incze-marton-ince-marton","status":"publish","type":"product","link":"https:\/\/uj.adatbank.ro\/lexikon\/termek\/incze-marton-ince-marton\/","title":{"rendered":"INCZE M\u00e1rton, Ince M\u00e1rton"},"content":{"rendered":"<p>Mv., 1917. \u00e1pr. 24., \u2020\u00a0Rozen Weliky, 1944. aug. 9.: tizedes. \u2013 Benk\u0151 Zsuzsanna fia. \u2013 A 27\/I. t\u00e1bori t\u00fcz\u00e9roszt\u00e1ly, 2. \u00fctegben tizedes. <br \/><strong>Irod.:<\/strong> Berekm\u00e9ri 2015<\/br><\/p>\n","protected":false},"excerpt":{"rendered":"<p>Mv., 1917. \u00e1pr. 24., \u2020\u00a0Rozen Weliky, 1944. aug. 9.: tizedes. \u2013 Benk\u0151 Zsuzsanna fia. \u2013 A 27\/I. t\u00e1bori t\u00fcz\u00e9roszt\u00e1ly, 2. \u00fctegben tizedes. Irod.: Berekm\u00e9ri 2015<\/p>\n","protected":false},"featured_media":0,"comment_status":"open","ping_status":"closed","template":"","meta":[],"product_brand":[],"product_cat":[137],"product_tag":[],"class_list":{"0":"post-10429","1":"product","2":"type-product","3":"status-publish","5":"product_cat-maros-megyei-eletrajzi-lexikon","7":"first","8":"instock","9":"shipping-taxable","10":"product-type-simple"},"_links":{"self":[{"href":"https:\/\/uj.adatbank.ro\/lexikon\/wp-json\/wp\/v2\/product\/10429","targetHints":{"allow":["GET"]}}],"collection":[{"href":"https:\/\/uj.adatbank.ro\/lexikon\/wp-json\/wp\/v2\/product"}],"about":[{"href":"https:\/\/uj.adatbank.ro\/lexikon\/wp-json\/wp\/v2\/types\/product"}],"replies":[{"embeddable":true,"href":"https:\/\/uj.adatbank.ro\/lexikon\/wp-json\/wp\/v2\/comments?post=10429"}],"wp:attachment":[{"href":"https:\/\/uj.adatbank.ro\/lexikon\/wp-json\/wp\/v2\/media?parent=10429"}],"wp:term":[{"taxonomy":"product_brand","embeddable":true,"href":"https:\/\/uj.adatbank.ro\/lexikon\/wp-json\/wp\/v2\/product_brand?post=10429"},{"taxonomy":"product_cat","embeddable":true,"href":"https:\/\/uj.adatbank.ro\/lexikon\/wp-json\/wp\/v2\/product_cat?post=10429"},{"taxonomy":"product_tag","embeddable":true,"href":"https:\/\/uj.adatbank.ro\/lexikon\/wp-json\/wp\/v2\/product_tag?post=10429"}],"curies":[{"name":"wp","href":"https:\/\/api.w.org\/{rel}","templated":true}]}}