{"id":10432,"date":"2025-06-29T13:19:52","date_gmt":"2025-06-29T11:19:52","guid":{"rendered":"https:\/\/uj.adatbank.ro\/lexikon\/termek\/incze-mate-nagybaconi\/"},"modified":"2025-06-29T13:19:52","modified_gmt":"2025-06-29T11:19:52","slug":"incze-mate-nagybaconi","status":"publish","type":"product","link":"https:\/\/uj.adatbank.ro\/lexikon\/termek\/incze-mate-nagybaconi\/","title":{"rendered":"INCZE M\u00e1t\u00e9, nagybaconi"},"content":{"rendered":"<p>Nagybacon, 1678. szept. 24., \u2020 Kv., 1742. szept. 19.: tan\u00e1r, ref. lelk\u00e9sz. \u2013 Feles\u00e9ge: bogd\u00e1nyi Sajg\u00f3 Erzs\u00e9bet (\u2020 1757?). \u2013 Teleki Mih\u00e1ly udvari papja volt (1707\u201308). \u2013 <strong>F. m.:<\/strong> Halotti besz\u00e9d Vinczei M\u00e1ria, Szathm\u00e1r N\u00e9methi S\u00e1mueln\u00e9    felett, 1715. dec. 13. (Kv., 1716.); Halotti besz\u00e9d Szathm\u00e1r N\u00e9methi S\u00e1muel felett, 1718. jan. 20. (Kv., 1718.); Halotti besz\u00e9d magyargyer\u0151monostori Kem\u00e9ny Simon \u00e9s J\u00e1nos felett, 1722. (Kv., 1724.). <br \/><strong>Irod.:<\/strong> Halotti besz\u00e9dek; P. Buzog\u00e1ny \u00c1rp\u00e1d: \u00c9vfordul\u00f3ink (\u00d6r\u00f6ks\u00e9g\u00fcnk, 2. sz., 2007.)<\/br><\/p>\n","protected":false},"excerpt":{"rendered":"<p>Nagybacon, 1678. szept. 24., \u2020 Kv., 1742. szept. 19.: tan\u00e1r, ref. lelk\u00e9sz. \u2013 Feles\u00e9ge: bogd\u00e1nyi Sajg\u00f3 Erzs\u00e9bet (\u2020 1757?). \u2013 Teleki Mih\u00e1ly udvari papja volt (1707\u201308). \u2013 F. m.: Halotti besz\u00e9d Vinczei M\u00e1ria, Szathm\u00e1r N\u00e9methi S\u00e1mueln\u00e9 felett, 1715. dec. 13. (Kv., 1716.); Halotti besz\u00e9d Szathm\u00e1r N\u00e9methi S\u00e1muel felett, 1718. jan. 20. (Kv., 1718.); Halotti besz\u00e9d [&hellip;]<\/p>\n","protected":false},"featured_media":0,"comment_status":"open","ping_status":"closed","template":"","meta":[],"product_brand":[],"product_cat":[137],"product_tag":[],"class_list":{"0":"post-10432","1":"product","2":"type-product","3":"status-publish","5":"product_cat-maros-megyei-eletrajzi-lexikon","7":"first","8":"instock","9":"shipping-taxable","10":"product-type-simple"},"_links":{"self":[{"href":"https:\/\/uj.adatbank.ro\/lexikon\/wp-json\/wp\/v2\/product\/10432","targetHints":{"allow":["GET"]}}],"collection":[{"href":"https:\/\/uj.adatbank.ro\/lexikon\/wp-json\/wp\/v2\/product"}],"about":[{"href":"https:\/\/uj.adatbank.ro\/lexikon\/wp-json\/wp\/v2\/types\/product"}],"replies":[{"embeddable":true,"href":"https:\/\/uj.adatbank.ro\/lexikon\/wp-json\/wp\/v2\/comments?post=10432"}],"wp:attachment":[{"href":"https:\/\/uj.adatbank.ro\/lexikon\/wp-json\/wp\/v2\/media?parent=10432"}],"wp:term":[{"taxonomy":"product_brand","embeddable":true,"href":"https:\/\/uj.adatbank.ro\/lexikon\/wp-json\/wp\/v2\/product_brand?post=10432"},{"taxonomy":"product_cat","embeddable":true,"href":"https:\/\/uj.adatbank.ro\/lexikon\/wp-json\/wp\/v2\/product_cat?post=10432"},{"taxonomy":"product_tag","embeddable":true,"href":"https:\/\/uj.adatbank.ro\/lexikon\/wp-json\/wp\/v2\/product_tag?post=10432"}],"curies":[{"name":"wp","href":"https:\/\/api.w.org\/{rel}","templated":true}]}}