{"id":10434,"date":"2025-06-29T13:19:55","date_gmt":"2025-06-29T11:19:55","guid":{"rendered":"https:\/\/uj.adatbank.ro\/lexikon\/termek\/incze-samuel-2\/"},"modified":"2025-06-29T13:19:55","modified_gmt":"2025-06-29T11:19:55","slug":"incze-samuel-2","status":"publish","type":"product","link":"https:\/\/uj.adatbank.ro\/lexikon\/termek\/incze-samuel-2\/","title":{"rendered":"INCZE S\u00e1muel"},"content":{"rendered":"<p>? \u2020 ?: ref. lelk\u00e9sz. \u2013 Tanult Mv.-en (1771), Nagyenyeden subscrib\u00e1lt (1773). Peregrin\u00e1lt Bernben, Marburgban (1779). A s\u00e1rdi zsinaton ordin\u00e1lt\u00e1k (1783), Magyars\u00fcly\u00e9n (1783\u201385), Kv.-on (1785\u2013), Harangl\u00e1bon (1787\u201388), Magyarherep\u00e9n (1789\u201390) szolg\u00e1lt. <br \/><strong>Irod.:<\/strong> K\u00fck\u00fcll\u0151i Ref. Egyh\u00e1zm. 2., 3.<\/br><\/p>\n","protected":false},"excerpt":{"rendered":"<p>? \u2020 ?: ref. lelk\u00e9sz. \u2013 Tanult Mv.-en (1771), Nagyenyeden subscrib\u00e1lt (1773). Peregrin\u00e1lt Bernben, Marburgban (1779). A s\u00e1rdi zsinaton ordin\u00e1lt\u00e1k (1783), Magyars\u00fcly\u00e9n (1783\u201385), Kv.-on (1785\u2013), Harangl\u00e1bon (1787\u201388), Magyarherep\u00e9n (1789\u201390) szolg\u00e1lt. Irod.: K\u00fck\u00fcll\u0151i Ref. Egyh\u00e1zm. 2., 3.<\/p>\n","protected":false},"featured_media":0,"comment_status":"open","ping_status":"closed","template":"","meta":[],"product_brand":[],"product_cat":[137],"product_tag":[],"class_list":{"0":"post-10434","1":"product","2":"type-product","3":"status-publish","5":"product_cat-maros-megyei-eletrajzi-lexikon","7":"first","8":"instock","9":"shipping-taxable","10":"product-type-simple"},"_links":{"self":[{"href":"https:\/\/uj.adatbank.ro\/lexikon\/wp-json\/wp\/v2\/product\/10434","targetHints":{"allow":["GET"]}}],"collection":[{"href":"https:\/\/uj.adatbank.ro\/lexikon\/wp-json\/wp\/v2\/product"}],"about":[{"href":"https:\/\/uj.adatbank.ro\/lexikon\/wp-json\/wp\/v2\/types\/product"}],"replies":[{"embeddable":true,"href":"https:\/\/uj.adatbank.ro\/lexikon\/wp-json\/wp\/v2\/comments?post=10434"}],"wp:attachment":[{"href":"https:\/\/uj.adatbank.ro\/lexikon\/wp-json\/wp\/v2\/media?parent=10434"}],"wp:term":[{"taxonomy":"product_brand","embeddable":true,"href":"https:\/\/uj.adatbank.ro\/lexikon\/wp-json\/wp\/v2\/product_brand?post=10434"},{"taxonomy":"product_cat","embeddable":true,"href":"https:\/\/uj.adatbank.ro\/lexikon\/wp-json\/wp\/v2\/product_cat?post=10434"},{"taxonomy":"product_tag","embeddable":true,"href":"https:\/\/uj.adatbank.ro\/lexikon\/wp-json\/wp\/v2\/product_tag?post=10434"}],"curies":[{"name":"wp","href":"https:\/\/api.w.org\/{rel}","templated":true}]}}