{"id":10435,"date":"2025-06-29T13:19:56","date_gmt":"2025-06-29T11:19:56","guid":{"rendered":"https:\/\/uj.adatbank.ro\/lexikon\/termek\/incze-samuel-intze-samuel-nagysolymosi\/"},"modified":"2025-06-29T13:19:56","modified_gmt":"2025-06-29T11:19:56","slug":"incze-samuel-intze-samuel-nagysolymosi","status":"publish","type":"product","link":"https:\/\/uj.adatbank.ro\/lexikon\/termek\/incze-samuel-intze-samuel-nagysolymosi\/","title":{"rendered":"INCZE S\u00e1muel, Intze S\u00e1muel, nagysolymosi"},"content":{"rendered":"<p>1765., \u2020 Mv., 1833. aug. 23.: k\u00e1ntor. \u2013 A mv.-i v\u00e1rtemplombeli ref. templomban k\u00e1ntor \u00e9s orgonista. V\u00e1rosi t\u00f6rv\u00e9nyhat\u00f3s\u00e1gi bizotts\u00e1gi tag (1805). Sz\u00e9kelyudvarhelyen volt k\u00e1ntor. <br \/><strong>Irod.:<\/strong> H\u0171s\u00e9gnyilatkozatok; Keszeg; Kr\u00f3n. F\u00fcz. (1939. 4\/6); P\u00e1lmay J\u00f3zsef<\/br><\/p>\n","protected":false},"excerpt":{"rendered":"<p>1765., \u2020 Mv., 1833. aug. 23.: k\u00e1ntor. \u2013 A mv.-i v\u00e1rtemplombeli ref. templomban k\u00e1ntor \u00e9s orgonista. V\u00e1rosi t\u00f6rv\u00e9nyhat\u00f3s\u00e1gi bizotts\u00e1gi tag (1805). Sz\u00e9kelyudvarhelyen volt k\u00e1ntor. Irod.: H\u0171s\u00e9gnyilatkozatok; Keszeg; Kr\u00f3n. F\u00fcz. (1939. 4\/6); P\u00e1lmay J\u00f3zsef<\/p>\n","protected":false},"featured_media":0,"comment_status":"open","ping_status":"closed","template":"","meta":[],"product_brand":[],"product_cat":[137],"product_tag":[],"class_list":{"0":"post-10435","1":"product","2":"type-product","3":"status-publish","5":"product_cat-maros-megyei-eletrajzi-lexikon","7":"first","8":"instock","9":"shipping-taxable","10":"product-type-simple"},"_links":{"self":[{"href":"https:\/\/uj.adatbank.ro\/lexikon\/wp-json\/wp\/v2\/product\/10435","targetHints":{"allow":["GET"]}}],"collection":[{"href":"https:\/\/uj.adatbank.ro\/lexikon\/wp-json\/wp\/v2\/product"}],"about":[{"href":"https:\/\/uj.adatbank.ro\/lexikon\/wp-json\/wp\/v2\/types\/product"}],"replies":[{"embeddable":true,"href":"https:\/\/uj.adatbank.ro\/lexikon\/wp-json\/wp\/v2\/comments?post=10435"}],"wp:attachment":[{"href":"https:\/\/uj.adatbank.ro\/lexikon\/wp-json\/wp\/v2\/media?parent=10435"}],"wp:term":[{"taxonomy":"product_brand","embeddable":true,"href":"https:\/\/uj.adatbank.ro\/lexikon\/wp-json\/wp\/v2\/product_brand?post=10435"},{"taxonomy":"product_cat","embeddable":true,"href":"https:\/\/uj.adatbank.ro\/lexikon\/wp-json\/wp\/v2\/product_cat?post=10435"},{"taxonomy":"product_tag","embeddable":true,"href":"https:\/\/uj.adatbank.ro\/lexikon\/wp-json\/wp\/v2\/product_tag?post=10435"}],"curies":[{"name":"wp","href":"https:\/\/api.w.org\/{rel}","templated":true}]}}