{"id":10437,"date":"2025-06-29T13:20:00","date_gmt":"2025-06-29T11:20:00","guid":{"rendered":"https:\/\/uj.adatbank.ro\/lexikon\/termek\/inczedy-joksman-nandor-nagyvaradi-joksmann-nandor\/"},"modified":"2025-06-29T13:20:00","modified_gmt":"2025-06-29T11:20:00","slug":"inczedy-joksman-nandor-nagyvaradi-joksmann-nandor","status":"publish","type":"product","link":"https:\/\/uj.adatbank.ro\/lexikon\/termek\/inczedy-joksman-nandor-nagyvaradi-joksmann-nandor\/","title":{"rendered":"INCZ\u00c9DY JOKSMAN N\u00e1ndor, nagyv\u00e1radi, Joksmann N\u00e1ndor"},"content":{"rendered":"<p>? \u2020\u00a0? : f\u00f6ldbirtokos, f\u0151isp\u00e1n. \u2013 J. N\u00e1ndor \u00e9s di\u00f3dv\u00e1rlajai Wass Irma (1850 \u2013 Mv., 1924. \u00e1pr. 16) fia. Testv\u00e9re: \u00d6d\u00f6n, mindketten Incz\u00e9dy-Joksman csal\u00e1dn\u00e9vvel \u00e9s Nagyv\u00e1radi el\u0151n\u00e9vvel m. nemess\u00e9get kaptak (1906). Feles\u00e9ge: maxai M\u00e1riaffi M\u00e1ria (1865 \u2013 Mv., 1924. jan. 11.). \u2013 F\u0151hadnagy. a Mv..-i Kaszin\u00f3 v\u00e1lasztm\u00e1nyi tagja (1905\u2013). Mv. f\u0151isp\u00e1nja (1917\u201319). Mv-en fogadta a Piave mell\u0151l hazat\u00e9r\u0151 9. husz\u00e1rezredet (1918. nov. 23.). Az Erd\u00e9lyr\u00e9szi \u00c9p\u00edt\u0151ipari Rt eln\u00f6ke (1919). A mv.-i r. k. egyh\u00e1zk\u00f6zs\u00e9g gondnoka (1922-\u00a0?). Az OMP v\u00e1s\u00e1rhelyi int\u00e9z\u0151bizotts\u00e1g\u00e1nak tagja (1927). A Ref. Szanat\u00f3rium igazgat\u00f3s\u00e1g\u00e1nak tagja (1940). Az \u00e1llamos\u00edt\u00e1s (1949) ut\u00e1n a mv.-i Cukorgy\u00e1rban munk\u00e1s. <br \/><strong>Irod.:<\/strong> Barab\u00e1s Kisanna. 2009; Bi\u00e1s Istv\u00e1n; Gy\u00e1szjelent\u0151; Id\u0151t\u00e1r 2; Id\u0151t\u00e1r 3; Koszta; Maros-k\u00fck\u00fcll\u0151i f\u0151esp.; Mik\u00f3; Pan\u0103; \u00daIL<\/br><\/p>\n","protected":false},"excerpt":{"rendered":"<p>? \u2020\u00a0? : f\u00f6ldbirtokos, f\u0151isp\u00e1n. \u2013 J. N\u00e1ndor \u00e9s di\u00f3dv\u00e1rlajai Wass Irma (1850 \u2013 Mv., 1924. \u00e1pr. 16) fia. Testv\u00e9re: \u00d6d\u00f6n, mindketten Incz\u00e9dy-Joksman csal\u00e1dn\u00e9vvel \u00e9s Nagyv\u00e1radi el\u0151n\u00e9vvel m. nemess\u00e9get kaptak (1906). Feles\u00e9ge: maxai M\u00e1riaffi M\u00e1ria (1865 \u2013 Mv., 1924. jan. 11.). \u2013 F\u0151hadnagy. a Mv..-i Kaszin\u00f3 v\u00e1lasztm\u00e1nyi tagja (1905\u2013). Mv. f\u0151isp\u00e1nja (1917\u201319). Mv-en fogadta a [&hellip;]<\/p>\n","protected":false},"featured_media":0,"comment_status":"open","ping_status":"closed","template":"","meta":[],"product_brand":[],"product_cat":[137],"product_tag":[],"class_list":{"0":"post-10437","1":"product","2":"type-product","3":"status-publish","5":"product_cat-maros-megyei-eletrajzi-lexikon","7":"first","8":"instock","9":"shipping-taxable","10":"product-type-simple"},"_links":{"self":[{"href":"https:\/\/uj.adatbank.ro\/lexikon\/wp-json\/wp\/v2\/product\/10437","targetHints":{"allow":["GET"]}}],"collection":[{"href":"https:\/\/uj.adatbank.ro\/lexikon\/wp-json\/wp\/v2\/product"}],"about":[{"href":"https:\/\/uj.adatbank.ro\/lexikon\/wp-json\/wp\/v2\/types\/product"}],"replies":[{"embeddable":true,"href":"https:\/\/uj.adatbank.ro\/lexikon\/wp-json\/wp\/v2\/comments?post=10437"}],"wp:attachment":[{"href":"https:\/\/uj.adatbank.ro\/lexikon\/wp-json\/wp\/v2\/media?parent=10437"}],"wp:term":[{"taxonomy":"product_brand","embeddable":true,"href":"https:\/\/uj.adatbank.ro\/lexikon\/wp-json\/wp\/v2\/product_brand?post=10437"},{"taxonomy":"product_cat","embeddable":true,"href":"https:\/\/uj.adatbank.ro\/lexikon\/wp-json\/wp\/v2\/product_cat?post=10437"},{"taxonomy":"product_tag","embeddable":true,"href":"https:\/\/uj.adatbank.ro\/lexikon\/wp-json\/wp\/v2\/product_tag?post=10437"}],"curies":[{"name":"wp","href":"https:\/\/api.w.org\/{rel}","templated":true}]}}