{"id":10438,"date":"2025-06-29T13:20:05","date_gmt":"2025-06-29T11:20:05","guid":{"rendered":"https:\/\/uj.adatbank.ro\/lexikon\/termek\/inczedy-joksman-odon-nagyvaradi\/"},"modified":"2025-06-29T13:20:05","modified_gmt":"2025-06-29T11:20:05","slug":"inczedy-joksman-odon-nagyvaradi","status":"publish","type":"product","link":"https:\/\/uj.adatbank.ro\/lexikon\/termek\/inczedy-joksman-odon-nagyvaradi\/","title":{"rendered":"INCZ\u00c9DY JOKSMAN \u00d6d\u00f6n, nagyv\u00e1radi"},"content":{"rendered":"<p>? \u2020\u00a01947 : f\u00f6ldbirtokos. \u2013 J. N\u00e1ndor \u00e9s di\u00f3dv\u00e1rlajai Wass Irma (1850 \u2013 Mv., 1924. \u00e1pr. 16) fia. Testv\u00e9re: N\u00e1ndor, mindketten Incz\u00e9dy-Joksman csal\u00e1dn\u00e9vvel \u00e9s Nagyv\u00e1radi el\u0151n\u00e9vvel m. nemess\u00e9get kaptak (1906). Feles\u00e9ge: sz\u00e9plaki Petrichevich-Horv\u00e1th Melanie (1876-Mv., 1949. j\u00fal. 17.) (esk. 1906). <br \/><strong>Irod.:<\/strong> Lev\u00e9lt\u00e1ri gy\u00e1szj.<\/br><\/p>\n","protected":false},"excerpt":{"rendered":"<p>? \u2020\u00a01947 : f\u00f6ldbirtokos. \u2013 J. N\u00e1ndor \u00e9s di\u00f3dv\u00e1rlajai Wass Irma (1850 \u2013 Mv., 1924. \u00e1pr. 16) fia. Testv\u00e9re: N\u00e1ndor, mindketten Incz\u00e9dy-Joksman csal\u00e1dn\u00e9vvel \u00e9s Nagyv\u00e1radi el\u0151n\u00e9vvel m. nemess\u00e9get kaptak (1906). Feles\u00e9ge: sz\u00e9plaki Petrichevich-Horv\u00e1th Melanie (1876-Mv., 1949. j\u00fal. 17.) (esk. 1906). Irod.: Lev\u00e9lt\u00e1ri gy\u00e1szj.<\/p>\n","protected":false},"featured_media":0,"comment_status":"open","ping_status":"closed","template":"","meta":[],"product_brand":[],"product_cat":[137],"product_tag":[],"class_list":{"0":"post-10438","1":"product","2":"type-product","3":"status-publish","5":"product_cat-maros-megyei-eletrajzi-lexikon","7":"first","8":"instock","9":"shipping-taxable","10":"product-type-simple"},"_links":{"self":[{"href":"https:\/\/uj.adatbank.ro\/lexikon\/wp-json\/wp\/v2\/product\/10438","targetHints":{"allow":["GET"]}}],"collection":[{"href":"https:\/\/uj.adatbank.ro\/lexikon\/wp-json\/wp\/v2\/product"}],"about":[{"href":"https:\/\/uj.adatbank.ro\/lexikon\/wp-json\/wp\/v2\/types\/product"}],"replies":[{"embeddable":true,"href":"https:\/\/uj.adatbank.ro\/lexikon\/wp-json\/wp\/v2\/comments?post=10438"}],"wp:attachment":[{"href":"https:\/\/uj.adatbank.ro\/lexikon\/wp-json\/wp\/v2\/media?parent=10438"}],"wp:term":[{"taxonomy":"product_brand","embeddable":true,"href":"https:\/\/uj.adatbank.ro\/lexikon\/wp-json\/wp\/v2\/product_brand?post=10438"},{"taxonomy":"product_cat","embeddable":true,"href":"https:\/\/uj.adatbank.ro\/lexikon\/wp-json\/wp\/v2\/product_cat?post=10438"},{"taxonomy":"product_tag","embeddable":true,"href":"https:\/\/uj.adatbank.ro\/lexikon\/wp-json\/wp\/v2\/product_tag?post=10438"}],"curies":[{"name":"wp","href":"https:\/\/api.w.org\/{rel}","templated":true}]}}