{"id":10440,"date":"2025-06-29T13:20:07","date_gmt":"2025-06-29T11:20:07","guid":{"rendered":"https:\/\/uj.adatbank.ro\/lexikon\/termek\/inczeffy-karoly\/"},"modified":"2025-06-29T13:20:07","modified_gmt":"2025-06-29T11:20:07","slug":"inczeffy-karoly","status":"publish","type":"product","link":"https:\/\/uj.adatbank.ro\/lexikon\/termek\/inczeffy-karoly\/","title":{"rendered":"INCZEFFY K\u00e1roly"},"content":{"rendered":"<p>1905.? \u2020 Mv., 1992. j\u00fan. 5.: f\u0151gy\u00f3gyszer\u00e9sz. <br \/><strong>Irod.:<\/strong> [Nekrol\u00f3g] (N\u00fa., 1992. j\u00fan. 9.)<\/br><\/p>\n","protected":false},"excerpt":{"rendered":"<p>1905.? \u2020 Mv., 1992. j\u00fan. 5.: f\u0151gy\u00f3gyszer\u00e9sz. Irod.: [Nekrol\u00f3g] (N\u00fa., 1992. j\u00fan. 9.)<\/p>\n","protected":false},"featured_media":0,"comment_status":"open","ping_status":"closed","template":"","meta":[],"product_brand":[],"product_cat":[137],"product_tag":[],"class_list":{"0":"post-10440","1":"product","2":"type-product","3":"status-publish","5":"product_cat-maros-megyei-eletrajzi-lexikon","7":"first","8":"instock","9":"shipping-taxable","10":"product-type-simple"},"_links":{"self":[{"href":"https:\/\/uj.adatbank.ro\/lexikon\/wp-json\/wp\/v2\/product\/10440","targetHints":{"allow":["GET"]}}],"collection":[{"href":"https:\/\/uj.adatbank.ro\/lexikon\/wp-json\/wp\/v2\/product"}],"about":[{"href":"https:\/\/uj.adatbank.ro\/lexikon\/wp-json\/wp\/v2\/types\/product"}],"replies":[{"embeddable":true,"href":"https:\/\/uj.adatbank.ro\/lexikon\/wp-json\/wp\/v2\/comments?post=10440"}],"wp:attachment":[{"href":"https:\/\/uj.adatbank.ro\/lexikon\/wp-json\/wp\/v2\/media?parent=10440"}],"wp:term":[{"taxonomy":"product_brand","embeddable":true,"href":"https:\/\/uj.adatbank.ro\/lexikon\/wp-json\/wp\/v2\/product_brand?post=10440"},{"taxonomy":"product_cat","embeddable":true,"href":"https:\/\/uj.adatbank.ro\/lexikon\/wp-json\/wp\/v2\/product_cat?post=10440"},{"taxonomy":"product_tag","embeddable":true,"href":"https:\/\/uj.adatbank.ro\/lexikon\/wp-json\/wp\/v2\/product_tag?post=10440"}],"curies":[{"name":"wp","href":"https:\/\/api.w.org\/{rel}","templated":true}]}}