{"id":10442,"date":"2025-06-29T13:20:11","date_gmt":"2025-06-29T11:20:11","guid":{"rendered":"https:\/\/uj.adatbank.ro\/lexikon\/termek\/inczefi-lajos\/"},"modified":"2025-06-29T13:20:11","modified_gmt":"2025-06-29T11:20:11","slug":"inczefi-lajos","status":"publish","type":"product","link":"https:\/\/uj.adatbank.ro\/lexikon\/termek\/inczefi-lajos\/","title":{"rendered":"INCZEFI Lajos"},"content":{"rendered":"<p>Sz\u00e1szr\u00e9gen, 1903. m\u00e1rc. 16., \u2020\u00a0?\u00a0: vegy\u00e9szm\u00e9rn\u00f6k, szak\u00edr\u00f3. \u2013 Sz\u00fcl\u0151v\u00e1ros\u00e1ban tanult; a mv.-i Ref. Koll. -ban \u00e9retts\u00e9gizett (1922); a bp.-i M\u0171egyetemen szerzett vegy\u00e9szm\u00e9rn\u00f6ki diplom\u00e1t (1927). A Botfalusi Cukorgy\u00e1rban kezdte p\u00e1ly\u00e1j\u00e1t (1930\u201345); a kv.-i Dermata Cip\u0151gy\u00e1r f\u0151m\u00e9rn\u00f6ke (1945\u2013); a brass\u00f3i B\u0151r- \u00e9s Cip\u0151gy\u00e1r f\u0151m\u00e9rn\u00f6ke (1948\u2013); a kv.-i Chimica Sz\u00f6vetkezet m\u00e9rn\u00f6ke (1952\u2013), ahol sz\u00e1mos f\u0171szern\u00f6v\u00e9nyt \u00e9rt\u00e9kes\u00edt\u0151 technol\u00f3gi\u00e1t dolgozott ki; nyugd\u00edjba vonult (1964). Els\u0151 \u00edr\u00e1s\u00e1t a brass\u00f3i V\u00f6r\u00f6s Z\u00e1szl\u00f3 k\u00f6z\u00f6lte (1951). Ismeretterjeszt\u0151 term\u00e9szettudom\u00e1nyi cikkeit k\u00f6z\u00f6lte: a brass\u00f3i V\u00f6r\u00f6s Z\u00e1szl\u00f3, A H\u00e9t, Tet. \u2013 <strong>F. m.:<\/strong> \u00cdzek, zamatok, illatok: F\u0171szern\u00f6v\u00e9nyeink \u00e9s felhaszn\u00e1l\u00e1suk (Kv., 1975); Vegy\u00e9szeti bark\u00e1csol\u00f3 (Kv., 1985). <br \/><strong>Irod.:<\/strong> D. L. \/Dankanits L\u00e1szl\u00f3\/ : Mint egy r\u00e9gi j\u00f3 gy\u00f3gyszerk\u00f6nyv (A H\u00e9t , 8. sz., 1976.); Profiluri reghinene; RMIL; Tett (1979. 1.)<\/br><\/p>\n","protected":false},"excerpt":{"rendered":"<p>Sz\u00e1szr\u00e9gen, 1903. m\u00e1rc. 16., \u2020\u00a0?\u00a0: vegy\u00e9szm\u00e9rn\u00f6k, szak\u00edr\u00f3. \u2013 Sz\u00fcl\u0151v\u00e1ros\u00e1ban tanult; a mv.-i Ref. Koll. -ban \u00e9retts\u00e9gizett (1922); a bp.-i M\u0171egyetemen szerzett vegy\u00e9szm\u00e9rn\u00f6ki diplom\u00e1t (1927). A Botfalusi Cukorgy\u00e1rban kezdte p\u00e1ly\u00e1j\u00e1t (1930\u201345); a kv.-i Dermata Cip\u0151gy\u00e1r f\u0151m\u00e9rn\u00f6ke (1945\u2013); a brass\u00f3i B\u0151r- \u00e9s Cip\u0151gy\u00e1r f\u0151m\u00e9rn\u00f6ke (1948\u2013); a kv.-i Chimica Sz\u00f6vetkezet m\u00e9rn\u00f6ke (1952\u2013), ahol sz\u00e1mos f\u0171szern\u00f6v\u00e9nyt \u00e9rt\u00e9kes\u00edt\u0151 technol\u00f3gi\u00e1t dolgozott [&hellip;]<\/p>\n","protected":false},"featured_media":0,"comment_status":"open","ping_status":"closed","template":"","meta":[],"product_brand":[],"product_cat":[137],"product_tag":[],"class_list":{"0":"post-10442","1":"product","2":"type-product","3":"status-publish","5":"product_cat-maros-megyei-eletrajzi-lexikon","7":"first","8":"instock","9":"shipping-taxable","10":"product-type-simple"},"_links":{"self":[{"href":"https:\/\/uj.adatbank.ro\/lexikon\/wp-json\/wp\/v2\/product\/10442","targetHints":{"allow":["GET"]}}],"collection":[{"href":"https:\/\/uj.adatbank.ro\/lexikon\/wp-json\/wp\/v2\/product"}],"about":[{"href":"https:\/\/uj.adatbank.ro\/lexikon\/wp-json\/wp\/v2\/types\/product"}],"replies":[{"embeddable":true,"href":"https:\/\/uj.adatbank.ro\/lexikon\/wp-json\/wp\/v2\/comments?post=10442"}],"wp:attachment":[{"href":"https:\/\/uj.adatbank.ro\/lexikon\/wp-json\/wp\/v2\/media?parent=10442"}],"wp:term":[{"taxonomy":"product_brand","embeddable":true,"href":"https:\/\/uj.adatbank.ro\/lexikon\/wp-json\/wp\/v2\/product_brand?post=10442"},{"taxonomy":"product_cat","embeddable":true,"href":"https:\/\/uj.adatbank.ro\/lexikon\/wp-json\/wp\/v2\/product_cat?post=10442"},{"taxonomy":"product_tag","embeddable":true,"href":"https:\/\/uj.adatbank.ro\/lexikon\/wp-json\/wp\/v2\/product_tag?post=10442"}],"curies":[{"name":"wp","href":"https:\/\/api.w.org\/{rel}","templated":true}]}}