{"id":10443,"date":"2025-06-29T13:20:13","date_gmt":"2025-06-29T11:20:13","guid":{"rendered":"https:\/\/uj.adatbank.ro\/lexikon\/termek\/inczene-sarkany-ilona\/"},"modified":"2025-06-29T13:20:13","modified_gmt":"2025-06-29T11:20:13","slug":"inczene-sarkany-ilona","status":"publish","type":"product","link":"https:\/\/uj.adatbank.ro\/lexikon\/termek\/inczene-sarkany-ilona\/","title":{"rendered":"INCZ\u00c9N\u00c9 S\u00c1RK\u00c1NY Ilona"},"content":{"rendered":"<p>Mv., 1918. \u2020\u00a0? : fest\u0151 \u00e9s iparm\u0171v\u00e9sz. Autodidakta, m\u0171v\u00e9szi k\u00e9pzetts\u00e9ggel. <br \/><strong>Irod.:<\/strong> Szab\u00f3\u2013K\u00e1llai<\/br><\/p>\n","protected":false},"excerpt":{"rendered":"<p>Mv., 1918. \u2020\u00a0? : fest\u0151 \u00e9s iparm\u0171v\u00e9sz. Autodidakta, m\u0171v\u00e9szi k\u00e9pzetts\u00e9ggel. Irod.: Szab\u00f3\u2013K\u00e1llai<\/p>\n","protected":false},"featured_media":0,"comment_status":"open","ping_status":"closed","template":"","meta":[],"product_brand":[],"product_cat":[137],"product_tag":[],"class_list":{"0":"post-10443","1":"product","2":"type-product","3":"status-publish","5":"product_cat-maros-megyei-eletrajzi-lexikon","7":"first","8":"instock","9":"shipping-taxable","10":"product-type-simple"},"_links":{"self":[{"href":"https:\/\/uj.adatbank.ro\/lexikon\/wp-json\/wp\/v2\/product\/10443","targetHints":{"allow":["GET"]}}],"collection":[{"href":"https:\/\/uj.adatbank.ro\/lexikon\/wp-json\/wp\/v2\/product"}],"about":[{"href":"https:\/\/uj.adatbank.ro\/lexikon\/wp-json\/wp\/v2\/types\/product"}],"replies":[{"embeddable":true,"href":"https:\/\/uj.adatbank.ro\/lexikon\/wp-json\/wp\/v2\/comments?post=10443"}],"wp:attachment":[{"href":"https:\/\/uj.adatbank.ro\/lexikon\/wp-json\/wp\/v2\/media?parent=10443"}],"wp:term":[{"taxonomy":"product_brand","embeddable":true,"href":"https:\/\/uj.adatbank.ro\/lexikon\/wp-json\/wp\/v2\/product_brand?post=10443"},{"taxonomy":"product_cat","embeddable":true,"href":"https:\/\/uj.adatbank.ro\/lexikon\/wp-json\/wp\/v2\/product_cat?post=10443"},{"taxonomy":"product_tag","embeddable":true,"href":"https:\/\/uj.adatbank.ro\/lexikon\/wp-json\/wp\/v2\/product_tag?post=10443"}],"curies":[{"name":"wp","href":"https:\/\/api.w.org\/{rel}","templated":true}]}}