{"id":10444,"date":"2025-06-29T13:20:15","date_gmt":"2025-06-29T11:20:15","guid":{"rendered":"https:\/\/uj.adatbank.ro\/lexikon\/termek\/indig-izrael\/"},"modified":"2025-06-29T13:20:15","modified_gmt":"2025-06-29T11:20:15","slug":"indig-izrael","status":"publish","type":"product","link":"https:\/\/uj.adatbank.ro\/lexikon\/termek\/indig-izrael\/","title":{"rendered":"INDIG Izrael"},"content":{"rendered":"<p>? \u2020\u00a0?\u00a0: kaz\u00e1nkezel\u0151. \u2013 A mv.-i zsid\u00f3 f\u00fcrd\u0151 (\u00e9p\u00fclt 1924) b\u00e9rl\u0151je volt (1932\u201335 k.). F\u00fcrd\u0151kezel\u0151k\u00e9nt kaz\u00e1nkezel\u0151i szakk\u00e9pes\u00edt\u00e9ssel is rendelkezett, amire a g\u0151zf\u00fcrd\u0151 \u00fczemeltet\u00e9s\u00e9n\u00e9l volt sz\u00fcks\u00e9g. <br \/><strong>Irod.:<\/strong> Sebesty\u00e9n Mih\u00e1ly-Diamanstein Gy\u00f6rgy: Egy els\u00fclyedt vil\u00e1g \u00e9breszt\u00e9se = Eml\u00e9kk. Szab\u00f3 Mikl\u00f3s<\/br><\/p>\n","protected":false},"excerpt":{"rendered":"<p>? \u2020\u00a0?\u00a0: kaz\u00e1nkezel\u0151. \u2013 A mv.-i zsid\u00f3 f\u00fcrd\u0151 (\u00e9p\u00fclt 1924) b\u00e9rl\u0151je volt (1932\u201335 k.). F\u00fcrd\u0151kezel\u0151k\u00e9nt kaz\u00e1nkezel\u0151i szakk\u00e9pes\u00edt\u00e9ssel is rendelkezett, amire a g\u0151zf\u00fcrd\u0151 \u00fczemeltet\u00e9s\u00e9n\u00e9l volt sz\u00fcks\u00e9g. Irod.: Sebesty\u00e9n Mih\u00e1ly-Diamanstein Gy\u00f6rgy: Egy els\u00fclyedt vil\u00e1g \u00e9breszt\u00e9se = Eml\u00e9kk. Szab\u00f3 Mikl\u00f3s<\/p>\n","protected":false},"featured_media":0,"comment_status":"open","ping_status":"closed","template":"","meta":[],"product_brand":[],"product_cat":[137],"product_tag":[],"class_list":{"0":"post-10444","1":"product","2":"type-product","3":"status-publish","5":"product_cat-maros-megyei-eletrajzi-lexikon","7":"first","8":"instock","9":"shipping-taxable","10":"product-type-simple"},"_links":{"self":[{"href":"https:\/\/uj.adatbank.ro\/lexikon\/wp-json\/wp\/v2\/product\/10444","targetHints":{"allow":["GET"]}}],"collection":[{"href":"https:\/\/uj.adatbank.ro\/lexikon\/wp-json\/wp\/v2\/product"}],"about":[{"href":"https:\/\/uj.adatbank.ro\/lexikon\/wp-json\/wp\/v2\/types\/product"}],"replies":[{"embeddable":true,"href":"https:\/\/uj.adatbank.ro\/lexikon\/wp-json\/wp\/v2\/comments?post=10444"}],"wp:attachment":[{"href":"https:\/\/uj.adatbank.ro\/lexikon\/wp-json\/wp\/v2\/media?parent=10444"}],"wp:term":[{"taxonomy":"product_brand","embeddable":true,"href":"https:\/\/uj.adatbank.ro\/lexikon\/wp-json\/wp\/v2\/product_brand?post=10444"},{"taxonomy":"product_cat","embeddable":true,"href":"https:\/\/uj.adatbank.ro\/lexikon\/wp-json\/wp\/v2\/product_cat?post=10444"},{"taxonomy":"product_tag","embeddable":true,"href":"https:\/\/uj.adatbank.ro\/lexikon\/wp-json\/wp\/v2\/product_tag?post=10444"}],"curies":[{"name":"wp","href":"https:\/\/api.w.org\/{rel}","templated":true}]}}