{"id":10445,"date":"2025-06-29T13:20:17","date_gmt":"2025-06-29T11:20:17","guid":{"rendered":"https:\/\/uj.adatbank.ro\/lexikon\/termek\/indries-maya-indries-maia\/"},"modified":"2025-06-29T13:20:17","modified_gmt":"2025-06-29T11:20:17","slug":"indries-maya-indries-maia","status":"publish","type":"product","link":"https:\/\/uj.adatbank.ro\/lexikon\/termek\/indries-maya-indries-maia\/","title":{"rendered":"INDRIE\u015e Maya, Indrie\u015f Maia"},"content":{"rendered":"<p>? \u2020 ?: sz\u00edn\u00e9szn\u0151. \u2013 A Mv. \u00c1llami Sz\u00ednh\u00e1zban a rom\u00e1n tagozat alap\u00edt\u00f3 tagja volt (1962\u20131971). &#8211; <strong>F. sz.:<\/strong> V\u00e2nz\u0103tore (Al. Stein: Oceanul); Viola (W. Shakespeare: A dou\u0103sprezecea noapte); Constan\u0163a (E. de Filippo: Minciuna are picioare lungi); M\u0103tu\u015fa Pasqua (C. Goldini: G\u00e2lcevile din Chioggia); Gwendolen (O. Wilde: Bunbury, 1964. j\u00fan. 9.); Recital Tudor Arghezi; Nastasia (G. Mihail-Zamfirescu: Domni\u015foara Nastasia); Madame Fontene (C-Goldoni: C\u0103s\u0103torie prin concurs); Mimi Arginteanu (Aurel Storin: Cu cine m\u0103 bat), Gloria (Radu Nichita: Tigrul); \u201eCocheta\u201d(Luigi Pirandello: \u015ease persoane \u00een c\u0103utarea unui autor); Ana (Maria F\u00f6ldes: Accidentul); Regina Elisabeta (Florin Nicolau \u015fi Isac Pascal: Doamna brun\u0103 din sonete; Aphrodita (Radu Stanca: Critis sau G\u00e2lceava zeilor); Doamna Fleur (Al. Popescu: Croitorii cei mari din Valachia); Ioana (Dumitru Radu Popescu: Ace\u015fti \u00eengeri tri\u015fti); Preoteasa (B. Brecht: Domnul Puntila \u015fi sluga sa Matti); Livia (D. Radu Popescu: Pisica \u00een noaptea anului nou). <br \/><strong>Irod.:<\/strong> Fodor Zeno; Id\u0151t\u00e1r 4.<\/br><\/p>\n","protected":false},"excerpt":{"rendered":"<p>? \u2020 ?: sz\u00edn\u00e9szn\u0151. \u2013 A Mv. \u00c1llami Sz\u00ednh\u00e1zban a rom\u00e1n tagozat alap\u00edt\u00f3 tagja volt (1962\u20131971). &#8211; F. sz.: V\u00e2nz\u0103tore (Al. Stein: Oceanul); Viola (W. Shakespeare: A dou\u0103sprezecea noapte); Constan\u0163a (E. de Filippo: Minciuna are picioare lungi); M\u0103tu\u015fa Pasqua (C. Goldini: G\u00e2lcevile din Chioggia); Gwendolen (O. Wilde: Bunbury, 1964. j\u00fan. 9.); Recital Tudor Arghezi; Nastasia [&hellip;]<\/p>\n","protected":false},"featured_media":0,"comment_status":"open","ping_status":"closed","template":"","meta":[],"product_brand":[],"product_cat":[137],"product_tag":[],"class_list":{"0":"post-10445","1":"product","2":"type-product","3":"status-publish","5":"product_cat-maros-megyei-eletrajzi-lexikon","7":"first","8":"instock","9":"shipping-taxable","10":"product-type-simple"},"_links":{"self":[{"href":"https:\/\/uj.adatbank.ro\/lexikon\/wp-json\/wp\/v2\/product\/10445","targetHints":{"allow":["GET"]}}],"collection":[{"href":"https:\/\/uj.adatbank.ro\/lexikon\/wp-json\/wp\/v2\/product"}],"about":[{"href":"https:\/\/uj.adatbank.ro\/lexikon\/wp-json\/wp\/v2\/types\/product"}],"replies":[{"embeddable":true,"href":"https:\/\/uj.adatbank.ro\/lexikon\/wp-json\/wp\/v2\/comments?post=10445"}],"wp:attachment":[{"href":"https:\/\/uj.adatbank.ro\/lexikon\/wp-json\/wp\/v2\/media?parent=10445"}],"wp:term":[{"taxonomy":"product_brand","embeddable":true,"href":"https:\/\/uj.adatbank.ro\/lexikon\/wp-json\/wp\/v2\/product_brand?post=10445"},{"taxonomy":"product_cat","embeddable":true,"href":"https:\/\/uj.adatbank.ro\/lexikon\/wp-json\/wp\/v2\/product_cat?post=10445"},{"taxonomy":"product_tag","embeddable":true,"href":"https:\/\/uj.adatbank.ro\/lexikon\/wp-json\/wp\/v2\/product_tag?post=10445"}],"curies":[{"name":"wp","href":"https:\/\/api.w.org\/{rel}","templated":true}]}}