{"id":10448,"date":"2025-06-29T13:20:21","date_gmt":"2025-06-29T11:20:21","guid":{"rendered":"https:\/\/uj.adatbank.ro\/lexikon\/termek\/ioan-a-irinii\/"},"modified":"2025-06-29T13:20:21","modified_gmt":"2025-06-29T11:20:21","slug":"ioan-a-irinii","status":"publish","type":"product","link":"https:\/\/uj.adatbank.ro\/lexikon\/termek\/ioan-a-irinii\/","title":{"rendered":"IOAN a Irinii"},"content":{"rendered":"<p>? \u2020\u00a0?: g\u00f6r. kat. pap. \u2013 D\u00e9d\u00e1n szolg\u00e1lt (1733\u201361. m\u00e1j. 13.). <br \/><strong>Irod.:<\/strong> Reghin, Protopopiat<\/br><\/p>\n","protected":false},"excerpt":{"rendered":"<p>? \u2020\u00a0?: g\u00f6r. kat. pap. \u2013 D\u00e9d\u00e1n szolg\u00e1lt (1733\u201361. m\u00e1j. 13.). Irod.: Reghin, Protopopiat<\/p>\n","protected":false},"featured_media":0,"comment_status":"open","ping_status":"closed","template":"","meta":[],"product_brand":[],"product_cat":[137],"product_tag":[],"class_list":{"0":"post-10448","1":"product","2":"type-product","3":"status-publish","5":"product_cat-maros-megyei-eletrajzi-lexikon","7":"first","8":"instock","9":"shipping-taxable","10":"product-type-simple"},"_links":{"self":[{"href":"https:\/\/uj.adatbank.ro\/lexikon\/wp-json\/wp\/v2\/product\/10448","targetHints":{"allow":["GET"]}}],"collection":[{"href":"https:\/\/uj.adatbank.ro\/lexikon\/wp-json\/wp\/v2\/product"}],"about":[{"href":"https:\/\/uj.adatbank.ro\/lexikon\/wp-json\/wp\/v2\/types\/product"}],"replies":[{"embeddable":true,"href":"https:\/\/uj.adatbank.ro\/lexikon\/wp-json\/wp\/v2\/comments?post=10448"}],"wp:attachment":[{"href":"https:\/\/uj.adatbank.ro\/lexikon\/wp-json\/wp\/v2\/media?parent=10448"}],"wp:term":[{"taxonomy":"product_brand","embeddable":true,"href":"https:\/\/uj.adatbank.ro\/lexikon\/wp-json\/wp\/v2\/product_brand?post=10448"},{"taxonomy":"product_cat","embeddable":true,"href":"https:\/\/uj.adatbank.ro\/lexikon\/wp-json\/wp\/v2\/product_cat?post=10448"},{"taxonomy":"product_tag","embeddable":true,"href":"https:\/\/uj.adatbank.ro\/lexikon\/wp-json\/wp\/v2\/product_tag?post=10448"}],"curies":[{"name":"wp","href":"https:\/\/api.w.org\/{rel}","templated":true}]}}