{"id":10452,"date":"2025-06-29T13:20:31","date_gmt":"2025-06-29T11:20:31","guid":{"rendered":"https:\/\/uj.adatbank.ro\/lexikon\/termek\/ioanovici-tibor-joanovics-tibor\/"},"modified":"2025-06-29T13:20:31","modified_gmt":"2025-06-29T11:20:31","slug":"ioanovici-tibor-joanovics-tibor","status":"publish","type":"product","link":"https:\/\/uj.adatbank.ro\/lexikon\/termek\/ioanovici-tibor-joanovics-tibor\/","title":{"rendered":"IOANOVICI Tibor, Joanovics Tibor"},"content":{"rendered":"<p>? \u2020\u00a0? : edz\u0151, b\u00edrkoz\u00f3. \u2013 Az arra \u00e9rdemes birkoz\u00f3 edz\u0151k egyike, akik tisztelet\u00e9re \u00e9vente az edz\u0151k eml\u00e9kverseny\u00e9t rendezi meg a mv.-i Mure\u015ful \/ Maros SK a megyei sport- \u00e9s ifj\u00fas\u00e1gi igazgat\u00f3s\u00e1ggal k\u00f6z\u00f6sen. <br \/><strong>Irod.:<\/strong> Sz\u00e9kelyhon. ro; V\u00e1s\u00e1rhely. ro; V\u00e1s\u00e1rhelyi H\u00edrlap (1912. okt. 19)<\/br><\/p>\n","protected":false},"excerpt":{"rendered":"<p>? \u2020\u00a0? : edz\u0151, b\u00edrkoz\u00f3. \u2013 Az arra \u00e9rdemes birkoz\u00f3 edz\u0151k egyike, akik tisztelet\u00e9re \u00e9vente az edz\u0151k eml\u00e9kverseny\u00e9t rendezi meg a mv.-i Mure\u015ful \/ Maros SK a megyei sport- \u00e9s ifj\u00fas\u00e1gi igazgat\u00f3s\u00e1ggal k\u00f6z\u00f6sen. Irod.: Sz\u00e9kelyhon. ro; V\u00e1s\u00e1rhely. ro; V\u00e1s\u00e1rhelyi H\u00edrlap (1912. okt. 19)<\/p>\n","protected":false},"featured_media":0,"comment_status":"open","ping_status":"closed","template":"","meta":[],"product_brand":[],"product_cat":[137],"product_tag":[],"class_list":{"0":"post-10452","1":"product","2":"type-product","3":"status-publish","5":"product_cat-maros-megyei-eletrajzi-lexikon","7":"first","8":"instock","9":"shipping-taxable","10":"product-type-simple"},"_links":{"self":[{"href":"https:\/\/uj.adatbank.ro\/lexikon\/wp-json\/wp\/v2\/product\/10452","targetHints":{"allow":["GET"]}}],"collection":[{"href":"https:\/\/uj.adatbank.ro\/lexikon\/wp-json\/wp\/v2\/product"}],"about":[{"href":"https:\/\/uj.adatbank.ro\/lexikon\/wp-json\/wp\/v2\/types\/product"}],"replies":[{"embeddable":true,"href":"https:\/\/uj.adatbank.ro\/lexikon\/wp-json\/wp\/v2\/comments?post=10452"}],"wp:attachment":[{"href":"https:\/\/uj.adatbank.ro\/lexikon\/wp-json\/wp\/v2\/media?parent=10452"}],"wp:term":[{"taxonomy":"product_brand","embeddable":true,"href":"https:\/\/uj.adatbank.ro\/lexikon\/wp-json\/wp\/v2\/product_brand?post=10452"},{"taxonomy":"product_cat","embeddable":true,"href":"https:\/\/uj.adatbank.ro\/lexikon\/wp-json\/wp\/v2\/product_cat?post=10452"},{"taxonomy":"product_tag","embeddable":true,"href":"https:\/\/uj.adatbank.ro\/lexikon\/wp-json\/wp\/v2\/product_tag?post=10452"}],"curies":[{"name":"wp","href":"https:\/\/api.w.org\/{rel}","templated":true}]}}