{"id":10457,"date":"2025-06-29T13:20:40","date_gmt":"2025-06-29T11:20:40","guid":{"rendered":"https:\/\/uj.adatbank.ro\/lexikon\/termek\/ionescu-mihai\/"},"modified":"2025-06-29T13:20:40","modified_gmt":"2025-06-29T11:20:40","slug":"ionescu-mihai","status":"publish","type":"product","link":"https:\/\/uj.adatbank.ro\/lexikon\/termek\/ionescu-mihai\/","title":{"rendered":"IONESCU Mihai"},"content":{"rendered":"<p>Craiova, 1928. \u00e1pr. 8., \u2020\u00a0Craiova, 1999. okt. 28.: orvos, dr. prof., akad\u00e9mikus. \u2013 A k\u00f6z\u00e9piskol\u00e1t Nagyenyeden a Titu Maiorescu L\u00edc. -ban v\u00e9gezte (1938\u201346); orvosi diplom\u00e1t Kv.-on szerzett (1946\u201352); doktor\u00e1lt (1967) a Cercet\u0103ri morfologice \u015fi experimentale \u00een problema transplant\u0103rii rinichiului. -c. t\u00e9zissel. P\u00e1ly\u00e1j\u00e1t Kv.-on kezdte mint gyakornok, egyetemi tan\u00e1rseg\u00e9d (1948\u201354), azut\u00e1n alorvos (1952\u201360), majd szakorvos az 1. sz. Seb\u00e9szeti Klinik\u00e1n (1960\u2013). Bac\u0103u megy\u00e9ben f\u0151orvos. Mv.-en egyetemi tan\u00e1r (1969\u201372), seb\u00e9sz f\u0151orvos az 1. Seb\u00e9szeti Klinik\u00e1n; Craiov\u00e1n professzor az Anat\u00f3mia Katedr\u00e1n (1972\u2013). Kutat\u00e1si ter\u00fclete: anat\u00f3mia, kis\u00e9rleti seb\u00e9szet, tudom\u00e1nyt\u00f6rt\u00e9net. Sz\u00e1mos hazai \u00e9s nemzetk\u00f6zi kongresszuson vett r\u00e9szt. 120 tudom\u00e1nyos dolgozatot \u00edrt \u00e9s k\u00f6z\u00f6lt: Clujul Medical, Chirurgia, Revista Medical\u0103, Revista Medico-Chirurgical\u0103, Acta Anatomica, Anatomischen Anzeiger, Via\u0163a Medical\u0103, Pediatria, Lyon Chirurgical, Revista de Obstretic\u0103-Ginecologie, Orvosi Szemle, Acta Urologica Belgica, Farmacia, Cor et Vasa, Revista de Morfologie Normal\u0103 \u015fi Patologic\u0103, Revue d\u2019Histoire de la Farmacie, Stomatologia, Archivos mexicanos de anatomia. &#8211; <strong>F. m.:<\/strong> \u00centemeietorul anatomiei umane moderne Andreas Vesalius Bruxellensis (Tg. M., 1969); Elemente de patologie \u015fi urgen\u0163e medico-chirurgicale (Tg. M., 1971); Lec\u0163iunile de anatomia \u015fi fiziologia omului (Tg. M., 1971); Anatomia topografic\u0103 (Craiova, 1972); Osteologie (Craiova, 1972, 1973); C\u0103ile de conducere ale sistemului nervos central (Craiova, 1972); Morfologia func\u0163ional\u0103 a din\u0163ilor (Craiova, 1973); Anatomia organelor de sim\u0163 \u015fi c\u0103ile de conducere ale sistemului nervos (Craiova, 1974); Istoricul anatomiei umane moderne (Craiova, 1974); Intemeietorul anatomiei moderne Andreas Vesalius (Tg. M., 1979); Anatomie uman\u0103, idei, fapte, evolu\u0163ii (Craiova, 1987); Dic\u0163ionar de anatomi\u015fti (Craiova, 1991); <strong>t\u00e1rssz.:<\/strong> Curs de chirurgie operatorie (1954, 1957); Anatomia omului: Viscere (1958); Anatomia organelor genitale, embriologie uman\u0103 \u015fi no\u0163iuni de antropologie (1973); Artrologie (Craiova, 1973); Miologie (1973); Patologia sistemului cav inferior (1973); Anatomia func\u0163ional\u0103 a sistemului nervos vegetativ (Craiova, 1974); Anatomia m\u0103duvei spin\u0103rii (Craiova, 1974), Anatomia meningelui \u015fi vasculariza\u0163ia sistemului nervos central (Craiova, 1974); Embriologie uman\u0103 \u015fi no\u0163iuni de antropologie (Craiova, 1974); Anatomia organelor genitale \u015fi topografia bazinului \u015fi perineului (Craiova, 1975); Angiologie (Craiova, 1975); Curs de artrologie (Craiova, 1975), Momente din trecutul medicinii (1983); Retrospective medicale (Buc., 1985); Omagiu Victor Papilian (1988); Anatomia capului (Craiova, 1992); Osteologie (Craiova, 1992); Anatomia func\u0163ional\u0103 a sistemului nervos vegetativ (Caracal, 1994), Embriologie uman\u0103 \u015fi antropologie (1994); Medici \u015fi medicina caracalean\u0103 \u00een secolul al XIX-lea (Craiova, 1995); Anatomia uman\u0103, idei, fapte, evolu\u0163ie Vol. 2. (Craiova, 1996). <br \/><strong>Irod.:<\/strong> Pop Tofolean-F\u00fcl\u00f6p; Todea\u2013F\u00fcl\u00f6p\u2013Avram<\/br><\/p>\n","protected":false},"excerpt":{"rendered":"<p>Craiova, 1928. \u00e1pr. 8., \u2020\u00a0Craiova, 1999. okt. 28.: orvos, dr. prof., akad\u00e9mikus. \u2013 A k\u00f6z\u00e9piskol\u00e1t Nagyenyeden a Titu Maiorescu L\u00edc. -ban v\u00e9gezte (1938\u201346); orvosi diplom\u00e1t Kv.-on szerzett (1946\u201352); doktor\u00e1lt (1967) a Cercet\u0103ri morfologice \u015fi experimentale \u00een problema transplant\u0103rii rinichiului. -c. t\u00e9zissel. P\u00e1ly\u00e1j\u00e1t Kv.-on kezdte mint gyakornok, egyetemi tan\u00e1rseg\u00e9d (1948\u201354), azut\u00e1n alorvos (1952\u201360), majd szakorvos az [&hellip;]<\/p>\n","protected":false},"featured_media":0,"comment_status":"open","ping_status":"closed","template":"","meta":[],"product_brand":[],"product_cat":[137],"product_tag":[],"class_list":{"0":"post-10457","1":"product","2":"type-product","3":"status-publish","5":"product_cat-maros-megyei-eletrajzi-lexikon","7":"first","8":"instock","9":"shipping-taxable","10":"product-type-simple"},"_links":{"self":[{"href":"https:\/\/uj.adatbank.ro\/lexikon\/wp-json\/wp\/v2\/product\/10457","targetHints":{"allow":["GET"]}}],"collection":[{"href":"https:\/\/uj.adatbank.ro\/lexikon\/wp-json\/wp\/v2\/product"}],"about":[{"href":"https:\/\/uj.adatbank.ro\/lexikon\/wp-json\/wp\/v2\/types\/product"}],"replies":[{"embeddable":true,"href":"https:\/\/uj.adatbank.ro\/lexikon\/wp-json\/wp\/v2\/comments?post=10457"}],"wp:attachment":[{"href":"https:\/\/uj.adatbank.ro\/lexikon\/wp-json\/wp\/v2\/media?parent=10457"}],"wp:term":[{"taxonomy":"product_brand","embeddable":true,"href":"https:\/\/uj.adatbank.ro\/lexikon\/wp-json\/wp\/v2\/product_brand?post=10457"},{"taxonomy":"product_cat","embeddable":true,"href":"https:\/\/uj.adatbank.ro\/lexikon\/wp-json\/wp\/v2\/product_cat?post=10457"},{"taxonomy":"product_tag","embeddable":true,"href":"https:\/\/uj.adatbank.ro\/lexikon\/wp-json\/wp\/v2\/product_tag?post=10457"}],"curies":[{"name":"wp","href":"https:\/\/api.w.org\/{rel}","templated":true}]}}