{"id":10458,"date":"2025-06-29T13:20:43","date_gmt":"2025-06-29T11:20:43","guid":{"rendered":"https:\/\/uj.adatbank.ro\/lexikon\/termek\/ionescu-nicolae-s\/"},"modified":"2025-06-29T13:20:43","modified_gmt":"2025-06-29T11:20:43","slug":"ionescu-nicolae-s","status":"publish","type":"product","link":"https:\/\/uj.adatbank.ro\/lexikon\/termek\/ionescu-nicolae-s\/","title":{"rendered":"IONESCU Nicolae S."},"content":{"rendered":"<p>? \u2020\u00a0?: prefektus, polg\u00e1rmester, k\u00e9pvisel\u0151. \u2013 Maros megye prefektusa (1925\u201326). \u0150 iktatta be Bern\u00e1dyt a polg\u00e1rmesteri sz\u00e9kbe (1926). Parlamenti k\u00e9pvisel\u0151 liber\u00e1lis r\u00e9szr\u0151l (1927-, 1933\u2013), tagadta a kollektiv kisebbs\u00e9gi jogok l\u00e9tjogosults\u00e1g\u00e1t. Mv. polg\u00e1rmestere (1933\u201334). <br \/><strong>Irod.:<\/strong> Bern\u00e1dy; Fodor\u2013Bal\u00e1s; Id\u0151t\u00e1r 3; \u00d6kr\u00f6s<\/br><\/p>\n","protected":false},"excerpt":{"rendered":"<p>? \u2020\u00a0?: prefektus, polg\u00e1rmester, k\u00e9pvisel\u0151. \u2013 Maros megye prefektusa (1925\u201326). \u0150 iktatta be Bern\u00e1dyt a polg\u00e1rmesteri sz\u00e9kbe (1926). Parlamenti k\u00e9pvisel\u0151 liber\u00e1lis r\u00e9szr\u0151l (1927-, 1933\u2013), tagadta a kollektiv kisebbs\u00e9gi jogok l\u00e9tjogosults\u00e1g\u00e1t. Mv. polg\u00e1rmestere (1933\u201334). Irod.: Bern\u00e1dy; Fodor\u2013Bal\u00e1s; Id\u0151t\u00e1r 3; \u00d6kr\u00f6s<\/p>\n","protected":false},"featured_media":0,"comment_status":"open","ping_status":"closed","template":"","meta":[],"product_brand":[],"product_cat":[137],"product_tag":[],"class_list":{"0":"post-10458","1":"product","2":"type-product","3":"status-publish","5":"product_cat-maros-megyei-eletrajzi-lexikon","7":"first","8":"instock","9":"shipping-taxable","10":"product-type-simple"},"_links":{"self":[{"href":"https:\/\/uj.adatbank.ro\/lexikon\/wp-json\/wp\/v2\/product\/10458","targetHints":{"allow":["GET"]}}],"collection":[{"href":"https:\/\/uj.adatbank.ro\/lexikon\/wp-json\/wp\/v2\/product"}],"about":[{"href":"https:\/\/uj.adatbank.ro\/lexikon\/wp-json\/wp\/v2\/types\/product"}],"replies":[{"embeddable":true,"href":"https:\/\/uj.adatbank.ro\/lexikon\/wp-json\/wp\/v2\/comments?post=10458"}],"wp:attachment":[{"href":"https:\/\/uj.adatbank.ro\/lexikon\/wp-json\/wp\/v2\/media?parent=10458"}],"wp:term":[{"taxonomy":"product_brand","embeddable":true,"href":"https:\/\/uj.adatbank.ro\/lexikon\/wp-json\/wp\/v2\/product_brand?post=10458"},{"taxonomy":"product_cat","embeddable":true,"href":"https:\/\/uj.adatbank.ro\/lexikon\/wp-json\/wp\/v2\/product_cat?post=10458"},{"taxonomy":"product_tag","embeddable":true,"href":"https:\/\/uj.adatbank.ro\/lexikon\/wp-json\/wp\/v2\/product_tag?post=10458"}],"curies":[{"name":"wp","href":"https:\/\/api.w.org\/{rel}","templated":true}]}}