{"id":10459,"date":"2025-06-29T13:20:45","date_gmt":"2025-06-29T11:20:45","guid":{"rendered":"https:\/\/uj.adatbank.ro\/lexikon\/termek\/ionescu-stan-a\/"},"modified":"2025-06-29T13:20:45","modified_gmt":"2025-06-29T11:20:45","slug":"ionescu-stan-a","status":"publish","type":"product","link":"https:\/\/uj.adatbank.ro\/lexikon\/termek\/ionescu-stan-a\/","title":{"rendered":"IONESCU Stan A."},"content":{"rendered":"<p>? \u2020\u00a0?: tan\u00edt\u00f3. \u2013 Tan\u00edtani kezdett Szov\u00e1t\u00e1n (1924); 1 \u00e9v 8 h\u00f3napig G\u00f6rg\u00e9nyadorj\u00e1nban tan\u00edtott, azut\u00e1n Poplak\u00e1n \u00e9s Resin\u00e1ron. \u2013 <strong>F. m.:<\/strong> <strong>szerk.:<\/strong> Monografia \u015fcoalei primare de stat Octavian Goga din R\u0103\u015finari jud. Sibiu (1935)<\/br><\/p>\n","protected":false},"excerpt":{"rendered":"<p>? \u2020\u00a0?: tan\u00edt\u00f3. \u2013 Tan\u00edtani kezdett Szov\u00e1t\u00e1n (1924); 1 \u00e9v 8 h\u00f3napig G\u00f6rg\u00e9nyadorj\u00e1nban tan\u00edtott, azut\u00e1n Poplak\u00e1n \u00e9s Resin\u00e1ron. \u2013 F. m.: szerk.: Monografia \u015fcoalei primare de stat Octavian Goga din R\u0103\u015finari jud. Sibiu (1935)<\/p>\n","protected":false},"featured_media":0,"comment_status":"open","ping_status":"closed","template":"","meta":[],"product_brand":[],"product_cat":[137],"product_tag":[],"class_list":{"0":"post-10459","1":"product","2":"type-product","3":"status-publish","5":"product_cat-maros-megyei-eletrajzi-lexikon","7":"first","8":"instock","9":"shipping-taxable","10":"product-type-simple"},"_links":{"self":[{"href":"https:\/\/uj.adatbank.ro\/lexikon\/wp-json\/wp\/v2\/product\/10459","targetHints":{"allow":["GET"]}}],"collection":[{"href":"https:\/\/uj.adatbank.ro\/lexikon\/wp-json\/wp\/v2\/product"}],"about":[{"href":"https:\/\/uj.adatbank.ro\/lexikon\/wp-json\/wp\/v2\/types\/product"}],"replies":[{"embeddable":true,"href":"https:\/\/uj.adatbank.ro\/lexikon\/wp-json\/wp\/v2\/comments?post=10459"}],"wp:attachment":[{"href":"https:\/\/uj.adatbank.ro\/lexikon\/wp-json\/wp\/v2\/media?parent=10459"}],"wp:term":[{"taxonomy":"product_brand","embeddable":true,"href":"https:\/\/uj.adatbank.ro\/lexikon\/wp-json\/wp\/v2\/product_brand?post=10459"},{"taxonomy":"product_cat","embeddable":true,"href":"https:\/\/uj.adatbank.ro\/lexikon\/wp-json\/wp\/v2\/product_cat?post=10459"},{"taxonomy":"product_tag","embeddable":true,"href":"https:\/\/uj.adatbank.ro\/lexikon\/wp-json\/wp\/v2\/product_tag?post=10459"}],"curies":[{"name":"wp","href":"https:\/\/api.w.org\/{rel}","templated":true}]}}