{"id":10467,"date":"2025-06-29T13:21:01","date_gmt":"2025-06-29T11:21:01","guid":{"rendered":"https:\/\/uj.adatbank.ro\/lexikon\/termek\/irsay-mozes\/"},"modified":"2025-06-29T13:21:01","modified_gmt":"2025-06-29T11:21:01","slug":"irsay-mozes","status":"publish","type":"product","link":"https:\/\/uj.adatbank.ro\/lexikon\/termek\/irsay-mozes\/","title":{"rendered":"IRSAY M\u00f3zes"},"content":{"rendered":"<p>Marosj\u00e1ra, 1914. febr. 22., \u2020 ? : k\u0151farag\u00f3 szobr\u00e1sz. \u2013 G\u00f6demesterh\u00e1z\u00e1n lakott. Nev\u00e9hez f\u0171z\u0151dik a H\u0151s\u00f6k Eml\u00e9km\u0171v\u00e9nek megalkot\u00e1sa Marosorb\u00f3n (1949. jan. 3. \u2013 m\u00e1j. 9.), amelyet Solymosi Istv\u00e1n, mv.-i m\u0171\u00e9p\u00edt\u00e9sz tervezett. A m\u0171eml\u00e9k megval\u00f3s\u00edt\u00e1s\u00e1hoz hozz\u00e1j\u00e1rult Moldovan Virgil, m\u00e9rn\u00f6k is, aki a Maros Megyei Prefekt\u00far\u00e1n tev\u00e9kenykedett. <br \/><strong>Irod.:<\/strong> Suciu<\/br><\/p>\n","protected":false},"excerpt":{"rendered":"<p>Marosj\u00e1ra, 1914. febr. 22., \u2020 ? : k\u0151farag\u00f3 szobr\u00e1sz. \u2013 G\u00f6demesterh\u00e1z\u00e1n lakott. Nev\u00e9hez f\u0171z\u0151dik a H\u0151s\u00f6k Eml\u00e9km\u0171v\u00e9nek megalkot\u00e1sa Marosorb\u00f3n (1949. jan. 3. \u2013 m\u00e1j. 9.), amelyet Solymosi Istv\u00e1n, mv.-i m\u0171\u00e9p\u00edt\u00e9sz tervezett. A m\u0171eml\u00e9k megval\u00f3s\u00edt\u00e1s\u00e1hoz hozz\u00e1j\u00e1rult Moldovan Virgil, m\u00e9rn\u00f6k is, aki a Maros Megyei Prefekt\u00far\u00e1n tev\u00e9kenykedett. Irod.: Suciu<\/p>\n","protected":false},"featured_media":0,"comment_status":"open","ping_status":"closed","template":"","meta":[],"product_brand":[],"product_cat":[137],"product_tag":[],"class_list":{"0":"post-10467","1":"product","2":"type-product","3":"status-publish","5":"product_cat-maros-megyei-eletrajzi-lexikon","7":"first","8":"instock","9":"shipping-taxable","10":"product-type-simple"},"_links":{"self":[{"href":"https:\/\/uj.adatbank.ro\/lexikon\/wp-json\/wp\/v2\/product\/10467","targetHints":{"allow":["GET"]}}],"collection":[{"href":"https:\/\/uj.adatbank.ro\/lexikon\/wp-json\/wp\/v2\/product"}],"about":[{"href":"https:\/\/uj.adatbank.ro\/lexikon\/wp-json\/wp\/v2\/types\/product"}],"replies":[{"embeddable":true,"href":"https:\/\/uj.adatbank.ro\/lexikon\/wp-json\/wp\/v2\/comments?post=10467"}],"wp:attachment":[{"href":"https:\/\/uj.adatbank.ro\/lexikon\/wp-json\/wp\/v2\/media?parent=10467"}],"wp:term":[{"taxonomy":"product_brand","embeddable":true,"href":"https:\/\/uj.adatbank.ro\/lexikon\/wp-json\/wp\/v2\/product_brand?post=10467"},{"taxonomy":"product_cat","embeddable":true,"href":"https:\/\/uj.adatbank.ro\/lexikon\/wp-json\/wp\/v2\/product_cat?post=10467"},{"taxonomy":"product_tag","embeddable":true,"href":"https:\/\/uj.adatbank.ro\/lexikon\/wp-json\/wp\/v2\/product_tag?post=10467"}],"curies":[{"name":"wp","href":"https:\/\/api.w.org\/{rel}","templated":true}]}}