{"id":10468,"date":"2025-06-29T13:21:05","date_gmt":"2025-06-29T11:21:05","guid":{"rendered":"https:\/\/uj.adatbank.ro\/lexikon\/termek\/isailovics-janos\/"},"modified":"2025-06-29T13:21:05","modified_gmt":"2025-06-29T11:21:05","slug":"isailovics-janos","status":"publish","type":"product","link":"https:\/\/uj.adatbank.ro\/lexikon\/termek\/isailovics-janos\/","title":{"rendered":"ISAILOVICS J\u00e1nos"},"content":{"rendered":"<p>D\u00e1ny\u00e1n, ? \u2020\u00a0?: fest\u0151. \u2013 Tanult B\u00e9csben (1836\u201339); t\u00f6rt\u00e9nelmi t\u00e1rgy\u00fa festm\u00e9nyeket festett. <br \/><strong>Irod.:<\/strong> Szab\u00f3 Sz\u00f6gi<\/br><\/p>\n","protected":false},"excerpt":{"rendered":"<p>D\u00e1ny\u00e1n, ? \u2020\u00a0?: fest\u0151. \u2013 Tanult B\u00e9csben (1836\u201339); t\u00f6rt\u00e9nelmi t\u00e1rgy\u00fa festm\u00e9nyeket festett. Irod.: Szab\u00f3 Sz\u00f6gi<\/p>\n","protected":false},"featured_media":0,"comment_status":"open","ping_status":"closed","template":"","meta":[],"product_brand":[],"product_cat":[137],"product_tag":[],"class_list":{"0":"post-10468","1":"product","2":"type-product","3":"status-publish","5":"product_cat-maros-megyei-eletrajzi-lexikon","7":"first","8":"instock","9":"shipping-taxable","10":"product-type-simple"},"_links":{"self":[{"href":"https:\/\/uj.adatbank.ro\/lexikon\/wp-json\/wp\/v2\/product\/10468","targetHints":{"allow":["GET"]}}],"collection":[{"href":"https:\/\/uj.adatbank.ro\/lexikon\/wp-json\/wp\/v2\/product"}],"about":[{"href":"https:\/\/uj.adatbank.ro\/lexikon\/wp-json\/wp\/v2\/types\/product"}],"replies":[{"embeddable":true,"href":"https:\/\/uj.adatbank.ro\/lexikon\/wp-json\/wp\/v2\/comments?post=10468"}],"wp:attachment":[{"href":"https:\/\/uj.adatbank.ro\/lexikon\/wp-json\/wp\/v2\/media?parent=10468"}],"wp:term":[{"taxonomy":"product_brand","embeddable":true,"href":"https:\/\/uj.adatbank.ro\/lexikon\/wp-json\/wp\/v2\/product_brand?post=10468"},{"taxonomy":"product_cat","embeddable":true,"href":"https:\/\/uj.adatbank.ro\/lexikon\/wp-json\/wp\/v2\/product_cat?post=10468"},{"taxonomy":"product_tag","embeddable":true,"href":"https:\/\/uj.adatbank.ro\/lexikon\/wp-json\/wp\/v2\/product_tag?post=10468"}],"curies":[{"name":"wp","href":"https:\/\/api.w.org\/{rel}","templated":true}]}}