{"id":10473,"date":"2025-06-29T13:21:16","date_gmt":"2025-06-29T11:21:16","guid":{"rendered":"https:\/\/uj.adatbank.ro\/lexikon\/termek\/isak-janos\/"},"modified":"2025-06-29T13:21:16","modified_gmt":"2025-06-29T11:21:16","slug":"isak-janos","status":"publish","type":"product","link":"https:\/\/uj.adatbank.ro\/lexikon\/termek\/isak-janos\/","title":{"rendered":"IS\u00c1K J\u00e1nos"},"content":{"rendered":"<p>? \u2020\u00a0? : \u00f6rm\u00e9ny keresked\u0151. \u2013 Polg\u00e1rjogot nyert Mv.-en (1795.). Feles\u00e9ge: \u00d6tves M\u00e1ria (1742\u20131812. \u00e1pr. 13). Gyermek\u00fck Izs\u00e1k (1769-Mv., 1787. aug. 7.). <br \/><strong>Irod.:<\/strong> Mv.-i \u00f6rm\u00e9nyek; P\u00e1l-Antal S\u00e1ndor: \u00d6rm\u00e9nyek Mv.-en 1848 el\u0151tt=Pusk\u00e1s-Sz\u00e1sz \u00c1v\u00e9d<\/br><\/p>\n","protected":false},"excerpt":{"rendered":"<p>? \u2020\u00a0? : \u00f6rm\u00e9ny keresked\u0151. \u2013 Polg\u00e1rjogot nyert Mv.-en (1795.). Feles\u00e9ge: \u00d6tves M\u00e1ria (1742\u20131812. \u00e1pr. 13). Gyermek\u00fck Izs\u00e1k (1769-Mv., 1787. aug. 7.). Irod.: Mv.-i \u00f6rm\u00e9nyek; P\u00e1l-Antal S\u00e1ndor: \u00d6rm\u00e9nyek Mv.-en 1848 el\u0151tt=Pusk\u00e1s-Sz\u00e1sz \u00c1v\u00e9d<\/p>\n","protected":false},"featured_media":0,"comment_status":"open","ping_status":"closed","template":"","meta":[],"product_brand":[],"product_cat":[137],"product_tag":[],"class_list":{"0":"post-10473","1":"product","2":"type-product","3":"status-publish","5":"product_cat-maros-megyei-eletrajzi-lexikon","7":"first","8":"instock","9":"shipping-taxable","10":"product-type-simple"},"_links":{"self":[{"href":"https:\/\/uj.adatbank.ro\/lexikon\/wp-json\/wp\/v2\/product\/10473","targetHints":{"allow":["GET"]}}],"collection":[{"href":"https:\/\/uj.adatbank.ro\/lexikon\/wp-json\/wp\/v2\/product"}],"about":[{"href":"https:\/\/uj.adatbank.ro\/lexikon\/wp-json\/wp\/v2\/types\/product"}],"replies":[{"embeddable":true,"href":"https:\/\/uj.adatbank.ro\/lexikon\/wp-json\/wp\/v2\/comments?post=10473"}],"wp:attachment":[{"href":"https:\/\/uj.adatbank.ro\/lexikon\/wp-json\/wp\/v2\/media?parent=10473"}],"wp:term":[{"taxonomy":"product_brand","embeddable":true,"href":"https:\/\/uj.adatbank.ro\/lexikon\/wp-json\/wp\/v2\/product_brand?post=10473"},{"taxonomy":"product_cat","embeddable":true,"href":"https:\/\/uj.adatbank.ro\/lexikon\/wp-json\/wp\/v2\/product_cat?post=10473"},{"taxonomy":"product_tag","embeddable":true,"href":"https:\/\/uj.adatbank.ro\/lexikon\/wp-json\/wp\/v2\/product_tag?post=10473"}],"curies":[{"name":"wp","href":"https:\/\/api.w.org\/{rel}","templated":true}]}}