{"id":10475,"date":"2025-06-29T13:21:21","date_gmt":"2025-06-29T11:21:21","guid":{"rendered":"https:\/\/uj.adatbank.ro\/lexikon\/termek\/isepy-laszlo-magyarisepi\/"},"modified":"2025-06-29T13:21:21","modified_gmt":"2025-06-29T11:21:21","slug":"isepy-laszlo-magyarisepi","status":"publish","type":"product","link":"https:\/\/uj.adatbank.ro\/lexikon\/termek\/isepy-laszlo-magyarisepi\/","title":{"rendered":"IS\u00c9PY L\u00e1szl\u00f3, magyaris\u00e9pi"},"content":{"rendered":"<p>1860., \u2020\u00a0?: h. husz\u00e1rezredes. \u2013 Mint a mv.-i m. k. 9. h. husz\u00e1rezred kapit\u00e1nya a bp.-i Ludovika Akad\u00e9mia tan\u00e1ra lett (1900), ahol \u0151rnaggy\u00e1 l\u00e9pett el\u0151 (1912). Nyugalmazott husz\u00e1rezredesk\u00e9nt Bp.-en \u00e9lt (1927). \u2013 <strong>F. m.:<\/strong><strong>ford.:<\/strong> Colard, F.: A k\u00f6z\u00e9piskolai oktat\u00e1s m\u00f3dszertana c. m\u0171v\u00e9nek az \u00e1ltal\u00e1nos m\u00f3dszertanr\u00f3l \u00e9s az idegen nyelvekr\u0151l sz\u00f3l\u00f3 r\u00e9sze (Bp., 1912). <br \/><strong>Irod.:<\/strong> Guly\u00e1s<\/br><\/p>\n","protected":false},"excerpt":{"rendered":"<p>1860., \u2020\u00a0?: h. husz\u00e1rezredes. \u2013 Mint a mv.-i m. k. 9. h. husz\u00e1rezred kapit\u00e1nya a bp.-i Ludovika Akad\u00e9mia tan\u00e1ra lett (1900), ahol \u0151rnaggy\u00e1 l\u00e9pett el\u0151 (1912). Nyugalmazott husz\u00e1rezredesk\u00e9nt Bp.-en \u00e9lt (1927). \u2013 F. m.:ford.: Colard, F.: A k\u00f6z\u00e9piskolai oktat\u00e1s m\u00f3dszertana c. m\u0171v\u00e9nek az \u00e1ltal\u00e1nos m\u00f3dszertanr\u00f3l \u00e9s az idegen nyelvekr\u0151l sz\u00f3l\u00f3 r\u00e9sze (Bp., 1912). Irod.: Guly\u00e1s<\/p>\n","protected":false},"featured_media":0,"comment_status":"open","ping_status":"closed","template":"","meta":[],"product_brand":[],"product_cat":[137],"product_tag":[],"class_list":{"0":"post-10475","1":"product","2":"type-product","3":"status-publish","5":"product_cat-maros-megyei-eletrajzi-lexikon","7":"first","8":"instock","9":"shipping-taxable","10":"product-type-simple"},"_links":{"self":[{"href":"https:\/\/uj.adatbank.ro\/lexikon\/wp-json\/wp\/v2\/product\/10475","targetHints":{"allow":["GET"]}}],"collection":[{"href":"https:\/\/uj.adatbank.ro\/lexikon\/wp-json\/wp\/v2\/product"}],"about":[{"href":"https:\/\/uj.adatbank.ro\/lexikon\/wp-json\/wp\/v2\/types\/product"}],"replies":[{"embeddable":true,"href":"https:\/\/uj.adatbank.ro\/lexikon\/wp-json\/wp\/v2\/comments?post=10475"}],"wp:attachment":[{"href":"https:\/\/uj.adatbank.ro\/lexikon\/wp-json\/wp\/v2\/media?parent=10475"}],"wp:term":[{"taxonomy":"product_brand","embeddable":true,"href":"https:\/\/uj.adatbank.ro\/lexikon\/wp-json\/wp\/v2\/product_brand?post=10475"},{"taxonomy":"product_cat","embeddable":true,"href":"https:\/\/uj.adatbank.ro\/lexikon\/wp-json\/wp\/v2\/product_cat?post=10475"},{"taxonomy":"product_tag","embeddable":true,"href":"https:\/\/uj.adatbank.ro\/lexikon\/wp-json\/wp\/v2\/product_tag?post=10475"}],"curies":[{"name":"wp","href":"https:\/\/api.w.org\/{rel}","templated":true}]}}