{"id":10477,"date":"2025-06-29T13:21:24","date_gmt":"2025-06-29T11:21:24","guid":{"rendered":"https:\/\/uj.adatbank.ro\/lexikon\/termek\/issekutz-adeodat-isekutz-bogdan\/"},"modified":"2025-06-29T13:21:24","modified_gmt":"2025-06-29T11:21:24","slug":"issekutz-adeodat-isekutz-bogdan","status":"publish","type":"product","link":"https:\/\/uj.adatbank.ro\/lexikon\/termek\/issekutz-adeodat-isekutz-bogdan\/","title":{"rendered":"ISSEKUTZ Adeodat, Isekutz Bogd\u00e1n"},"content":{"rendered":"<p>1770. szept. 7., \u2020 1840. nov. 25: ?. \u2013 Emanuel \u00e9s Khel M\u00e1ria fia. Feles\u00e9ge Is\u00e1k Katalin. Gyermekei: M\u00e1rton (1801m\u00e1j. 22. \u2013 1836. aug. 1), Katalin (1802. nov. 7\u2013), Bogd\u00e1n (1804\u2013), Adeod\u00e1t (1811. m\u00e1j. 5\u20131880. \u00e1pr. 12), Rebeka (1813. okt. 18\u20131851. szept. 24); Antal (1815. nov. 30\u2013), Imre (1818. szept. 20\u20131906), J\u00e1nos (1821. nov. 1). <br \/><strong>Irod.:<\/strong> P\u00e1l-Antal S\u00e1ndor: \u00d6rm\u00e9nyek Mv.-en 1848 el\u0151tt=Pusk\u00e1s-Sz\u00e1sz \u00c1v\u00e9d<\/br><\/p>\n","protected":false},"excerpt":{"rendered":"<p>1770. szept. 7., \u2020 1840. nov. 25: ?. \u2013 Emanuel \u00e9s Khel M\u00e1ria fia. Feles\u00e9ge Is\u00e1k Katalin. Gyermekei: M\u00e1rton (1801m\u00e1j. 22. \u2013 1836. aug. 1), Katalin (1802. nov. 7\u2013), Bogd\u00e1n (1804\u2013), Adeod\u00e1t (1811. m\u00e1j. 5\u20131880. \u00e1pr. 12), Rebeka (1813. okt. 18\u20131851. szept. 24); Antal (1815. nov. 30\u2013), Imre (1818. szept. 20\u20131906), J\u00e1nos (1821. nov. 1). [&hellip;]<\/p>\n","protected":false},"featured_media":0,"comment_status":"open","ping_status":"closed","template":"","meta":[],"product_brand":[],"product_cat":[137],"product_tag":[],"class_list":{"0":"post-10477","1":"product","2":"type-product","3":"status-publish","5":"product_cat-maros-megyei-eletrajzi-lexikon","7":"first","8":"instock","9":"shipping-taxable","10":"product-type-simple"},"_links":{"self":[{"href":"https:\/\/uj.adatbank.ro\/lexikon\/wp-json\/wp\/v2\/product\/10477","targetHints":{"allow":["GET"]}}],"collection":[{"href":"https:\/\/uj.adatbank.ro\/lexikon\/wp-json\/wp\/v2\/product"}],"about":[{"href":"https:\/\/uj.adatbank.ro\/lexikon\/wp-json\/wp\/v2\/types\/product"}],"replies":[{"embeddable":true,"href":"https:\/\/uj.adatbank.ro\/lexikon\/wp-json\/wp\/v2\/comments?post=10477"}],"wp:attachment":[{"href":"https:\/\/uj.adatbank.ro\/lexikon\/wp-json\/wp\/v2\/media?parent=10477"}],"wp:term":[{"taxonomy":"product_brand","embeddable":true,"href":"https:\/\/uj.adatbank.ro\/lexikon\/wp-json\/wp\/v2\/product_brand?post=10477"},{"taxonomy":"product_cat","embeddable":true,"href":"https:\/\/uj.adatbank.ro\/lexikon\/wp-json\/wp\/v2\/product_cat?post=10477"},{"taxonomy":"product_tag","embeddable":true,"href":"https:\/\/uj.adatbank.ro\/lexikon\/wp-json\/wp\/v2\/product_tag?post=10477"}],"curies":[{"name":"wp","href":"https:\/\/api.w.org\/{rel}","templated":true}]}}