{"id":10479,"date":"2025-06-29T13:21:27","date_gmt":"2025-06-29T11:21:27","guid":{"rendered":"https:\/\/uj.adatbank.ro\/lexikon\/termek\/issekutz-antal\/"},"modified":"2025-06-29T13:21:27","modified_gmt":"2025-06-29T11:21:27","slug":"issekutz-antal","status":"publish","type":"product","link":"https:\/\/uj.adatbank.ro\/lexikon\/termek\/issekutz-antal\/","title":{"rendered":"ISSEKUTZ Antal"},"content":{"rendered":"<p>Mv., 1815. nov. 30., \u2020 Erzs\u00e9betv\u00e1ros, 1884. aug. 3.: jog\u00e1sz dr., okl. m\u00e9rn\u00f6k, \u00fcgyv\u00e9d, megyei t\u00f6rv\u00e9nysz\u00e9ki \u00fcln\u00f6k. \u2013 Feles\u00e9ge: Medgyesi Rebeka (1821-Erzs\u00e9betv\u00e1ros, 1895. j\u00fan. 16.). Gyermekeik: Gyula Jen\u0151 (1853\u20131917), Viktor (1855\u20131917), Oszk\u00e1r a gy\u00f3gyszer\u00e9sz (1859.? \u2013 Erzs\u00e9betv\u00e1ros, 1881. \u00e1pr. 17.) <br \/><strong>Irod.:<\/strong> Gudenus: \u00d6rm\u00e9ny csal\u00e1dok; Gy\u00e1szjelent\u0151; P\u00e9ter H. M. 2013<\/br><\/p>\n","protected":false},"excerpt":{"rendered":"<p>Mv., 1815. nov. 30., \u2020 Erzs\u00e9betv\u00e1ros, 1884. aug. 3.: jog\u00e1sz dr., okl. m\u00e9rn\u00f6k, \u00fcgyv\u00e9d, megyei t\u00f6rv\u00e9nysz\u00e9ki \u00fcln\u00f6k. \u2013 Feles\u00e9ge: Medgyesi Rebeka (1821-Erzs\u00e9betv\u00e1ros, 1895. j\u00fan. 16.). Gyermekeik: Gyula Jen\u0151 (1853\u20131917), Viktor (1855\u20131917), Oszk\u00e1r a gy\u00f3gyszer\u00e9sz (1859.? \u2013 Erzs\u00e9betv\u00e1ros, 1881. \u00e1pr. 17.) Irod.: Gudenus: \u00d6rm\u00e9ny csal\u00e1dok; Gy\u00e1szjelent\u0151; P\u00e9ter H. M. 2013<\/p>\n","protected":false},"featured_media":0,"comment_status":"open","ping_status":"closed","template":"","meta":[],"product_brand":[],"product_cat":[137],"product_tag":[],"class_list":{"0":"post-10479","1":"product","2":"type-product","3":"status-publish","5":"product_cat-maros-megyei-eletrajzi-lexikon","7":"first","8":"instock","9":"shipping-taxable","10":"product-type-simple"},"_links":{"self":[{"href":"https:\/\/uj.adatbank.ro\/lexikon\/wp-json\/wp\/v2\/product\/10479","targetHints":{"allow":["GET"]}}],"collection":[{"href":"https:\/\/uj.adatbank.ro\/lexikon\/wp-json\/wp\/v2\/product"}],"about":[{"href":"https:\/\/uj.adatbank.ro\/lexikon\/wp-json\/wp\/v2\/types\/product"}],"replies":[{"embeddable":true,"href":"https:\/\/uj.adatbank.ro\/lexikon\/wp-json\/wp\/v2\/comments?post=10479"}],"wp:attachment":[{"href":"https:\/\/uj.adatbank.ro\/lexikon\/wp-json\/wp\/v2\/media?parent=10479"}],"wp:term":[{"taxonomy":"product_brand","embeddable":true,"href":"https:\/\/uj.adatbank.ro\/lexikon\/wp-json\/wp\/v2\/product_brand?post=10479"},{"taxonomy":"product_cat","embeddable":true,"href":"https:\/\/uj.adatbank.ro\/lexikon\/wp-json\/wp\/v2\/product_cat?post=10479"},{"taxonomy":"product_tag","embeddable":true,"href":"https:\/\/uj.adatbank.ro\/lexikon\/wp-json\/wp\/v2\/product_tag?post=10479"}],"curies":[{"name":"wp","href":"https:\/\/api.w.org\/{rel}","templated":true}]}}