{"id":10480,"date":"2025-06-29T13:21:30","date_gmt":"2025-06-29T11:21:30","guid":{"rendered":"https:\/\/uj.adatbank.ro\/lexikon\/termek\/issekutz-antal-2\/"},"modified":"2025-06-29T13:21:30","modified_gmt":"2025-06-29T11:21:30","slug":"issekutz-antal-2","status":"publish","type":"product","link":"https:\/\/uj.adatbank.ro\/lexikon\/termek\/issekutz-antal-2\/","title":{"rendered":"ISSEKUTZ Antal"},"content":{"rendered":"<p>Nagyernye, 1898., \u2020\u00a0?: ad\u00f3\u00fcgyi jegyz\u0151, gazd\u00e1lkod\u00f3. \u2013 Iskol\u00e1i elv\u00e9gz\u00e9se ut\u00e1n a k\u00f6zigazgat\u00e1si p\u00e1ly\u00e1ra l\u00e9pett. Sz\u00e9kelyk\u00e1lban k\u00f6zs\u00e9gi tisztvisel\u0151, ad\u00f3\u00fcgyi jegyz\u0151j (1940\u2013). Az I. vh. -ban a 62. gy. e. -ben az orosz \u00e9s az olasz fronton harcolt, a II. o. ez\u00fcst, bronz v. \u00e9. -rem \u00e9s a K\u00e1roly Csapatkereszt tulajdonosa. K\u00e9tszer is \u00e1llt hadb\u00edr\u00f3s\u00e1g el\u0151tt. <br \/><strong>Irod.:<\/strong> Sz\u00e9kelyf\u00f6ld \u00ed. k.<\/br><\/p>\n","protected":false},"excerpt":{"rendered":"<p>Nagyernye, 1898., \u2020\u00a0?: ad\u00f3\u00fcgyi jegyz\u0151, gazd\u00e1lkod\u00f3. \u2013 Iskol\u00e1i elv\u00e9gz\u00e9se ut\u00e1n a k\u00f6zigazgat\u00e1si p\u00e1ly\u00e1ra l\u00e9pett. Sz\u00e9kelyk\u00e1lban k\u00f6zs\u00e9gi tisztvisel\u0151, ad\u00f3\u00fcgyi jegyz\u0151j (1940\u2013). Az I. vh. -ban a 62. gy. e. -ben az orosz \u00e9s az olasz fronton harcolt, a II. o. ez\u00fcst, bronz v. \u00e9. -rem \u00e9s a K\u00e1roly Csapatkereszt tulajdonosa. K\u00e9tszer is \u00e1llt hadb\u00edr\u00f3s\u00e1g el\u0151tt. Irod.: [&hellip;]<\/p>\n","protected":false},"featured_media":0,"comment_status":"open","ping_status":"closed","template":"","meta":[],"product_brand":[],"product_cat":[137],"product_tag":[],"class_list":{"0":"post-10480","1":"product","2":"type-product","3":"status-publish","5":"product_cat-maros-megyei-eletrajzi-lexikon","7":"first","8":"instock","9":"shipping-taxable","10":"product-type-simple"},"_links":{"self":[{"href":"https:\/\/uj.adatbank.ro\/lexikon\/wp-json\/wp\/v2\/product\/10480","targetHints":{"allow":["GET"]}}],"collection":[{"href":"https:\/\/uj.adatbank.ro\/lexikon\/wp-json\/wp\/v2\/product"}],"about":[{"href":"https:\/\/uj.adatbank.ro\/lexikon\/wp-json\/wp\/v2\/types\/product"}],"replies":[{"embeddable":true,"href":"https:\/\/uj.adatbank.ro\/lexikon\/wp-json\/wp\/v2\/comments?post=10480"}],"wp:attachment":[{"href":"https:\/\/uj.adatbank.ro\/lexikon\/wp-json\/wp\/v2\/media?parent=10480"}],"wp:term":[{"taxonomy":"product_brand","embeddable":true,"href":"https:\/\/uj.adatbank.ro\/lexikon\/wp-json\/wp\/v2\/product_brand?post=10480"},{"taxonomy":"product_cat","embeddable":true,"href":"https:\/\/uj.adatbank.ro\/lexikon\/wp-json\/wp\/v2\/product_cat?post=10480"},{"taxonomy":"product_tag","embeddable":true,"href":"https:\/\/uj.adatbank.ro\/lexikon\/wp-json\/wp\/v2\/product_tag?post=10480"}],"curies":[{"name":"wp","href":"https:\/\/api.w.org\/{rel}","templated":true}]}}