{"id":10483,"date":"2025-06-29T13:21:36","date_gmt":"2025-06-29T11:21:36","guid":{"rendered":"https:\/\/uj.adatbank.ro\/lexikon\/termek\/issekutz-gergely\/"},"modified":"2025-06-29T13:21:36","modified_gmt":"2025-06-29T11:21:36","slug":"issekutz-gergely","status":"publish","type":"product","link":"https:\/\/uj.adatbank.ro\/lexikon\/termek\/issekutz-gergely\/","title":{"rendered":"ISSEKUTZ Gergely"},"content":{"rendered":"<p>?, \u2020\u00a0?: rend\u0151r. \u2013 Mv.-en ker\u00fcleti rend\u0151rkapit\u00e1ny (1900 k.), koll\u00e9g\u00e1ja Osv\u00e1th B\u00e9la volt.?: Bern\u00e1dy<\/br><\/p>\n","protected":false},"excerpt":{"rendered":"<p>?, \u2020\u00a0?: rend\u0151r. \u2013 Mv.-en ker\u00fcleti rend\u0151rkapit\u00e1ny (1900 k.), koll\u00e9g\u00e1ja Osv\u00e1th B\u00e9la volt.?: Bern\u00e1dy<\/p>\n","protected":false},"featured_media":0,"comment_status":"open","ping_status":"closed","template":"","meta":[],"product_brand":[],"product_cat":[137],"product_tag":[],"class_list":{"0":"post-10483","1":"product","2":"type-product","3":"status-publish","5":"product_cat-maros-megyei-eletrajzi-lexikon","7":"first","8":"instock","9":"shipping-taxable","10":"product-type-simple"},"_links":{"self":[{"href":"https:\/\/uj.adatbank.ro\/lexikon\/wp-json\/wp\/v2\/product\/10483","targetHints":{"allow":["GET"]}}],"collection":[{"href":"https:\/\/uj.adatbank.ro\/lexikon\/wp-json\/wp\/v2\/product"}],"about":[{"href":"https:\/\/uj.adatbank.ro\/lexikon\/wp-json\/wp\/v2\/types\/product"}],"replies":[{"embeddable":true,"href":"https:\/\/uj.adatbank.ro\/lexikon\/wp-json\/wp\/v2\/comments?post=10483"}],"wp:attachment":[{"href":"https:\/\/uj.adatbank.ro\/lexikon\/wp-json\/wp\/v2\/media?parent=10483"}],"wp:term":[{"taxonomy":"product_brand","embeddable":true,"href":"https:\/\/uj.adatbank.ro\/lexikon\/wp-json\/wp\/v2\/product_brand?post=10483"},{"taxonomy":"product_cat","embeddable":true,"href":"https:\/\/uj.adatbank.ro\/lexikon\/wp-json\/wp\/v2\/product_cat?post=10483"},{"taxonomy":"product_tag","embeddable":true,"href":"https:\/\/uj.adatbank.ro\/lexikon\/wp-json\/wp\/v2\/product_tag?post=10483"}],"curies":[{"name":"wp","href":"https:\/\/api.w.org\/{rel}","templated":true}]}}