{"id":10485,"date":"2025-06-29T13:21:41","date_gmt":"2025-06-29T11:21:41","guid":{"rendered":"https:\/\/uj.adatbank.ro\/lexikon\/termek\/issekutz-imre\/"},"modified":"2025-06-29T13:21:41","modified_gmt":"2025-06-29T11:21:41","slug":"issekutz-imre","status":"publish","type":"product","link":"https:\/\/uj.adatbank.ro\/lexikon\/termek\/issekutz-imre\/","title":{"rendered":"ISSEKUTZ Imre"},"content":{"rendered":"<p>1818., \u2020 Mv., 1906. febr. 26.: keresked\u0151. \u2013 Feles\u00e9ge: Verz\u00e1r Anna. Gyermekeik: Irma Kozma Albertn\u00e9; Em\u00e1nuel, Istv\u00e1n orvostanhallgat\u00f3 (1858.? \u2013Mv., 1879. m\u00e1rc. 7.) \u00e9s Katinka. \u2013 1848\u201349-es honv\u00e9d. A sz\u00e9kelyudvarhelyi ipartanoda fel\u00e1ll\u00edt\u00e1s\u00e1ra sz\u00e1nt t\u0151k\u00e9b\u0151l magas kamatra k\u00f6lcs\u00f6nt vett fel, cser\u00e9be lek\u00f6t\u00f6tte egyik v\u00e1rosi telk\u00e9t garanciak\u00e9nt (1846). <br \/><strong>Irod.:<\/strong> Gudenus: \u00d6rm\u00e9ny csal\u00e1dok; Gy\u00e1szjelent\u0151; Id\u0151t\u00e1r 1<\/br><\/p>\n","protected":false},"excerpt":{"rendered":"<p>1818., \u2020 Mv., 1906. febr. 26.: keresked\u0151. \u2013 Feles\u00e9ge: Verz\u00e1r Anna. Gyermekeik: Irma Kozma Albertn\u00e9; Em\u00e1nuel, Istv\u00e1n orvostanhallgat\u00f3 (1858.? \u2013Mv., 1879. m\u00e1rc. 7.) \u00e9s Katinka. \u2013 1848\u201349-es honv\u00e9d. A sz\u00e9kelyudvarhelyi ipartanoda fel\u00e1ll\u00edt\u00e1s\u00e1ra sz\u00e1nt t\u0151k\u00e9b\u0151l magas kamatra k\u00f6lcs\u00f6nt vett fel, cser\u00e9be lek\u00f6t\u00f6tte egyik v\u00e1rosi telk\u00e9t garanciak\u00e9nt (1846). Irod.: Gudenus: \u00d6rm\u00e9ny csal\u00e1dok; Gy\u00e1szjelent\u0151; Id\u0151t\u00e1r 1<\/p>\n","protected":false},"featured_media":0,"comment_status":"open","ping_status":"closed","template":"","meta":[],"product_brand":[],"product_cat":[137],"product_tag":[],"class_list":{"0":"post-10485","1":"product","2":"type-product","3":"status-publish","5":"product_cat-maros-megyei-eletrajzi-lexikon","7":"first","8":"instock","9":"shipping-taxable","10":"product-type-simple"},"_links":{"self":[{"href":"https:\/\/uj.adatbank.ro\/lexikon\/wp-json\/wp\/v2\/product\/10485","targetHints":{"allow":["GET"]}}],"collection":[{"href":"https:\/\/uj.adatbank.ro\/lexikon\/wp-json\/wp\/v2\/product"}],"about":[{"href":"https:\/\/uj.adatbank.ro\/lexikon\/wp-json\/wp\/v2\/types\/product"}],"replies":[{"embeddable":true,"href":"https:\/\/uj.adatbank.ro\/lexikon\/wp-json\/wp\/v2\/comments?post=10485"}],"wp:attachment":[{"href":"https:\/\/uj.adatbank.ro\/lexikon\/wp-json\/wp\/v2\/media?parent=10485"}],"wp:term":[{"taxonomy":"product_brand","embeddable":true,"href":"https:\/\/uj.adatbank.ro\/lexikon\/wp-json\/wp\/v2\/product_brand?post=10485"},{"taxonomy":"product_cat","embeddable":true,"href":"https:\/\/uj.adatbank.ro\/lexikon\/wp-json\/wp\/v2\/product_cat?post=10485"},{"taxonomy":"product_tag","embeddable":true,"href":"https:\/\/uj.adatbank.ro\/lexikon\/wp-json\/wp\/v2\/product_tag?post=10485"}],"curies":[{"name":"wp","href":"https:\/\/api.w.org\/{rel}","templated":true}]}}